{"id":7780,"date":"2025-03-27T01:10:01","date_gmt":"2025-03-27T01:10:01","guid":{"rendered":"https:\/\/www.keysdash.com\/?post_type=product&#038;p=7780"},"modified":"2025-03-27T01:10:02","modified_gmt":"2025-03-27T01:10:02","slug":"microsoft-office-2016-home-student","status":"publish","type":"product","link":"https:\/\/www.keysdash.com\/de\/produkt\/microsoft-office-2016-home-student\/","title":{"rendered":"Microsoft Office 2016 Home &amp; Student"},"content":{"rendered":"<p>Die neueste Version der branchenf\u00fchrenden Office-Suite Microsoft Office 2016 bietet zahlreiche Tools f\u00fcr effizienteres und effektiveres Arbeiten. Mit Word, Excel, PowerPoint, OneNote, Outlook, Publisher und Access haben Sie alles, was Sie zum Erstellen professioneller Dokumente, Pr\u00e4sentationen und Tabellen sowie zur Verwaltung Ihrer E-Mails und Termine ben\u00f6tigen.<\/p>\n<p>Zu den neuen Funktionen von Office 2016 geh\u00f6ren eine optimierte Ribbon-Oberfl\u00e4che, verbesserte Tools f\u00fcr die Zusammenarbeit und eine verbesserte Datenvisualisierung in Excel. Dank der OneDrive-Integration k\u00f6nnen Sie au\u00dferdem von \u00fcberall auf Ihre Dokumente zugreifen und Office mit Office Mobile auf Ihrem Mobilger\u00e4t nutzen.<\/p>\n<p>Aktualisieren Sie noch heute auf Office 2016 und steigern Sie Ihre Produktivit\u00e4t auf die n\u00e4chste Stufe.<\/p>\n<p>In Office 2016 enthaltene Tools:<\/p>\n<ul>\n<li>Word: Ein leistungsstarkes Textverarbeitungsprogramm, mit dem sich ganz einfach professionell aussehende Dokumente erstellen lassen.<\/li>\n<li>Excel: Eine Tabellenkalkulationsanwendung, mit der Sie Daten organisieren und analysieren, Diagramme und Grafiken erstellen und Berechnungen durchf\u00fchren k\u00f6nnen.<\/li>\n<li>PowerPoint: Ein Pr\u00e4sentationstool, mit dem Sie dynamische, visuell beeindruckende Pr\u00e4sentationen erstellen k\u00f6nnen.<\/li>\n<li>OneNote: Ein digitales Notizbuch, mit dem Sie Notizen machen, Informationen organisieren und mit anderen zusammenarbeiten k\u00f6nnen.<\/li>\n<li>Outlook: Eine E-Mail- und Kalenderanwendung, die Ihnen bei der Verwaltung Ihrer Kommunikation und Ihres Zeitplans hilft.<\/li>\n<li>Publisher: Eine Desktop-Publishing-Anwendung, mit der sich ganz einfach professionell aussehende Brosch\u00fcren, Flyer und andere Marketingmaterialien erstellen lassen.<\/li>\n<li>Access: Eine Datenbankanwendung, mit der Sie Datenbanken und Berichte erstellen und verwalten k\u00f6nnen.<\/li>\n<\/ul>\n<p>Neue Funktionen in Office 2016:<\/p>\n<ul>\n<li>Optimierte Ribbon-Oberfl\u00e4che: Die Ribbon-Oberfl\u00e4che, also die Symbolleiste oben in den Office-Anwendungen, wurde optimiert, um das Auffinden und Verwenden der ben\u00f6tigten Tools zu erleichtern.<\/li>\n<li>Verbesserte Tools f\u00fcr die Zusammenarbeit: Office 2016 enth\u00e4lt neue Tools, die die Zusammenarbeit an Dokumenten mit anderen in Echtzeit erleichtern, z. B. die gemeinsame Dokumenterstellung in Word und Excel sowie die M\u00f6glichkeit, OneNote-Notizb\u00fccher gemeinsam mit anderen zu nutzen und daran zu arbeiten.<\/li>\n<li>Verbesserte Datenvisualisierung in Excel: Excel 2016 enth\u00e4lt neue Diagrammtypen und Datenanalysetools, die es einfacher machen, Daten in Erkenntnisse umzuwandeln.<\/li>\n<li>OneDrive-Integration: Mit Office 2016 k\u00f6nnen Sie Ihre Dokumente auf OneDrive, dem Cloud-Speicherdienst von Microsoft, speichern, sodass Sie von \u00fcberall darauf zugreifen und gemeinsam mit anderen daran arbeiten k\u00f6nnen.<\/li>\n<li>Office Mobile: Office 2016 erm\u00f6glicht Ihnen die Nutzung von Office auf Ihrem Mobilger\u00e4t mit Office Mobile, sodass Sie auch unterwegs arbeiten k\u00f6nnen.<\/li>\n<\/ul>\n<p>Warum auf Office 2016 upgraden: Wenn Sie derzeit eine \u00e4ltere Office-Version verwenden, ist ein Upgrade auf Office 2016 eine kluge Entscheidung. Sie erhalten nicht nur Zugriff auf alle neuen Funktionen und Tools, sondern k\u00f6nnen auch mit den neuesten Dateiformaten arbeiten. Das gew\u00e4hrleistet die Kompatibilit\u00e4t mit anderen Office 2016-Benutzern. Office 2016 ist au\u00dferdem vollst\u00e4ndig kompatibel mit Windows 10, der neuesten Version des Windows-Betriebssystems. Und wenn Sie Office auf dem Mac verwenden, wird Office 2016 auch auf dem neuesten macOS vollst\u00e4ndig unterst\u00fctzt. Aktualisieren Sie noch heute auf Office 2016 und steigern Sie Ihre Produktivit\u00e4t. Mit den neuesten Tools und Funktionen arbeiten Sie effizienter und effektiver und erledigen mehr in k\u00fcrzerer Zeit.<\/p>","protected":false},"excerpt":{"rendered":"<details >\n<summary>Lieferzeit<\/summary>\n<div class=\"cg-accordion-item\">\nDas Produkt wird digital geliefert. Sie erhalten eine digitale Kopie und kein physisches Produkt. Die voraussichtliche Lieferzeit betr\u00e4gt 5 Minuten. Das bedeutet, dass die Lieferung voraussichtlich innerhalb von 5 Minuten nach dem Kauf erfolgt.\n<\/div>\n<\/details>\n<details >\n<summary>Ger\u00e4tenutzung<\/summary>\n<div class=\"cg-accordion-item\">\n<p>Das Produkt ist f\u00fcr eine Einzelinstallation lizenziert. Sie k\u00f6nnen es nur auf einem Ger\u00e4t installieren. Eine Installation auf mehreren Ger\u00e4ten oder die \u00dcbertragung der Lizenz auf ein anderes Ger\u00e4t ist m\u00f6glicherweise nicht m\u00f6glich.<\/p>\n<\/div>\n<\/details>\n<details >\n<summary>REGIONALE VERF\u00dcGBARKEIT<\/summary>\n<div class=\"cg-accordion-item\">\n<p>Weltweite Aktivierung, keine regionalen Einschr\u00e4nkungen, zertifizierte PCI DSS-Konformit\u00e4t der Stufe 1<\/p>\n<\/div>\n<\/details>","protected":false},"featured_media":7406,"comment_status":"open","ping_status":"closed","template":"","meta":[],"product_brand":[],"product_cat":[51],"product_tag":[54,55],"class_list":{"0":"post-7780","1":"product","2":"type-product","3":"status-publish","4":"has-post-thumbnail","6":"product_cat-office","7":"product_tag-mac-os","8":"product_tag-windows","10":"first","11":"instock","12":"sale","13":"shipping-taxable","14":"purchasable","15":"product-type-simple"},"_links":{"self":[{"href":"https:\/\/www.keysdash.com\/de\/wp-json\/wp\/v2\/product\/7780","targetHints":{"allow":["GET"]}}],"collection":[{"href":"https:\/\/www.keysdash.com\/de\/wp-json\/wp\/v2\/product"}],"about":[{"href":"https:\/\/www.keysdash.com\/de\/wp-json\/wp\/v2\/types\/product"}],"replies":[{"embeddable":true,"href":"https:\/\/www.keysdash.com\/de\/wp-json\/wp\/v2\/comments?post=7780"}],"version-history":[{"count":0,"href":"https:\/\/www.keysdash.com\/de\/wp-json\/wp\/v2\/product\/7780\/revisions"}],"wp:featuredmedia":[{"embeddable":true,"href":"https:\/\/www.keysdash.com\/de\/wp-json\/wp\/v2\/media\/7406"}],"wp:attachment":[{"href":"https:\/\/www.keysdash.com\/de\/wp-json\/wp\/v2\/media?parent=7780"}],"wp:term":[{"taxonomy":"product_brand","embeddable":true,"href":"https:\/\/www.keysdash.com\/de\/wp-json\/wp\/v2\/product_brand?post=7780"},{"taxonomy":"product_cat","embeddable":true,"href":"https:\/\/www.keysdash.com\/de\/wp-json\/wp\/v2\/product_cat?post=7780"},{"taxonomy":"product_tag","embeddable":true,"href":"https:\/\/www.keysdash.com\/de\/wp-json\/wp\/v2\/product_tag?post=7780"}],"curies":[{"name":"wp","href":"https:\/\/api.w.org\/{rel}","templated":true}]}}