{"id":7787,"date":"2025-03-27T01:10:01","date_gmt":"2025-03-27T01:10:01","guid":{"rendered":"https:\/\/www.keysdash.com\/?post_type=product&#038;p=7787"},"modified":"2025-03-27T01:10:03","modified_gmt":"2025-03-27T01:10:03","slug":"microsoft-office-2021-professional-plus","status":"publish","type":"product","link":"https:\/\/www.keysdash.com\/de\/produkt\/microsoft-office-2021-professional-plus\/","title":{"rendered":"Microsoft Office 2021 Professional Plus"},"content":{"rendered":"<link rel=\"stylesheet\" href=\"..\/..\/..\/wp-content\/uploads\/product-description\/o2021\/snipped.css\">\n<section id=\"brxe-rnplvt\" class=\"brxe-section snipcss-QFzq3\">\n<div id=\"brxe-msmpnz\" class=\"brxe-container\">\n<div id=\"brxe-kvyqiw\" class=\"brxe-block brx-grid\">\n<div id=\"brxe-ocwdzy\" class=\"brxe-block\">\n<h2 class=\"brxe-heading\">Ihr modernisiertes B\u00fcro<\/h2>\n<div id=\"brxe-bwlxgz\" class=\"brxe-text-basic\">Erstellen Sie Inhalte, bleiben Sie organisiert und arbeiten Sie mit aktualisierten Versionen von Word, Excel, PowerPoint und anderen Apps in Office 2021 zusammen.<\/div>\n<\/p><\/div>\n<p><img loading=\"lazy\" width=\"1475\" height=\"768\" src=\"..\/..\/..\/wp-content\/uploads\/product-description\/o2021\/images\/RWMfGj.jpg.webp\" class=\"brxe-image css-filter size-full\" alt=\"\" decoding=\"async\" id=\"brxe-mcqjaf\" srcset=\"..\/..\/..\/wp-content\/uploads\/product-description\/o2021\/images\/RWMfGj.jpg.webp 1475w,  ..\/..\/..\/wp-content\/uploads\/product-description\/o2021\/images\/RWMfGj.jpg.webp 600w,  ..\/..\/..\/wp-content\/uploads\/product-description\/o2021\/images\/RWMfGj.jpg.webp 300w,  ..\/..\/..\/wp-content\/uploads\/product-description\/o2021\/images\/RWMfGj.jpg.webp 1024w,  ..\/..\/..\/wp-content\/uploads\/product-description\/o2021\/images\/RWMfGj.jpg.webp 768w\" sizes=\"auto, (max-width: 1475px) 100vw, 1475px\">\n        <\/div>\n<h3 class=\"brxe-heading\">Sehen Sie, was in Office 2021 enthalten ist<\/h3>\n<div id=\"brxe-lziysh\" class=\"brxe-block brx-grid\">\n<div id=\"brxe-lyaqkj\" class=\"brxe-block\">\n<h2 class=\"brxe-heading\">Mit Zuversicht erstellen<\/h2>\n<div id=\"brxe-xkcark\" class=\"brxe-text-basic\">Erstellen Sie ansprechende Dokumente und Pr\u00e4sentationen mit neuer, moderner Optik und finden Sie dank verbesserter Navigations- und Suchfunktionen schnell, was Sie brauchen.<\/div>\n<\/p><\/div>\n<p><img loading=\"lazy\" width=\"1650\" height=\"1350\" src=\"..\/..\/..\/wp-content\/uploads\/product-description\/o2021\/images\/RWLSkd.jpg.webp\" class=\"brxe-image css-filter size-full\" alt=\"\" decoding=\"async\" id=\"brxe-hzoqim\" srcset=\"..\/..\/..\/wp-content\/uploads\/product-description\/o2021\/images\/RWLSkd.jpg.webp 1650w,  ..\/..\/..\/wp-content\/uploads\/product-description\/o2021\/images\/RWLSkd.jpg.webp 600w,  ..\/..\/..\/wp-content\/uploads\/product-description\/o2021\/images\/RWLSkd.jpg.webp 300w,  ..\/..\/..\/wp-content\/uploads\/product-description\/o2021\/images\/RWLSkd.jpg.webp 1024w,  ..\/..\/..\/wp-content\/uploads\/product-description\/o2021\/images\/RWLSkd.jpg.webp 768w,  ..\/..\/..\/wp-content\/uploads\/product-description\/o2021\/images\/RWLSkd.jpg.webp 1536w\" sizes=\"auto, (max-width: 1650px) 100vw, 1650px\">\n        <\/div>\n<div id=\"brxe-avltiy\" class=\"brxe-block brx-grid\">\n<div id=\"brxe-mrddxy\" class=\"brxe-block\">\n<h2 class=\"brxe-heading\">Organisieren Sie Ihre Arbeit und Ihr Leben<\/h2>\n<div id=\"brxe-yuykyw\" class=\"brxe-text-basic\">Erstellen Sie ansprechende Dokumente und Pr\u00e4sentationen mit neuer, moderner Optik und finden Sie dank verbesserter Navigations- und Suchfunktionen schnell, was Sie brauchen.<\/div>\n<\/p><\/div>\n<p><img loading=\"lazy\" width=\"1650\" height=\"1350\" src=\"..\/..\/..\/wp-content\/uploads\/product-description\/o2021\/images\/RWLA5H.jpg.webp\" class=\"brxe-image css-filter size-full\" alt=\"\" decoding=\"async\" id=\"brxe-vohsxr\" srcset=\"..\/..\/..\/wp-content\/uploads\/product-description\/o2021\/images\/RWLA5H.jpg.webp 1650w,  ..\/..\/..\/wp-content\/uploads\/product-description\/o2021\/images\/RWLA5H.jpg.webp 600w,  ..\/..\/..\/wp-content\/uploads\/product-description\/o2021\/images\/RWLA5H.jpg.webp 300w,  ..\/..\/..\/wp-content\/uploads\/product-description\/o2021\/images\/RWLA5H.jpg.webp 1024w,  ..\/..\/..\/wp-content\/uploads\/product-description\/o2021\/images\/RWLA5H.jpg.webp 768w,  ..\/..\/..\/wp-content\/uploads\/product-description\/o2021\/images\/RWLA5H.jpg.webp 1536w\" sizes=\"auto, (max-width: 1650px) 100vw, 1650px\">\n        <\/div>\n<div id=\"brxe-zoocnw\" class=\"brxe-block brx-grid\">\n<div id=\"brxe-bdhrpg\" class=\"brxe-block\">\n<h2 class=\"brxe-heading\">M\u00fcheloses Verfolgen und Organisieren<\/h2>\n<div id=\"brxe-zliksx\" class=\"brxe-text-basic\">Erstellen Sie schnell Tabellenkalkulationen mit weniger und robusteren Formeln, die sich bei Informations\u00e4nderungen aktualisieren. Finden Sie Daten schnell dank verbesserter Navigations- und Suchfunktionen.<\/div>\n<\/p><\/div>\n<p><img loading=\"lazy\" width=\"1650\" height=\"1350\" src=\"..\/..\/..\/wp-content\/uploads\/product-description\/o2021\/images\/RWLSkh.jpg.webp\" class=\"brxe-image css-filter size-full\" alt=\"\" decoding=\"async\" id=\"brxe-iqybqb\" srcset=\"..\/..\/..\/wp-content\/uploads\/product-description\/o2021\/images\/RWLSkh.jpg.webp 1650w,  ..\/..\/..\/wp-content\/uploads\/product-description\/o2021\/images\/RWLSkh.jpg.webp 600w,  ..\/..\/..\/wp-content\/uploads\/product-description\/o2021\/images\/RWLSkh.jpg.webp 300w,  ..\/..\/..\/wp-content\/uploads\/product-description\/o2021\/images\/RWLSkh.jpg.webp 1024w,  ..\/..\/..\/wp-content\/uploads\/product-description\/o2021\/images\/RWLSkh.jpg.webp 768w,  ..\/..\/..\/wp-content\/uploads\/product-description\/o2021\/images\/RWLSkh.jpg.webp 1536w\" sizes=\"auto, (max-width: 1650px) 100vw, 1650px\">\n        <\/div>\n<\/p><\/div>\n<\/section>","protected":false},"excerpt":{"rendered":"<p><strong>incompatible with MacOS<\/strong><\/p>\n<details >\n<summary>Lieferzeit<\/summary>\n<div class=\"cg-accordion-item\">\n<p>Das Produkt wird digital geliefert. Sie erhalten eine digitale Kopie und kein physisches Produkt. Die voraussichtliche Lieferzeit betr\u00e4gt 5 Minuten. Das bedeutet, dass die Lieferung voraussichtlich innerhalb von 5 Minuten nach dem Kauf erfolgt.\n<\/p><\/div>\n<\/details>\n<details >\n<summary>Ger\u00e4tenutzung<\/summary>\n<div class=\"cg-accordion-item\">\n<p>Das Produkt ist f\u00fcr eine Einzelinstallation lizenziert. Sie k\u00f6nnen es nur auf einem Ger\u00e4t installieren. Eine Installation auf mehreren Ger\u00e4ten oder die \u00dcbertragung der Lizenz auf ein anderes Ger\u00e4t ist m\u00f6glicherweise nicht m\u00f6glich.<\/p>\n<\/div>\n<\/details>\n<details >\n<summary>REGIONALE VERF\u00dcGBARKEIT<\/summary>\n<div class=\"cg-accordion-item\">\n<p>Weltweite Aktivierung, keine regionalen Einschr\u00e4nkungen, zertifizierte PCI DSS-Konformit\u00e4t der Stufe 1<\/p>\n<\/div>\n<\/details>","protected":false},"featured_media":7521,"comment_status":"closed","ping_status":"closed","template":"","meta":[],"product_brand":[],"product_cat":[51],"product_tag":[54,55],"class_list":{"0":"post-7787","1":"product","2":"type-product","3":"status-publish","4":"has-post-thumbnail","6":"product_cat-office","7":"product_tag-mac-os","8":"product_tag-windows","10":"first","11":"instock","12":"shipping-taxable","13":"purchasable","14":"product-type-simple"},"_links":{"self":[{"href":"https:\/\/www.keysdash.com\/de\/wp-json\/wp\/v2\/product\/7787","targetHints":{"allow":["GET"]}}],"collection":[{"href":"https:\/\/www.keysdash.com\/de\/wp-json\/wp\/v2\/product"}],"about":[{"href":"https:\/\/www.keysdash.com\/de\/wp-json\/wp\/v2\/types\/product"}],"replies":[{"embeddable":true,"href":"https:\/\/www.keysdash.com\/de\/wp-json\/wp\/v2\/comments?post=7787"}],"version-history":[{"count":0,"href":"https:\/\/www.keysdash.com\/de\/wp-json\/wp\/v2\/product\/7787\/revisions"}],"wp:featuredmedia":[{"embeddable":true,"href":"https:\/\/www.keysdash.com\/de\/wp-json\/wp\/v2\/media\/7521"}],"wp:attachment":[{"href":"https:\/\/www.keysdash.com\/de\/wp-json\/wp\/v2\/media?parent=7787"}],"wp:term":[{"taxonomy":"product_brand","embeddable":true,"href":"https:\/\/www.keysdash.com\/de\/wp-json\/wp\/v2\/product_brand?post=7787"},{"taxonomy":"product_cat","embeddable":true,"href":"https:\/\/www.keysdash.com\/de\/wp-json\/wp\/v2\/product_cat?post=7787"},{"taxonomy":"product_tag","embeddable":true,"href":"https:\/\/www.keysdash.com\/de\/wp-json\/wp\/v2\/product_tag?post=7787"}],"curies":[{"name":"wp","href":"https:\/\/api.w.org\/{rel}","templated":true}]}}