{"id":7790,"date":"2025-03-27T01:10:01","date_gmt":"2025-03-27T01:10:01","guid":{"rendered":"https:\/\/www.keysdash.com\/?post_type=product&#038;p=7790"},"modified":"2025-03-27T01:16:53","modified_gmt":"2025-03-27T01:16:53","slug":"microsoft-project-pro-2019","status":"publish","type":"product","link":"https:\/\/www.keysdash.com\/de\/produkt\/microsoft-project-pro-2019\/","title":{"rendered":"Microsoft Project Professional 2019"},"content":{"rendered":"<div id=\"brxe-prirlq\" class=\"brxe-container snipcss-lJRcj\">\n<h2 id=\"brxe-xwjmep\" class=\"brxe-heading\">Verbessern Sie die Projektauswahl und die p\u00fcnktliche Lieferung<\/h2>\n<div id=\"brxe-hkobtl\" class=\"brxe-text-basic\">Verwalten Sie Ihre Projekte effizienter mit den richtigen Zeitpl\u00e4nen, Budgets und Ressourcen.<\/div>\n<div id=\"brxe-btkdem\" class=\"brxe-block brx-grid\">\n<div id=\"brxe-bmrtyo\" class=\"brxe-icon-box\">\n<div class=\"icon\"><i class=\"ti-bar-chart\"><\/i><\/div>\n<div class=\"content\">\n<p id=\"style-5iE3M\" class=\"style-5iE3M\">Reduzieren Sie Ineffizienzen und Schulungszeiten mit automatisierten Planungstools<\/p>\n<\/p><\/div>\n<\/p><\/div>\n<div id=\"brxe-htrozx\" class=\"brxe-icon-box\">\n<div class=\"icon\"><i class=\"ti-calendar\"><\/i><\/div>\n<div class=\"content\">\n<p id=\"style-zCKUe\" class=\"style-zCKUe\">Verwalten Sie Ressourcen effektiv, um Projektteams aufzubauen<\/p>\n<\/p><\/div>\n<\/p><\/div>\n<div id=\"brxe-hnhpkz\" class=\"brxe-icon-box\">\n<div class=\"icon\"><i class=\"ti-clipboard\"><\/i><\/div>\n<div class=\"content\">\n<p id=\"style-8Eh7m\" class=\"style-8Eh7m\">Treffen Sie fundierte Entscheidungen mit integrierten Berichten<\/p>\n<\/p><\/div>\n<\/p><\/div>\n<\/p><\/div>\n<h2 class=\"brxe-heading\">Halten Sie Ihre Projekte organisiert und auf Kurs<\/h2>\n<div id=\"brxe-hriuou\" data-script-id=\"hriuou\" class=\"brxe-slider\">\n<div class=\"bricks-swiper-container swiper-initialized swiper-horizontal swiper-pointer-events swiper-backface-hidden\" data-script-args=\"{&quot;slidesPerView&quot;:1,&quot;slidesPerGroup&quot;:1,&quot;speed&quot;:300,&quot;effect&quot;:&quot;slide&quot;,&quot;spaceBetween&quot;:0,&quot;initialSlide&quot;:0,&quot;loop&quot;:true,&quot;centeredSlides&quot;:false,&quot;autoplay&quot;:{&quot;delay&quot;:3000,&quot;disableOnInteraction&quot;:false,&quot;pauseOnMouseEnter&quot;:true,&quot;stopOnLastSlide&quot;:false},&quot;navigation&quot;:true,&quot;pagination&quot;:true}\">\n<div class=\"swiper-wrapper style-TnvQU\" id=\"swiper-wrapper-2e1e7e4de8ebdba1\" aria-live=\"off\">\n<div class=\"repeater-item swiper-slide swiper-slide-duplicate swiper-slide-duplicate-next style-b7qrY\" data-swiper-slide-index=\"2\" role=\"group\" aria-label=\"3 \/ 3\" id=\"style-b7qrY\">\n<div class=\"slider-content\">\n<h3 class=\"title\">Bekannte Diagramme<\/h3>\n<div class=\"content\">\n<p id=\"style-LLz2d\" class=\"style-LLz2d\">Verwenden Sie bekannte Tools wie Gantt-Diagramme, um m\u00fchelos Zeitpl\u00e4ne zu erstellen und die Schulungszeit zu verk\u00fcrzen.<\/p>\n<\/p><\/div>\n<\/p><\/div>\n<div class=\"image css-filter style-5VNlN\" id=\"style-5VNlN\"><\/div>\n<\/p><\/div>\n<div class=\"repeater-item swiper-slide swiper-slide-prev style-kXisS\" data-swiper-slide-index=\"0\" role=\"group\" aria-label=\"1 \/ 3\" id=\"style-kXisS\">\n<div class=\"slider-content\">\n<h3 class=\"title\">Intuitive Basislinien<\/h3>\n<div class=\"content\">\n<p>Erm\u00f6glichen Sie Entscheidungstr\u00e4gern, den tats\u00e4chlichen Fortschritt zu verfolgen und mit dem urspr\u00fcnglichen Projektplan zu vergleichen.<\/p>\n<\/p><\/div>\n<\/p><\/div>\n<div class=\"image css-filter style-p6iPx\" id=\"style-p6iPx\"><\/div>\n<\/p><\/div>\n<div class=\"repeater-item swiper-slide swiper-slide-active style-kBHJ1\" data-swiper-slide-index=\"1\" role=\"group\" aria-label=\"2 \/ 3\" id=\"style-kBHJ1\">\n<div class=\"slider-content\">\n<h3 class=\"title\">Vorgefertigte Vorlagen<\/h3>\n<div class=\"content\">\n<p>Beginnen Sie ganz einfach mit einer der vielen vorgefertigten Vorlagen, die in Project Professional verf\u00fcgbar sind.<\/p>\n<\/p><\/div>\n<\/p><\/div>\n<div class=\"image css-filter style-3QxCg\" id=\"style-3QxCg\"><\/div>\n<\/p><\/div>\n<div class=\"repeater-item swiper-slide swiper-slide-next style-SsPKJ\" data-swiper-slide-index=\"2\" role=\"group\" aria-label=\"3 \/ 3\" id=\"style-SsPKJ\">\n<div class=\"slider-content\">\n<h3 class=\"title\">Bekannte Diagramme<\/h3>\n<div class=\"content\">\n<p id=\"style-VeNor\" class=\"style-VeNor\">Verwenden Sie bekannte Tools wie Gantt-Diagramme, um m\u00fchelos Zeitpl\u00e4ne zu erstellen und die Schulungszeit zu verk\u00fcrzen.<\/p>\n<\/p><\/div>\n<\/p><\/div>\n<div class=\"image css-filter style-X5Dsy\" id=\"style-X5Dsy\"><\/div>\n<\/p><\/div>\n<div class=\"repeater-item swiper-slide swiper-slide-duplicate swiper-slide-duplicate-prev style-94dcC\" data-swiper-slide-index=\"0\" role=\"group\" aria-label=\"1 \/ 3\" id=\"style-94dcC\">\n<div class=\"slider-content\">\n<h3 class=\"title\">Intuitive Basislinien<\/h3>\n<div class=\"content\">\n<p>Erm\u00f6glichen Sie Entscheidungstr\u00e4gern, den tats\u00e4chlichen Fortschritt zu verfolgen und mit dem urspr\u00fcnglichen Projektplan zu vergleichen.<\/p>\n<\/p><\/div>\n<\/p><\/div>\n<div class=\"image css-filter style-ES65M\" id=\"style-ES65M\"><\/div>\n<\/p><\/div>\n<\/p><\/div>\n<p><span class=\"swiper-notification\" aria-live=\"assertive\" aria-atomic=\"true\"><\/span>\n        <\/div>\n<div class=\"swiper-pagination swiper-pagination-clickable swiper-pagination-bullets swiper-pagination-horizontal\"><span class=\"swiper-pagination-bullet\" tabindex=\"0\" role=\"button\" aria-label=\"Gehe zu Folie 1\"><\/span><span class=\"swiper-pagination-bullet swiper-pagination-bullet-active\" tabindex=\"0\" role=\"button\" aria-label=\"Gehe zu Folie 2\" aria-current=\"true\"><\/span><span class=\"swiper-pagination-bullet\" tabindex=\"0\" role=\"button\" aria-label=\"Gehe zu Folie 3\"><\/span><\/div>\n<div class=\"swiper-button bricks-swiper-button-prev\" tabindex=\"0\" role=\"button\" aria-label=\"Vorherige Folie\" aria-controls=\"swiper-wrapper-2e1e7e4de8ebdba1\"><i class=\"ion-ios-arrow-back\"><\/i><\/div>\n<div class=\"swiper-button bricks-swiper-button-next\" tabindex=\"0\" role=\"button\" aria-label=\"N\u00e4chste Folie\" aria-controls=\"swiper-wrapper-2e1e7e4de8ebdba1\"><i class=\"ion-ios-arrow-forward\"><\/i><\/div>\n<\/p><\/div>\n<h2 class=\"brxe-heading\">Zus\u00e4tzliche Vorteile<\/h2>\n<div id=\"brxe-xlpdiz\" class=\"brxe-block brx-grid\">\n<div id=\"brxe-acihje\" class=\"brxe-block brx-grid\"><i id=\"brxe-poaszo\" class=\"brxe-icon ti-pencil-alt\"><\/i><\/p>\n<div class=\"brxe-block\">\n<h3 id=\"brxe-jhlqwg\" class=\"brxe-heading\">Informative Berichte<\/h3>\n<div class=\"brxe-text-basic\">Integrierte Berichte wie Burndown und Ressourcen\u00fcbersicht bieten den Beteiligten Einblicke, um bessere Ergebnisse zu erzielen.<\/div>\n<\/p><\/div>\n<\/p><\/div>\n<div id=\"brxe-jbyrsm\" class=\"brxe-block brx-grid\"><i id=\"brxe-syqcwb\" class=\"brxe-icon fas fa-business-time\"><\/i><\/p>\n<div class=\"brxe-block\">\n<h3 id=\"brxe-soppmr\" class=\"brxe-heading\">Arbeitszeitnachweise<\/h3>\n<div class=\"brxe-text-basic\">Senden Sie Stundennachweise, um die f\u00fcr Projektarbeit und andere Arbeiten aufgewendete Zeit f\u00fcr die Gehaltsabrechnung, Rechnungsstellung und mehr zu erfassen.<\/div>\n<\/p><\/div>\n<\/p><\/div>\n<div id=\"brxe-jpjrpd\" class=\"brxe-block brx-grid\"><i id=\"brxe-nrkvbu\" class=\"brxe-icon ti-bar-chart\"><\/i><\/p>\n<div class=\"brxe-block\">\n<h3 id=\"brxe-bdffvv\" class=\"brxe-heading\">Visualisieren von Beziehungen<\/h3>\n<div class=\"brxe-text-basic\">Durch die Hervorhebung des Aufgabenpfads in Gantt-Diagrammen k\u00f6nnen Sie die Beziehungen zwischen Aufgaben sichtbar machen.<\/div>\n<\/p><\/div>\n<\/p><\/div>\n<div id=\"brxe-zgubbk\" class=\"brxe-block brx-grid\"><i id=\"brxe-cqqhdy\" class=\"brxe-icon ion-ios-people\"><\/i><\/p>\n<div class=\"brxe-block\">\n<h3 id=\"brxe-vlczkw\" class=\"brxe-heading\">Zusammenarbeit<\/h3>\n<div class=\"brxe-text-basic\">Bewegen Sie den Mauszeiger \u00fcber die Namen der Teammitglieder in einem Projektplan, um deren Onlinepr\u00e4senz anzuzeigen und Chats oder Anrufe \u00fcber Microsoft Teams for Business (separat lizenziert) zu starten.<\/div>\n<\/p><\/div>\n<\/p><\/div>\n<\/p><\/div>\n<\/div>","protected":false},"excerpt":{"rendered":"<details >\n<summary>Lieferzeit<\/summary>\n<div class=\"cg-accordion-item\">\nDas Produkt wird digital geliefert. Sie erhalten eine digitale Kopie und kein physisches Produkt. Die voraussichtliche Lieferzeit betr\u00e4gt 5 Minuten. Das bedeutet, dass die Lieferung voraussichtlich innerhalb von 5 Minuten nach dem Kauf erfolgt.\n<\/div>\n<\/details>\n<details >\n<summary>Ger\u00e4tenutzung<\/summary>\n<div class=\"cg-accordion-item\">\n<p>Das Produkt ist f\u00fcr eine Einzelinstallation lizenziert. Sie k\u00f6nnen es nur auf einem Ger\u00e4t installieren. Eine Installation auf mehreren Ger\u00e4ten oder die \u00dcbertragung der Lizenz auf ein anderes Ger\u00e4t ist m\u00f6glicherweise nicht m\u00f6glich.<\/p>\n<\/div>\n<\/details>\n<details >\n<summary>REGIONALE VERF\u00dcGBARKEIT<\/summary>\n<div class=\"cg-accordion-item\">\n<p>Weltweite Aktivierung, keine regionalen Einschr\u00e4nkungen, zertifizierte PCI DSS-Konformit\u00e4t der Stufe 1<\/p>\n<\/div>\n<\/details>","protected":false},"featured_media":7535,"comment_status":"closed","ping_status":"closed","template":"","meta":[],"product_brand":[],"product_cat":[59],"product_tag":[57,58],"class_list":{"0":"post-7790","1":"product","2":"type-product","3":"status-publish","4":"has-post-thumbnail","6":"product_cat-project","7":"product_tag-apps","8":"product_tag-project","10":"first","11":"instock","12":"shipping-taxable","13":"purchasable","14":"product-type-simple"},"_links":{"self":[{"href":"https:\/\/www.keysdash.com\/de\/wp-json\/wp\/v2\/product\/7790","targetHints":{"allow":["GET"]}}],"collection":[{"href":"https:\/\/www.keysdash.com\/de\/wp-json\/wp\/v2\/product"}],"about":[{"href":"https:\/\/www.keysdash.com\/de\/wp-json\/wp\/v2\/types\/product"}],"replies":[{"embeddable":true,"href":"https:\/\/www.keysdash.com\/de\/wp-json\/wp\/v2\/comments?post=7790"}],"version-history":[{"count":0,"href":"https:\/\/www.keysdash.com\/de\/wp-json\/wp\/v2\/product\/7790\/revisions"}],"wp:featuredmedia":[{"embeddable":true,"href":"https:\/\/www.keysdash.com\/de\/wp-json\/wp\/v2\/media\/7535"}],"wp:attachment":[{"href":"https:\/\/www.keysdash.com\/de\/wp-json\/wp\/v2\/media?parent=7790"}],"wp:term":[{"taxonomy":"product_brand","embeddable":true,"href":"https:\/\/www.keysdash.com\/de\/wp-json\/wp\/v2\/product_brand?post=7790"},{"taxonomy":"product_cat","embeddable":true,"href":"https:\/\/www.keysdash.com\/de\/wp-json\/wp\/v2\/product_cat?post=7790"},{"taxonomy":"product_tag","embeddable":true,"href":"https:\/\/www.keysdash.com\/de\/wp-json\/wp\/v2\/product_tag?post=7790"}],"curies":[{"name":"wp","href":"https:\/\/api.w.org\/{rel}","templated":true}]}}