{"id":7800,"date":"2025-03-27T01:10:02","date_gmt":"2025-03-27T01:10:02","guid":{"rendered":"https:\/\/www.keysdash.com\/?post_type=product&#038;p=7800"},"modified":"2025-03-27T01:10:04","modified_gmt":"2025-03-27T01:10:04","slug":"auslogics-file-recovery-10-3-pc","status":"publish","type":"product","link":"https:\/\/www.keysdash.com\/de\/produkt\/auslogics-file-recovery-10-3-pc\/","title":{"rendered":"Auslogics Dateiwiederherstellung 10 \u2013 3 PC"},"content":{"rendered":"<p>File Recovery kann verloren geglaubte Dateien wiederherstellen. Es funktioniert mit Festplatten, USB-Speichern und Speicherkarten und stellt alle Dateitypen wieder her, sogar von verlorenen Partitionen. Kein Grund zur Panik, wenn Sie ein so leistungsstarkes Tool in Ihrem Arsenal haben.<\/p>","protected":false},"excerpt":{"rendered":"<details >\n<summary>LIEFERZEIT<\/summary>\n<div class=\"cg-accordion-item\"> Das Produkt wird digital geliefert. Sie erhalten eine digitale Kopie und kein physisches Produkt. Die voraussichtliche Lieferzeit betr\u00e4gt 5 Minuten. Das bedeutet, dass die Lieferung voraussichtlich innerhalb von 5 Minuten nach dem Kauf erfolgt. <\/div>\n<\/details>\n<details >\n<summary>Ger\u00e4tenutzung<\/summary>\n<div class=\"cg-accordion-item\"> Das Produkt ist f\u00fcr eine Einzelinstallation lizenziert. Sie k\u00f6nnen es nur auf einem Ger\u00e4t installieren. Eine Installation auf mehreren Ger\u00e4ten oder die \u00dcbertragung der Lizenz auf ein anderes Ger\u00e4t ist m\u00f6glicherweise nicht m\u00f6glich. <\/div>\n<\/details>\n<details >\n<summary>REGIONALE VERF\u00dcGBARKEIT<\/summary>\n<div class=\"cg-accordion-item\"> Weltweite Aktivierung, keine regionalen Einschr\u00e4nkungen, zertifizierte PCI DSS-Konformit\u00e4t der Stufe 1 <\/div>\n<\/details>","protected":false},"featured_media":7672,"comment_status":"closed","ping_status":"closed","template":"","meta":[],"product_brand":[],"product_cat":[63],"product_tag":[],"class_list":{"0":"post-7800","1":"product","2":"type-product","3":"status-publish","4":"has-post-thumbnail","6":"product_cat-auslogics","8":"first","9":"instock","10":"shipping-taxable","11":"purchasable","12":"product-type-simple"},"_links":{"self":[{"href":"https:\/\/www.keysdash.com\/de\/wp-json\/wp\/v2\/product\/7800","targetHints":{"allow":["GET"]}}],"collection":[{"href":"https:\/\/www.keysdash.com\/de\/wp-json\/wp\/v2\/product"}],"about":[{"href":"https:\/\/www.keysdash.com\/de\/wp-json\/wp\/v2\/types\/product"}],"replies":[{"embeddable":true,"href":"https:\/\/www.keysdash.com\/de\/wp-json\/wp\/v2\/comments?post=7800"}],"version-history":[{"count":0,"href":"https:\/\/www.keysdash.com\/de\/wp-json\/wp\/v2\/product\/7800\/revisions"}],"wp:featuredmedia":[{"embeddable":true,"href":"https:\/\/www.keysdash.com\/de\/wp-json\/wp\/v2\/media\/7672"}],"wp:attachment":[{"href":"https:\/\/www.keysdash.com\/de\/wp-json\/wp\/v2\/media?parent=7800"}],"wp:term":[{"taxonomy":"product_brand","embeddable":true,"href":"https:\/\/www.keysdash.com\/de\/wp-json\/wp\/v2\/product_brand?post=7800"},{"taxonomy":"product_cat","embeddable":true,"href":"https:\/\/www.keysdash.com\/de\/wp-json\/wp\/v2\/product_cat?post=7800"},{"taxonomy":"product_tag","embeddable":true,"href":"https:\/\/www.keysdash.com\/de\/wp-json\/wp\/v2\/product_tag?post=7800"}],"curies":[{"name":"wp","href":"https:\/\/api.w.org\/{rel}","templated":true}]}}