{"id":7801,"date":"2025-03-27T01:10:02","date_gmt":"2025-03-27T01:10:02","guid":{"rendered":"https:\/\/www.keysdash.com\/?post_type=product&#038;p=7801"},"modified":"2025-03-27T01:10:04","modified_gmt":"2025-03-27T01:10:04","slug":"auslogics-disk-defrag-ultimate-4-3-pc","status":"publish","type":"product","link":"https:\/\/www.keysdash.com\/de\/produkt\/auslogics-disk-defrag-ultimate-4-3-pc\/","title":{"rendered":"Auslogics Disk Defrag Ultimate 4 \u2013 3 PC"},"content":{"rendered":"<div class=\"b-works__text b-works__text-long b-works__text-right\">\n<div class=\"b-woks__description b-woks__description_solution\">Mit Disk Defrag Ultimate k\u00f6nnen Sie Dateien defragmentieren, auf die w\u00e4hrend des Systembetriebs nicht zugegriffen werden kann, und die Dateiplatzierung auf Ihrer Festplatte optimieren, um einen schnelleren Zugriff und einen effizienten Betrieb zu gew\u00e4hrleisten. Dank der verschiedenen Planungsoptionen k\u00f6nnen Sie problemlos eine konstant hohe Festplattengeschwindigkeit aufrechterhalten.<\/div>\n<\/div>","protected":false},"excerpt":{"rendered":"<details >\n<summary>LIEFERZEIT<\/summary>\n<div class=\"cg-accordion-item\"> Das Produkt wird digital geliefert. Sie erhalten eine digitale Kopie und kein physisches Produkt. Die voraussichtliche Lieferzeit betr\u00e4gt 5 Minuten. Das bedeutet, dass die Lieferung voraussichtlich innerhalb von 5 Minuten nach dem Kauf erfolgt. <\/div>\n<\/details>\n<details >\n<summary>Ger\u00e4tenutzung<\/summary>\n<div class=\"cg-accordion-item\"> Das Produkt ist f\u00fcr eine Einzelinstallation lizenziert. Sie k\u00f6nnen es nur auf einem Ger\u00e4t installieren. Eine Installation auf mehreren Ger\u00e4ten oder die \u00dcbertragung der Lizenz auf ein anderes Ger\u00e4t ist m\u00f6glicherweise nicht m\u00f6glich. <\/div>\n<\/details>\n<details >\n<summary>REGIONALE VERF\u00dcGBARKEIT<\/summary>\n<div class=\"cg-accordion-item\"> Weltweite Aktivierung, keine regionalen Einschr\u00e4nkungen, zertifizierte PCI DSS-Konformit\u00e4t der Stufe 1 <\/div>\n<\/details>","protected":false},"featured_media":7675,"comment_status":"closed","ping_status":"closed","template":"","meta":[],"product_brand":[],"product_cat":[63],"product_tag":[],"class_list":{"0":"post-7801","1":"product","2":"type-product","3":"status-publish","4":"has-post-thumbnail","6":"product_cat-auslogics","8":"first","9":"instock","10":"shipping-taxable","11":"purchasable","12":"product-type-simple"},"_links":{"self":[{"href":"https:\/\/www.keysdash.com\/de\/wp-json\/wp\/v2\/product\/7801","targetHints":{"allow":["GET"]}}],"collection":[{"href":"https:\/\/www.keysdash.com\/de\/wp-json\/wp\/v2\/product"}],"about":[{"href":"https:\/\/www.keysdash.com\/de\/wp-json\/wp\/v2\/types\/product"}],"replies":[{"embeddable":true,"href":"https:\/\/www.keysdash.com\/de\/wp-json\/wp\/v2\/comments?post=7801"}],"version-history":[{"count":0,"href":"https:\/\/www.keysdash.com\/de\/wp-json\/wp\/v2\/product\/7801\/revisions"}],"wp:featuredmedia":[{"embeddable":true,"href":"https:\/\/www.keysdash.com\/de\/wp-json\/wp\/v2\/media\/7675"}],"wp:attachment":[{"href":"https:\/\/www.keysdash.com\/de\/wp-json\/wp\/v2\/media?parent=7801"}],"wp:term":[{"taxonomy":"product_brand","embeddable":true,"href":"https:\/\/www.keysdash.com\/de\/wp-json\/wp\/v2\/product_brand?post=7801"},{"taxonomy":"product_cat","embeddable":true,"href":"https:\/\/www.keysdash.com\/de\/wp-json\/wp\/v2\/product_cat?post=7801"},{"taxonomy":"product_tag","embeddable":true,"href":"https:\/\/www.keysdash.com\/de\/wp-json\/wp\/v2\/product_tag?post=7801"}],"curies":[{"name":"wp","href":"https:\/\/api.w.org\/{rel}","templated":true}]}}