{"id":7804,"date":"2025-03-27T01:10:02","date_gmt":"2025-03-27T01:10:02","guid":{"rendered":"https:\/\/www.keysdash.com\/?post_type=product&#038;p=7804"},"modified":"2025-09-09T00:14:59","modified_gmt":"2025-09-09T00:14:59","slug":"adobe-creative-cloud-1-jahres-abonnement","status":"publish","type":"product","link":"https:\/\/www.keysdash.com\/de\/produkt\/adobe-creative-cloud-1-jahres-abonnement\/","title":{"rendered":"Adobe Creative Cloud (1-Jahres-Abonnement)"},"content":{"rendered":"<article class=\"a_plus_content\" style=\"font-family:Open Sans,Helvetica,Arial,sans-serif; color:#4d4d4d; line-height:1.36;\">\n<style>\n.a_plus_content * {\n    box-sizing: border-box;\n    margin: 0;\n    padding: 0;\n}\n.a_plus_content .logovc {\n    max-width: 100%;\n    height: 50px;\n    margin-left: 4%;\n    margin-top: 1em;\n    background: url(.\/images\/logo.png) no-repeat;\n}\n.a_plus_content .a_plus_module {\n    position: relative;\n    margin: 1em 0;\n    overflow: hidden;\n}\n.a_plus_content .section_head {\n    background-color: #efefef;\n    color: black;\n    margin-top: 1em;\n    text-align: center;\n    font-size: 1.5em;\n    font-weight: bold;\n    line-height: 1.5em;\n    padding: 5px;\n}\n.a_plus_content img {\n    display: block;\n    margin: 0 auto;\n    max-width: 100%;\n}\n.a_plus_content img.width_90 {\n    max-width: 92%;\n}\n.a_plus_content .a_plus_info {\n    padding: 0 4%;\n}\n.a_plus_content iframe {\n    width: 100%;\n    height: auto;\n    aspect-ratio: 16\/9;\n    border: none;\n}\n.a_plus_content .a_plus_column {\n    padding: 1em 0.5em;\n}\n.a_plus_content h3 {\n    font-weight: 700;\n    margin: 0 0 10px;\n    line-height: 1.5;\n    font-size: 16px;\n}\n.a_plus_content h3.title_1 {\n    color: black;\n    font-size: 1.5em;\n    font-weight: 700;\n    text-align: center;\n}\n.a_plus_content h3.title_2 {\n    color: black;\n    font-size: 1.1em;\n    font-weight: 500;\n    text-align: center;\n}\n.a_plus_content p {\n    font-size: 13px;\n    line-height: 1.4;\n    margin: 0.5em 0;\n    text-align: center;\n}\n.a_plus_content .three_columns, .a_plus_content .four_columns {\n    display: flex;\n    flex-wrap: wrap;\n    justify-content: center;\n}\n.a_plus_content .three_columns .a_plus_column {\n    flex: 1 1 calc(33.333% - 1em);\n    max-width: calc(33.333% - 1em);\n}\n.a_plus_content .four_columns .a_plus_column {\n    flex: 1 1 calc(25% - 1em);\n    max-width: calc(25% - 1em);\n}\n@media (max-width: 768px) {\n    .a_plus_content .three_columns .a_plus_column,\n    .a_plus_content .four_columns .a_plus_column {\n        flex: 1 1 100%;\n        max-width: 100%;\n    }\n}\n<\/style>\n<p><!-- Keep your full original content here, unchanged --><br \/>\n<!-- PASTE YOUR ORIGINAL HTML DESCRIPTION CONTENT INSIDE THIS ARTICLE --><\/p>\n<div class=\"logovc\"><\/div>\n<div class=\"a_plus_module\">\n        <img decoding=\"async\" class=\"width_90\" src=\"http:\/\/www.keysdash.com\/wp-content\/uploads\/product-description\/adobe\/images\/Creative_Cloud.jpg\" alt=\"Creative Cloud\"><\/p>\n<div class=\"a_plus_info\">\n<h3 class=\"title_1 center\"> Sparen Sie viel. Tr\u00e4umen Sie gr\u00f6\u00dfer. <\/h3>\n<p class=\"center\"> Wenn Vorstellungskraft und Innovation zusammenkommen, ist alles m\u00f6glich. <\/p>\n<p class=\"center\"> Creative Cloud bietet Ihnen die weltweit besten Apps und Services f\u00fcr Video, Design, Fotografie und Web. Integrierte Tutorials und Vorlagen erleichtern Ihnen den Einstieg. Egal, ob Sie Anf\u00e4nger oder Profi sind \u2013 Sie haben alles, was Sie brauchen, um Ihre Tr\u00e4ume in die Tat umzusetzen \u2013 ganz gleich, wo Sie inspiriert sind. <\/p>\n<\/p><\/div>\n<\/p><\/div>\n<div id=\"style-zzYog\" class=\"style-zzYog\">\n        <iframe width=\"100%\" src=\"https:\/\/www.youtube.com\/embed\/VTnDSbzktg0?mute=1&amp;enablejsapi=1&amp;origin=https%3A%2F%2Fwww.newegg.com\" frameborder=\"0\" allow=\"accelerometer; autoplay; encrypted-media; gyroscope; picture-in-picture\" allowfullscreen=\"\" data-gtm-yt-inspected-10635197_26=\"true\" id=\"643010725\" data-gtm-yt-inspected-9=\"true\" title=\"Adobe \u2013 Creative Cloud\" class=\"style-FkklD\"><br \/>\n        <\/iframe>\n    <\/div>\n<div class=\"section_head\">Bringen Sie Ihre besten Ideen \u00fcberall auf die Bildschirme.<\/div>\n<div class=\"a_plus_module\">\n<div class=\"a_plus_info\">\n<p class=\"center\"> Egal, ob Sie ein aufstrebender YouTuber oder Hollywood-Filmemacher sind \u2013 mit den Video- und Audio-Tools von Adobe k\u00f6nnen Sie Ihr Filmmaterial f\u00fcr Film, Fernsehen und das Internet optimieren. Bearbeiten Sie es auf Ihrem Smartphone oder Desktop. F\u00fcgen Sie Grafiken, Effekte und professionellen Ton hinzu. Animieren Sie praktisch alles. Alles funktioniert nahtlos in allen Apps und auf allen Ger\u00e4ten. <\/p>\n<\/p><\/div>\n<\/p><\/div>\n<div id=\"style-lpU1e\" class=\"style-lpU1e\">\n        <iframe width=\"100%\" src=\"https:\/\/www.youtube.com\/embed\/qQIl-zDmABI?mute=1&amp;enablejsapi=1&amp;origin=https%3A%2F%2Fwww.newegg.com\" frameborder=\"0\" allow=\"accelerometer; autoplay; encrypted-media; gyroscope; picture-in-picture\" allowfullscreen=\"\" data-gtm-yt-inspected-10635197_26=\"true\" id=\"465358825\" data-gtm-yt-inspected-9=\"true\" class=\"style-PLGsX\"><br \/>\n        <\/iframe>\n    <\/div>\n<div class=\"three_columns\">\n<div class=\"a_plus_column\">\n            <img decoding=\"async\" src=\"http:\/\/www.keysdash.com\/wp-content\/uploads\/product-description\/adobe\/images\/1a.png\" alt=\"image for this item\"><\/p>\n<div class=\"a_plus_info\">\n<h3 class=\"title_2 for_column\"> Premiere Pro <\/h3>\n<p class=\"center\"> Professionelle Video- und Filmbearbeitung nach Branchenstandard <\/p>\n<\/p><\/div>\n<\/p><\/div>\n<div class=\"a_plus_column\">\n            <img decoding=\"async\" src=\"http:\/\/www.keysdash.com\/wp-content\/uploads\/product-description\/adobe\/images\/1b.png\" alt=\"image for this item\"><\/p>\n<div class=\"a_plus_info\">\n<h3 class=\"title_2 for_column\"> Premiere Rush <\/h3>\n<p class=\"center\"> Erstellen und teilen Sie Online-Videos \u00fcberall. <\/p>\n<\/p><\/div>\n<\/p><\/div>\n<div class=\"a_plus_column\">\n            <img decoding=\"async\" src=\"http:\/\/www.keysdash.com\/wp-content\/uploads\/product-description\/adobe\/images\/1c.png\" alt=\"image for this item\"><\/p>\n<div class=\"a_plus_info\">\n<h3 class=\"title_2 for_column\"> Nachwirkungen <\/h3>\n<p class=\"center\"> Filmische visuelle Effekte und Bewegungsgrafiken <\/p>\n<\/p><\/div>\n<\/p><\/div>\n<div class=\"clearvc\"><\/div>\n<\/p><\/div>\n<div class=\"three_columns\">\n<div class=\"a_plus_column\">\n            <img decoding=\"async\" src=\"http:\/\/www.keysdash.com\/wp-content\/uploads\/product-description\/adobe\/images\/2a.png\" alt=\"image for this item\"><\/p>\n<div class=\"a_plus_info\">\n<h3 class=\"title_2 for_column\"> Charakteranimator <\/h3>\n<p class=\"center\"> Animieren Sie Ihre 2D-Charaktere in Echtzeit. <\/p>\n<\/p><\/div>\n<\/p><\/div>\n<div class=\"a_plus_column\">\n            <img decoding=\"async\" src=\"http:\/\/www.keysdash.com\/wp-content\/uploads\/product-description\/adobe\/images\/2b.png\" alt=\"image for this item\"><\/p>\n<div class=\"a_plus_info\">\n<h3 class=\"title_2 for_column\"> Adobe Audition <\/h3>\n<p class=\"center\"> Audioaufnahme, -mischung und -wiederherstellung <\/p>\n<\/p><\/div>\n<\/p><\/div>\n<div class=\"a_plus_column\">\n            <img decoding=\"async\" src=\"http:\/\/www.keysdash.com\/wp-content\/uploads\/product-description\/adobe\/images\/2c.png\" alt=\"image for this item\"><\/p>\n<div class=\"a_plus_info\">\n<h3 class=\"title_2 for_column\"> Adobe Spark <\/h3>\n<p class=\"center\"> Erstellen Sie in wenigen Minuten Videogeschichten. <\/p>\n<\/p><\/div>\n<\/p><\/div>\n<div class=\"clearvc\"><\/div>\n<\/p><\/div>\n<div class=\"section_head\">Vom leeren Bildschirm zum brillanten Design.<\/div>\n<div class=\"a_plus_module\">\n<div class=\"a_plus_info\">\n<p class=\"center\"> Creative Cloud bietet die Design-Tools, um Ihre Ideen zum Leben zu erwecken \u2013 mit Apps f\u00fcr alles von Bildkomposition und Fotobearbeitung \u00fcber Website-Design bis hin zu digitalem Malen, 3D und Augmented Reality. Gestalten Sie Logos, Poster, Anzeigen, Verpackungen und mehr. Malen, zeichnen und skizzieren Sie mit digitalen Pinseln, die wie echte Pinsel funktionieren. Mit unseren vernetzten mobilen Apps k\u00f6nnen Sie \u00fcberall gro\u00dfartige Arbeiten erstellen. <\/p>\n<\/p><\/div>\n<\/p><\/div>\n<div class=\"three_columns\">\n<div class=\"a_plus_column\">\n            <img decoding=\"async\" src=\"http:\/\/www.keysdash.com\/wp-content\/uploads\/product-description\/adobe\/images\/3a.png\" alt=\"image for this item\"><\/p>\n<div class=\"a_plus_info\">\n<h3 class=\"title_2 for_column\"> Photoshop <\/h3>\n<p class=\"center\"> Bildbearbeitung und Compositing <\/p>\n<\/p><\/div>\n<\/p><\/div>\n<div class=\"a_plus_column\">\n            <img decoding=\"async\" src=\"http:\/\/www.keysdash.com\/wp-content\/uploads\/product-description\/adobe\/images\/3b.png\" alt=\"image for this item\"><\/p>\n<div class=\"a_plus_info\">\n<h3 class=\"title_2 for_column\"> Illustrator <\/h3>\n<p class=\"center\"> Vektorgrafiken und Illustrationen <\/p>\n<\/p><\/div>\n<\/p><\/div>\n<div class=\"a_plus_column\">\n            <img decoding=\"async\" src=\"http:\/\/www.keysdash.com\/wp-content\/uploads\/product-description\/adobe\/images\/3c.png\" alt=\"image for this item\"><\/p>\n<div class=\"a_plus_info\">\n<h3 class=\"title_2 for_column\"> InDesign <\/h3>\n<p class=\"center\"> Seitendesign und Layout f\u00fcr Print- und Digitalpublikationen <\/p>\n<\/p><\/div>\n<\/p><\/div>\n<div class=\"clearvc\"><\/div>\n<\/p><\/div>\n<div class=\"three_columns\">\n<div class=\"a_plus_column\">\n            <img decoding=\"async\" src=\"http:\/\/www.keysdash.com\/wp-content\/uploads\/product-description\/adobe\/images\/4a.png\" alt=\"image for this item\"><\/p>\n<div class=\"a_plus_info\">\n<h3 class=\"title_2 for_column\"> Adobe Spark <\/h3>\n<p class=\"center\"> Erstellen Sie Grafiken in wenigen Minuten. <\/p>\n<\/p><\/div>\n<\/p><\/div>\n<div class=\"a_plus_column\">\n            <img decoding=\"async\" src=\"http:\/\/www.keysdash.com\/wp-content\/uploads\/product-description\/adobe\/images\/4b.png\" alt=\"image for this item\"><\/p>\n<div class=\"a_plus_info\">\n<h3 class=\"title_2 for_column\"> Photoshop-Skizze <\/h3>\n<p class=\"center\"> Erstellen Sie ausdrucksstarke Zeichnungen und Gem\u00e4lde mit nat\u00fcrlichen Zeichenwerkzeugen. <\/p>\n<\/p><\/div>\n<\/p><\/div>\n<div class=\"a_plus_column\">\n            <img decoding=\"async\" src=\"http:\/\/www.keysdash.com\/wp-content\/uploads\/product-description\/adobe\/images\/4c.png\" alt=\"image for this item\"><\/p>\n<div class=\"a_plus_info\">\n<h3 class=\"title_2 for_column\"> Erfassen <\/h3>\n<p class=\"center\"> Verwandeln Sie Bilder in Farbthemen, Vektorgrafiken, Muster und mehr. <\/p>\n<\/p><\/div>\n<\/p><\/div>\n<div class=\"clearvc\"><\/div>\n<\/p><\/div>\n<div class=\"section_head\">Erstaunliche Fotos. Erstaunlich einfach.<\/div>\n<div class=\"a_plus_module\">\n<div class=\"a_plus_info\">\n<p class=\"center\"> Erstellen Sie beeindruckende Fotos mit den besten Foto-Tools der Welt. Mit dem Lightroom-Fotoservice k\u00f6nnen Sie Ihre Fotos in voller Aufl\u00f6sung ganz einfach und \u00fcberall bearbeiten, organisieren, speichern und teilen. Und mit Photoshop k\u00f6nnen Sie Ihre Bilder in alles verwandeln, was Sie sich vorstellen k\u00f6nnen. <\/p>\n<\/p><\/div>\n<\/p><\/div>\n<div class=\"four_columns\">\n<div class=\"a_plus_column\">\n            <img decoding=\"async\" src=\"http:\/\/www.keysdash.com\/wp-content\/uploads\/product-description\/adobe\/images\/5a.png\" alt=\"image for this item\"><\/p>\n<div class=\"a_plus_info\">\n<h3 class=\"title_2 for_column\"> Lightroom <\/h3>\n<p class=\"center\"> Der Cloud-basierte Fotodienst mit 1TB Cloud-Speicher <\/p>\n<\/p><\/div>\n<\/p><\/div>\n<div class=\"a_plus_column\">\n            <img decoding=\"async\" src=\"http:\/\/www.keysdash.com\/wp-content\/uploads\/product-description\/adobe\/images\/5b.png\" alt=\"image for this item\"><\/p>\n<div class=\"a_plus_info\">\n<h3 class=\"title_2 for_column\"> Photoshop <\/h3>\n<p class=\"center\"> Bildbearbeitung und Compositing <\/p>\n<\/p><\/div>\n<\/p><\/div>\n<div class=\"a_plus_column\">\n            <img decoding=\"async\" src=\"http:\/\/www.keysdash.com\/wp-content\/uploads\/product-description\/adobe\/images\/5c.png\" alt=\"image for this item\"><\/p>\n<div class=\"a_plus_info\">\n<h3 class=\"title_2 for_column\"> Lightroom Classic <\/h3>\n<p class=\"center\"> Nur Desktop-Fotobearbeitung (beinhaltet keine Fotosicherung in voller Aufl\u00f6sung) <\/p>\n<\/p><\/div>\n<\/p><\/div>\n<div class=\"a_plus_column\">\n            <img decoding=\"async\" src=\"http:\/\/www.keysdash.com\/wp-content\/uploads\/product-description\/adobe\/images\/5d.png\" alt=\"image for this item\"><\/p>\n<div class=\"a_plus_info\">\n<h3 class=\"title_2 for_column\"> Creative Cloud Fotografie-Plan <\/h3>\n<p class=\"center\"> Holen Sie sich Lightroom, Cloud-Speicher und Photoshop <\/p>\n<\/p><\/div>\n<\/p><\/div>\n<div class=\"clearvc\"><\/div>\n<\/p><\/div>\n<div class=\"section_head\">Die Kunst des Erlebens.<\/div>\n<div class=\"a_plus_module\">\n<div class=\"a_plus_info\">\n<p class=\"center\"> Verwandeln Sie Ihre besten Ideen mit unseren Web- und UX-Design-Tools in beeindruckende Erlebnisse. Erstellen Sie moderne, responsive Webseiten mit oder ohne Programmierung. Design und Prototypen f\u00fcr Websites, mobile Apps und die n\u00e4chste Generation von Erlebnissen \u2013 von sprachgesteuerten Ger\u00e4ten bis hin zu Wearables. <\/p>\n<\/p><\/div>\n<\/p><\/div>\n<div class=\"three_columns\">\n<div class=\"a_plus_column\">\n            <img decoding=\"async\" src=\"http:\/\/www.keysdash.com\/wp-content\/uploads\/product-description\/adobe\/images\/6a.png\" alt=\"image for this item\"><\/p>\n<div class=\"a_plus_info\">\n<h3 class=\"title_2 for_column\"> Adobe XD <\/h3>\n<p class=\"center\"> Entwerfen, Prototypisieren und Teilen von Benutzererfahrungen. <\/p>\n<\/p><\/div>\n<\/p><\/div>\n<div class=\"a_plus_column\">\n            <img decoding=\"async\" src=\"http:\/\/www.keysdash.com\/wp-content\/uploads\/product-description\/adobe\/images\/6b.png\" alt=\"image for this item\"><\/p>\n<div class=\"a_plus_info\">\n<h3 class=\"title_2 for_column\"> Traumweber <\/h3>\n<p class=\"center\"> Entwerfen und entwickeln Sie moderne, reaktionsf\u00e4hige Websites. <\/p>\n<\/p><\/div>\n<\/p><\/div>\n<div class=\"a_plus_column\">\n            <img decoding=\"async\" src=\"http:\/\/www.keysdash.com\/wp-content\/uploads\/product-description\/adobe\/images\/6c.png\" alt=\"image for this item\"><\/p>\n<div class=\"a_plus_info\">\n<h3 class=\"title_2 for_column\"> Adobe Spark <\/h3>\n<p class=\"center\"> Erstellen Sie in wenigen Minuten Webseiten und Videostorys. <\/p>\n<\/p><\/div>\n<\/p><\/div>\n<div class=\"clearvc\"><\/div>\n<\/p><\/div>\n<div class=\"section_head\">Ihre Mitgliedschaft bietet mehr<\/div>\n<div class=\"a_plus_module\">\n<div class=\"a_plus_info\">\n<p class=\"center\"> Ihre Creative Cloud-Mitgliedschaft umfasst kostenlose Services, die Sie inspirieren, Ihre Kreativit\u00e4t weiterentwickeln und mit der Welt teilen. Finden Sie mit Adobe Sensei die perfekte Schriftart, das perfekte Bild oder die perfekte Vorlage, erstellen Sie ein individuelles Webportfolio und pr\u00e4sentieren Sie Ihre Arbeiten in der weltweit gr\u00f6\u00dften Kreativ-Community. <\/p>\n<\/p><\/div>\n<\/p><\/div>\n<div class=\"four_columns\">\n<div class=\"a_plus_column\">\n            <img decoding=\"async\" src=\"http:\/\/www.keysdash.com\/wp-content\/uploads\/product-description\/adobe\/images\/7a.png\" alt=\"image for this item\"><\/p>\n<div class=\"a_plus_info\">\n<h3 class=\"title_2 for_column\"> Adobe Stock <\/h3>\n<p class=\"center\"> Suchen und lizenzieren Sie Millionen hochwertiger Assets in Ihren Apps. <\/p>\n<\/p><\/div>\n<\/p><\/div>\n<div class=\"a_plus_column\">\n            <img decoding=\"async\" src=\"http:\/\/www.keysdash.com\/wp-content\/uploads\/product-description\/adobe\/images\/7b.png\" alt=\"image for this item\"><\/p>\n<div class=\"a_plus_info\">\n<h3 class=\"title_2 for_column\"> Adobe Fonts <\/h3>\n<p class=\"center\"> Tausende Schriftarten zur Hand <\/p>\n<\/p><\/div>\n<\/p><\/div>\n<div class=\"a_plus_column\">\n            <img decoding=\"async\" src=\"http:\/\/www.keysdash.com\/wp-content\/uploads\/product-description\/adobe\/images\/7c.png\" alt=\"image for this item\"><\/p>\n<div class=\"a_plus_info\">\n<h3 class=\"title_2 for_column\"> Adobe Portfolio <\/h3>\n<p class=\"center\"> Erstellen und passen Sie Ihre eigene Portfolio-Website an. <\/p>\n<\/p><\/div>\n<\/p><\/div>\n<div class=\"a_plus_column\">\n            <img decoding=\"async\" src=\"http:\/\/www.keysdash.com\/wp-content\/uploads\/product-description\/adobe\/images\/7d.png\" alt=\"image for this item\"><\/p>\n<div class=\"a_plus_info\">\n<h3 class=\"title_2 for_column\"> Behance <\/h3>\n<p class=\"center\"> Pr\u00e4sentieren und entdecken Sie gro\u00dfartige kreative Arbeiten. <\/p>\n<\/p><\/div>\n<\/p><\/div>\n<div class=\"clearvc\"><\/div>\n<\/p><\/div>\n<div class=\"section_head\">Wir stellen uns das Morgen vor und bauen es heute.<\/div>\n<div class=\"a_plus_module\">\n<div class=\"a_plus_info\">\n<p class=\"center\"> Neue Apps f\u00fcr Erlebnisse der n\u00e4chsten Generation erwarten Sie. Werfen Sie einen Blick auf unsere neuesten Innovationen. <\/p>\n<\/p><\/div>\n<\/p><\/div>\n<div class=\"three_columns\">\n<div class=\"a_plus_column\">\n            <img decoding=\"async\" src=\"http:\/\/www.keysdash.com\/wp-content\/uploads\/product-description\/adobe\/images\/8a.jpg\" alt=\"image for this item\"><\/p>\n<div class=\"a_plus_info\">\n<h3 class=\"title_2 for_column\"> Kein Photoshop f\u00fcr das iPad. <\/h3>\n<h3 class=\"title_2 for_column\"> Photoshop auf dem iPad. <\/h3>\n<\/p><\/div>\n<\/p><\/div>\n<div class=\"a_plus_column\">\n            <img decoding=\"async\" src=\"http:\/\/www.keysdash.com\/wp-content\/uploads\/product-description\/adobe\/images\/8b.jpg\" alt=\"image for this item\"><\/p>\n<div class=\"a_plus_info\">\n<h3 class=\"title_2 for_column\"> Die Zukunft des Zeichnens und Malens. <\/h3>\n<\/p><\/div>\n<\/p><\/div>\n<div class=\"a_plus_column\">\n            <img decoding=\"async\" src=\"http:\/\/www.keysdash.com\/wp-content\/uploads\/product-description\/adobe\/images\/8c.jpg\" alt=\"image for this item\"><\/p>\n<div class=\"a_plus_info\">\n<h3 class=\"title_2 for_column\"> Design f\u00fcr erweiterte Realit\u00e4t. <\/h3>\n<\/p><\/div>\n<\/p><\/div>\n<div class=\"clearvc\"><\/div>\n<\/p><\/div>\n<\/article>","protected":false},"excerpt":{"rendered":"<details >\n<summary>Betriebssystem<\/summary>\n<div class=\"cg-accordion-item\">\n<p>Das Produkt ist f\u00fcr Mac, Windows und iOS lizenziert.<\/p>\n<\/div>\n<\/details>\n<details >\n<summary>Lieferzeit<\/summary>\n<div class=\"cg-accordion-item\">\nDas Produkt wird digital geliefert. Sie erhalten eine digitale Kopie und kein physisches Produkt. Die voraussichtliche Lieferzeit betr\u00e4gt 5 Minuten. Das bedeutet, dass die Lieferung voraussichtlich innerhalb von 5 Minuten nach dem Kauf erfolgt.\n<\/div>\n<\/details>\n<details >\n<summary>REGIONALE VERF\u00dcGBARKEIT<\/summary>\n<div class=\"cg-accordion-item\">\n<p>Weltweite Aktivierung, keine regionalen Einschr\u00e4nkungen, zertifizierte PCI DSS-Konformit\u00e4t der Stufe 1<\/p>\n<\/div>\n<\/details>","protected":false},"featured_media":7830,"comment_status":"open","ping_status":"closed","template":"","meta":[],"product_brand":[],"product_cat":[64],"product_tag":[54,55],"class_list":{"0":"post-7804","1":"product","2":"type-product","3":"status-publish","4":"has-post-thumbnail","6":"product_cat-adobe","7":"product_tag-mac-os","8":"product_tag-windows","10":"first","11":"instock","12":"shipping-taxable","13":"purchasable","14":"product-type-simple"},"_links":{"self":[{"href":"https:\/\/www.keysdash.com\/de\/wp-json\/wp\/v2\/product\/7804","targetHints":{"allow":["GET"]}}],"collection":[{"href":"https:\/\/www.keysdash.com\/de\/wp-json\/wp\/v2\/product"}],"about":[{"href":"https:\/\/www.keysdash.com\/de\/wp-json\/wp\/v2\/types\/product"}],"replies":[{"embeddable":true,"href":"https:\/\/www.keysdash.com\/de\/wp-json\/wp\/v2\/comments?post=7804"}],"version-history":[{"count":1,"href":"https:\/\/www.keysdash.com\/de\/wp-json\/wp\/v2\/product\/7804\/revisions"}],"predecessor-version":[{"id":8111,"href":"https:\/\/www.keysdash.com\/de\/wp-json\/wp\/v2\/product\/7804\/revisions\/8111"}],"wp:featuredmedia":[{"embeddable":true,"href":"https:\/\/www.keysdash.com\/de\/wp-json\/wp\/v2\/media\/7830"}],"wp:attachment":[{"href":"https:\/\/www.keysdash.com\/de\/wp-json\/wp\/v2\/media?parent=7804"}],"wp:term":[{"taxonomy":"product_brand","embeddable":true,"href":"https:\/\/www.keysdash.com\/de\/wp-json\/wp\/v2\/product_brand?post=7804"},{"taxonomy":"product_cat","embeddable":true,"href":"https:\/\/www.keysdash.com\/de\/wp-json\/wp\/v2\/product_cat?post=7804"},{"taxonomy":"product_tag","embeddable":true,"href":"https:\/\/www.keysdash.com\/de\/wp-json\/wp\/v2\/product_tag?post=7804"}],"curies":[{"name":"wp","href":"https:\/\/api.w.org\/{rel}","templated":true}]}}