{"id":7781,"date":"2025-03-27T01:10:01","date_gmt":"2025-03-27T01:10:01","guid":{"rendered":"https:\/\/www.keysdash.com\/?post_type=product&#038;p=7781"},"modified":"2025-08-19T20:02:12","modified_gmt":"2025-08-19T20:02:12","slug":"microsoft-office-2016-professional-plus","status":"publish","type":"product","link":"https:\/\/www.keysdash.com\/es\/producto\/microsoft-office-2016-professional-plus\/","title":{"rendered":"Microsoft Office 2016 Professional Plus"},"content":{"rendered":"<p>La \u00faltima versi\u00f3n de la suite ofim\u00e1tica l\u00edder en la industria, Microsoft Office 2016, incluye diversas herramientas para ayudarte a trabajar de forma m\u00e1s eficiente y eficaz. Con Word, Excel, PowerPoint, OneNote, Outlook, Publisher y Access, tendr\u00e1s todo lo que necesitas para crear documentos, presentaciones y hojas de c\u00e1lculo profesionales, adem\u00e1s de administrar tu correo electr\u00f3nico y tu agenda.<\/p>\n<p>Las nuevas funciones de Office 2016 incluyen una interfaz de cinta optimizada, herramientas de colaboraci\u00f3n mejoradas y una visualizaci\u00f3n de datos optimizada en Excel. Tambi\u00e9n puede acceder a sus documentos desde cualquier lugar gracias a la integraci\u00f3n con OneDrive y usar Office en su dispositivo m\u00f3vil con Office Mobile.<\/p>\n<p>Actualice a Office 2016 hoy y lleve su productividad al siguiente nivel.<\/p>\n<p>Herramientas incluidas en Office 2016:<\/p>\n<ul>\n<li>Word: un potente procesador de textos que facilita la creaci\u00f3n de documentos de aspecto profesional.<\/li>\n<li>Excel: Una aplicaci\u00f3n de hoja de c\u00e1lculo que le permite organizar y analizar datos, crear gr\u00e1ficos y tablas y realizar c\u00e1lculos.<\/li>\n<li>PowerPoint: una herramienta de presentaci\u00f3n que le permite crear presentaciones din\u00e1micas y visualmente impactantes.<\/li>\n<li>OneNote: un cuaderno digital que te permite tomar notas, organizar informaci\u00f3n y colaborar con otros.<\/li>\n<li>Outlook: una aplicaci\u00f3n de correo electr\u00f3nico y calendario que le ayuda a administrar sus comunicaciones y su agenda.<\/li>\n<li>Publisher: una aplicaci\u00f3n de edici\u00f3n de escritorio que facilita la creaci\u00f3n de folletos, volantes y otros materiales de marketing de aspecto profesional.<\/li>\n<li>Access: Una aplicaci\u00f3n de base de datos que le permite crear y administrar bases de datos e informes.<\/li>\n<\/ul>\n<p>Nuevas caracter\u00edsticas de Office 2016:<\/p>\n<ul>\n<li>Interfaz de cinta optimizada: la interfaz de cinta, que es la barra de herramientas ubicada en la parte superior de las aplicaciones de Office, se ha optimizado para que sea m\u00e1s f\u00e1cil encontrar y usar las herramientas que necesita.<\/li>\n<li>Herramientas de colaboraci\u00f3n mejoradas: Office 2016 incluye nuevas herramientas que facilitan el trabajo en documentos con otras personas en tiempo real, como la coautor\u00eda en Word y Excel, y la capacidad de compartir y trabajar en blocs de notas de OneNote con otras personas.<\/li>\n<li>Visualizaci\u00f3n de datos mejorada en Excel: Excel 2016 incluye nuevos tipos de gr\u00e1ficos y herramientas de an\u00e1lisis de datos que facilitan la conversi\u00f3n de datos en informaci\u00f3n.<\/li>\n<li>Integraci\u00f3n con OneDrive: Office 2016 le permite guardar sus documentos en OneDrive, el servicio de almacenamiento en la nube de Microsoft, para que pueda acceder a ellos desde cualquier lugar y trabajar en ellos con otros.<\/li>\n<li>Office Mobile: Office 2016 le permite usar Office en su dispositivo m\u00f3vil con Office Mobile, para que pueda trabajar mientras viaja.<\/li>\n<\/ul>\n<p>Por qu\u00e9 actualizar a Office 2016: Si usa una versi\u00f3n anterior de Office, actualizar a Office 2016 es una buena opci\u00f3n. No solo tendr\u00e1 acceso a todas las nuevas funciones y herramientas, sino que tambi\u00e9n podr\u00e1 trabajar con los formatos de archivo m\u00e1s recientes, lo que garantiza la compatibilidad con otros usuarios de Office 2016. Adem\u00e1s, Office 2016 es totalmente compatible con Windows 10, la \u00faltima versi\u00f3n del sistema operativo Windows. Y si usa Office en Mac, Office 2016 tambi\u00e9n es totalmente compatible con la versi\u00f3n m\u00e1s reciente de macOS. Actualice a Office 2016 hoy mismo y lleve su productividad al siguiente nivel. Con las herramientas y funciones m\u00e1s recientes, podr\u00e1 trabajar de forma m\u00e1s eficiente y eficaz, y lograr m\u00e1s en menos tiempo.<\/p>","protected":false},"excerpt":{"rendered":"<details >\n<summary>El tiempo de entrega<\/summary>\n<div class=\"cg-accordion-item\">\nEl producto se entregar\u00e1 digitalmente; recibir\u00e1 una copia digital en lugar de un producto f\u00edsico. El tiempo de entrega estimado es de 5 minutos, lo que significa que se espera que se entregue en 5 minutos despu\u00e9s de la compra.\n<\/div>\n<\/details>\n<details >\n<summary>Uso de dispositivos<\/summary>\n<div class=\"cg-accordion-item\">\n<p>El producto tiene licencia para una sola instalaci\u00f3n; solo puede instalarlo en un dispositivo. Es posible que no pueda instalarlo en varios dispositivos ni transferir la licencia a otro.<\/p>\n<\/div>\n<\/details>\n<details >\n<summary>DISPONIBILIDAD REGIONAL<\/summary>\n<div class=\"cg-accordion-item\">\n<p>Activaci\u00f3n mundial, sin restricciones regionales, certificado de nivel 1 compatible con PCI DSS<\/p>\n<\/div>\n<\/details>","protected":false},"featured_media":7410,"comment_status":"open","ping_status":"closed","template":"","meta":[],"product_brand":[],"product_cat":[51],"product_tag":[54,55],"class_list":{"0":"post-7781","1":"product","2":"type-product","3":"status-publish","4":"has-post-thumbnail","6":"product_cat-office","7":"product_tag-mac-os","8":"product_tag-windows","10":"first","11":"instock","12":"sale","13":"shipping-taxable","14":"purchasable","15":"product-type-simple"},"_links":{"self":[{"href":"https:\/\/www.keysdash.com\/es\/wp-json\/wp\/v2\/product\/7781","targetHints":{"allow":["GET"]}}],"collection":[{"href":"https:\/\/www.keysdash.com\/es\/wp-json\/wp\/v2\/product"}],"about":[{"href":"https:\/\/www.keysdash.com\/es\/wp-json\/wp\/v2\/types\/product"}],"replies":[{"embeddable":true,"href":"https:\/\/www.keysdash.com\/es\/wp-json\/wp\/v2\/comments?post=7781"}],"version-history":[{"count":0,"href":"https:\/\/www.keysdash.com\/es\/wp-json\/wp\/v2\/product\/7781\/revisions"}],"wp:featuredmedia":[{"embeddable":true,"href":"https:\/\/www.keysdash.com\/es\/wp-json\/wp\/v2\/media\/7410"}],"wp:attachment":[{"href":"https:\/\/www.keysdash.com\/es\/wp-json\/wp\/v2\/media?parent=7781"}],"wp:term":[{"taxonomy":"product_brand","embeddable":true,"href":"https:\/\/www.keysdash.com\/es\/wp-json\/wp\/v2\/product_brand?post=7781"},{"taxonomy":"product_cat","embeddable":true,"href":"https:\/\/www.keysdash.com\/es\/wp-json\/wp\/v2\/product_cat?post=7781"},{"taxonomy":"product_tag","embeddable":true,"href":"https:\/\/www.keysdash.com\/es\/wp-json\/wp\/v2\/product_tag?post=7781"}],"curies":[{"name":"wp","href":"https:\/\/api.w.org\/{rel}","templated":true}]}}