{"id":7787,"date":"2025-03-27T01:10:01","date_gmt":"2025-03-27T01:10:01","guid":{"rendered":"https:\/\/www.keysdash.com\/?post_type=product&#038;p=7787"},"modified":"2025-03-27T01:10:03","modified_gmt":"2025-03-27T01:10:03","slug":"microsoft-office-2021-professional-plus","status":"publish","type":"product","link":"https:\/\/www.keysdash.com\/es\/producto\/microsoft-office-2021-professional-plus\/","title":{"rendered":"Microsoft Office 2021 Professional Plus"},"content":{"rendered":"<link rel=\"stylesheet\" href=\"..\/..\/..\/wp-content\/uploads\/product-description\/o2021\/snipped.css\">\n<section id=\"brxe-rnplvt\" class=\"brxe-section snipcss-QFzq3\">\n<div id=\"brxe-msmpnz\" class=\"brxe-container\">\n<div id=\"brxe-kvyqiw\" class=\"brxe-block brx-grid\">\n<div id=\"brxe-ocwdzy\" class=\"brxe-block\">\n<h2 class=\"brxe-heading\">Tu oficina modernizada<\/h2>\n<div id=\"brxe-bwlxgz\" class=\"brxe-text-basic\">Cree contenido, mant\u00e9ngase organizado y trabaje en conjunto con versiones actualizadas de Word, Excel, PowerPoint y otras aplicaciones en Office 2021.<\/div>\n<\/p><\/div>\n<p><img loading=\"lazy\" width=\"1475\" height=\"768\" src=\"..\/..\/..\/wp-content\/uploads\/product-description\/o2021\/images\/RWMfGj.jpg.webp\" class=\"brxe-image css-filter size-full\" alt=\"\" decoding=\"async\" id=\"brxe-mcqjaf\" srcset=\"..\/..\/..\/wp-content\/uploads\/product-description\/o2021\/images\/RWMfGj.jpg.webp 1475w,  ..\/..\/..\/wp-content\/uploads\/product-description\/o2021\/images\/RWMfGj.jpg.webp 600w,  ..\/..\/..\/wp-content\/uploads\/product-description\/o2021\/images\/RWMfGj.jpg.webp 300w,  ..\/..\/..\/wp-content\/uploads\/product-description\/o2021\/images\/RWMfGj.jpg.webp 1024w,  ..\/..\/..\/wp-content\/uploads\/product-description\/o2021\/images\/RWMfGj.jpg.webp 768w\" sizes=\"auto, (max-width: 1475px) 100vw, 1475px\">\n        <\/div>\n<h3 class=\"brxe-heading\">Vea lo que hay en Office 2021<\/h3>\n<div id=\"brxe-lziysh\" class=\"brxe-block brx-grid\">\n<div id=\"brxe-lyaqkj\" class=\"brxe-block\">\n<h2 class=\"brxe-heading\">Crea con confianza<\/h2>\n<div id=\"brxe-xkcark\" class=\"brxe-text-basic\">Produzca documentos y presentaciones atractivos con im\u00e1genes nuevas y modernas y encuentre r\u00e1pidamente lo que necesita con funciones de navegaci\u00f3n y b\u00fasqueda mejoradas.<\/div>\n<\/p><\/div>\n<p><img loading=\"lazy\" width=\"1650\" height=\"1350\" src=\"..\/..\/..\/wp-content\/uploads\/product-description\/o2021\/images\/RWLSkd.jpg.webp\" class=\"brxe-image css-filter size-full\" alt=\"\" decoding=\"async\" id=\"brxe-hzoqim\" srcset=\"..\/..\/..\/wp-content\/uploads\/product-description\/o2021\/images\/RWLSkd.jpg.webp 1650w,  ..\/..\/..\/wp-content\/uploads\/product-description\/o2021\/images\/RWLSkd.jpg.webp 600w,  ..\/..\/..\/wp-content\/uploads\/product-description\/o2021\/images\/RWLSkd.jpg.webp 300w,  ..\/..\/..\/wp-content\/uploads\/product-description\/o2021\/images\/RWLSkd.jpg.webp 1024w,  ..\/..\/..\/wp-content\/uploads\/product-description\/o2021\/images\/RWLSkd.jpg.webp 768w,  ..\/..\/..\/wp-content\/uploads\/product-description\/o2021\/images\/RWLSkd.jpg.webp 1536w\" sizes=\"auto, (max-width: 1650px) 100vw, 1650px\">\n        <\/div>\n<div id=\"brxe-avltiy\" class=\"brxe-block brx-grid\">\n<div id=\"brxe-mrddxy\" class=\"brxe-block\">\n<h2 class=\"brxe-heading\">Organiza tu trabajo y tu vida<\/h2>\n<div id=\"brxe-yuykyw\" class=\"brxe-text-basic\">Produzca documentos y presentaciones atractivos con im\u00e1genes nuevas y modernas y encuentre r\u00e1pidamente lo que necesita con funciones de navegaci\u00f3n y b\u00fasqueda mejoradas.<\/div>\n<\/p><\/div>\n<p><img loading=\"lazy\" width=\"1650\" height=\"1350\" src=\"..\/..\/..\/wp-content\/uploads\/product-description\/o2021\/images\/RWLA5H.jpg.webp\" class=\"brxe-image css-filter size-full\" alt=\"\" decoding=\"async\" id=\"brxe-vohsxr\" srcset=\"..\/..\/..\/wp-content\/uploads\/product-description\/o2021\/images\/RWLA5H.jpg.webp 1650w,  ..\/..\/..\/wp-content\/uploads\/product-description\/o2021\/images\/RWLA5H.jpg.webp 600w,  ..\/..\/..\/wp-content\/uploads\/product-description\/o2021\/images\/RWLA5H.jpg.webp 300w,  ..\/..\/..\/wp-content\/uploads\/product-description\/o2021\/images\/RWLA5H.jpg.webp 1024w,  ..\/..\/..\/wp-content\/uploads\/product-description\/o2021\/images\/RWLA5H.jpg.webp 768w,  ..\/..\/..\/wp-content\/uploads\/product-description\/o2021\/images\/RWLA5H.jpg.webp 1536w\" sizes=\"auto, (max-width: 1650px) 100vw, 1650px\">\n        <\/div>\n<div id=\"brxe-zoocnw\" class=\"brxe-block brx-grid\">\n<div id=\"brxe-bdhrpg\" class=\"brxe-block\">\n<h2 class=\"brxe-heading\">Rastrear y organizar sin esfuerzo<\/h2>\n<div id=\"brxe-zliksx\" class=\"brxe-text-basic\">Use menos f\u00f3rmulas y m\u00e1s robustas para crear r\u00e1pidamente hojas de c\u00e1lculo que se actualicen a medida que cambia la informaci\u00f3n. Encuentre datos r\u00e1pidamente con funciones de navegaci\u00f3n y b\u00fasqueda mejoradas.<\/div>\n<\/p><\/div>\n<p><img loading=\"lazy\" width=\"1650\" height=\"1350\" src=\"..\/..\/..\/wp-content\/uploads\/product-description\/o2021\/images\/RWLSkh.jpg.webp\" class=\"brxe-image css-filter size-full\" alt=\"\" decoding=\"async\" id=\"brxe-iqybqb\" srcset=\"..\/..\/..\/wp-content\/uploads\/product-description\/o2021\/images\/RWLSkh.jpg.webp 1650w,  ..\/..\/..\/wp-content\/uploads\/product-description\/o2021\/images\/RWLSkh.jpg.webp 600w,  ..\/..\/..\/wp-content\/uploads\/product-description\/o2021\/images\/RWLSkh.jpg.webp 300w,  ..\/..\/..\/wp-content\/uploads\/product-description\/o2021\/images\/RWLSkh.jpg.webp 1024w,  ..\/..\/..\/wp-content\/uploads\/product-description\/o2021\/images\/RWLSkh.jpg.webp 768w,  ..\/..\/..\/wp-content\/uploads\/product-description\/o2021\/images\/RWLSkh.jpg.webp 1536w\" sizes=\"auto, (max-width: 1650px) 100vw, 1650px\">\n        <\/div>\n<\/p><\/div>\n<\/section>","protected":false},"excerpt":{"rendered":"<p><strong>incompatible con MacOS<\/strong><\/p>\n<details >\n<summary>El tiempo de entrega<\/summary>\n<div class=\"cg-accordion-item\">\n<p>El producto se entregar\u00e1 digitalmente; recibir\u00e1 una copia digital en lugar de un producto f\u00edsico. El tiempo de entrega estimado es de 5 minutos, lo que significa que se espera que se entregue en 5 minutos despu\u00e9s de la compra.\n<\/p><\/div>\n<\/details>\n<details >\n<summary>Uso de dispositivos<\/summary>\n<div class=\"cg-accordion-item\">\n<p>El producto tiene licencia para una sola instalaci\u00f3n; solo puede instalarlo en un dispositivo. Es posible que no pueda instalarlo en varios dispositivos ni transferir la licencia a otro.<\/p>\n<\/div>\n<\/details>\n<details >\n<summary>DISPONIBILIDAD REGIONAL<\/summary>\n<div class=\"cg-accordion-item\">\n<p>Activaci\u00f3n mundial, sin restricciones regionales, certificado de nivel 1 compatible con PCI DSS<\/p>\n<\/div>\n<\/details>","protected":false},"featured_media":7521,"comment_status":"closed","ping_status":"closed","template":"","meta":[],"product_brand":[],"product_cat":[51],"product_tag":[54,55],"class_list":{"0":"post-7787","1":"product","2":"type-product","3":"status-publish","4":"has-post-thumbnail","6":"product_cat-office","7":"product_tag-mac-os","8":"product_tag-windows","10":"first","11":"instock","12":"shipping-taxable","13":"purchasable","14":"product-type-simple"},"_links":{"self":[{"href":"https:\/\/www.keysdash.com\/es\/wp-json\/wp\/v2\/product\/7787","targetHints":{"allow":["GET"]}}],"collection":[{"href":"https:\/\/www.keysdash.com\/es\/wp-json\/wp\/v2\/product"}],"about":[{"href":"https:\/\/www.keysdash.com\/es\/wp-json\/wp\/v2\/types\/product"}],"replies":[{"embeddable":true,"href":"https:\/\/www.keysdash.com\/es\/wp-json\/wp\/v2\/comments?post=7787"}],"version-history":[{"count":0,"href":"https:\/\/www.keysdash.com\/es\/wp-json\/wp\/v2\/product\/7787\/revisions"}],"wp:featuredmedia":[{"embeddable":true,"href":"https:\/\/www.keysdash.com\/es\/wp-json\/wp\/v2\/media\/7521"}],"wp:attachment":[{"href":"https:\/\/www.keysdash.com\/es\/wp-json\/wp\/v2\/media?parent=7787"}],"wp:term":[{"taxonomy":"product_brand","embeddable":true,"href":"https:\/\/www.keysdash.com\/es\/wp-json\/wp\/v2\/product_brand?post=7787"},{"taxonomy":"product_cat","embeddable":true,"href":"https:\/\/www.keysdash.com\/es\/wp-json\/wp\/v2\/product_cat?post=7787"},{"taxonomy":"product_tag","embeddable":true,"href":"https:\/\/www.keysdash.com\/es\/wp-json\/wp\/v2\/product_tag?post=7787"}],"curies":[{"name":"wp","href":"https:\/\/api.w.org\/{rel}","templated":true}]}}