{"id":7801,"date":"2025-03-27T01:10:02","date_gmt":"2025-03-27T01:10:02","guid":{"rendered":"https:\/\/www.keysdash.com\/?post_type=product&#038;p=7801"},"modified":"2025-03-27T01:10:04","modified_gmt":"2025-03-27T01:10:04","slug":"auslogics-disk-defrag-ultimate-4-3-pc","status":"publish","type":"product","link":"https:\/\/www.keysdash.com\/es\/producto\/auslogics-disk-defrag-ultimate-4-3-pc\/","title":{"rendered":"Auslogics Disk Defrag Ultimate 4-3 PC"},"content":{"rendered":"<div class=\"b-works__text b-works__text-long b-works__text-right\">\n<div class=\"b-woks__description b-woks__description_solution\">Disk Defrag Ultimate le permite desfragmentar archivos inaccesibles durante el funcionamiento del sistema, as\u00ed como optimizar la ubicaci\u00f3n de los archivos en su disco duro para garantizar un acceso m\u00e1s r\u00e1pido y un funcionamiento m\u00e1s eficiente. Las m\u00faltiples opciones de programaci\u00f3n le permiten mantener f\u00e1cilmente una alta velocidad de disco duro.<\/div>\n<\/div>","protected":false},"excerpt":{"rendered":"<details >\n<summary>EL TIEMPO DE ENTREGA<\/summary>\n<div class=\"cg-accordion-item\"> El producto se entregar\u00e1 digitalmente; recibir\u00e1 una copia digital en lugar de un producto f\u00edsico. El tiempo de entrega estimado es de 5 minutos, lo que significa que se espera que se entregue en 5 minutos despu\u00e9s de la compra. <\/div>\n<\/details>\n<details >\n<summary>Uso de dispositivos<\/summary>\n<div class=\"cg-accordion-item\"> El producto tiene licencia para una sola instalaci\u00f3n; solo puede instalarlo en un dispositivo. Es posible que no pueda instalarlo en varios dispositivos ni transferir la licencia a otro. <\/div>\n<\/details>\n<details >\n<summary>DISPONIBILIDAD REGIONAL<\/summary>\n<div class=\"cg-accordion-item\"> Activaci\u00f3n mundial, sin restricciones regionales, certificado de nivel 1 compatible con PCI DSS <\/div>\n<\/details>","protected":false},"featured_media":7675,"comment_status":"closed","ping_status":"closed","template":"","meta":[],"product_brand":[],"product_cat":[63],"product_tag":[],"class_list":{"0":"post-7801","1":"product","2":"type-product","3":"status-publish","4":"has-post-thumbnail","6":"product_cat-auslogics","8":"first","9":"instock","10":"shipping-taxable","11":"purchasable","12":"product-type-simple"},"_links":{"self":[{"href":"https:\/\/www.keysdash.com\/es\/wp-json\/wp\/v2\/product\/7801","targetHints":{"allow":["GET"]}}],"collection":[{"href":"https:\/\/www.keysdash.com\/es\/wp-json\/wp\/v2\/product"}],"about":[{"href":"https:\/\/www.keysdash.com\/es\/wp-json\/wp\/v2\/types\/product"}],"replies":[{"embeddable":true,"href":"https:\/\/www.keysdash.com\/es\/wp-json\/wp\/v2\/comments?post=7801"}],"version-history":[{"count":0,"href":"https:\/\/www.keysdash.com\/es\/wp-json\/wp\/v2\/product\/7801\/revisions"}],"wp:featuredmedia":[{"embeddable":true,"href":"https:\/\/www.keysdash.com\/es\/wp-json\/wp\/v2\/media\/7675"}],"wp:attachment":[{"href":"https:\/\/www.keysdash.com\/es\/wp-json\/wp\/v2\/media?parent=7801"}],"wp:term":[{"taxonomy":"product_brand","embeddable":true,"href":"https:\/\/www.keysdash.com\/es\/wp-json\/wp\/v2\/product_brand?post=7801"},{"taxonomy":"product_cat","embeddable":true,"href":"https:\/\/www.keysdash.com\/es\/wp-json\/wp\/v2\/product_cat?post=7801"},{"taxonomy":"product_tag","embeddable":true,"href":"https:\/\/www.keysdash.com\/es\/wp-json\/wp\/v2\/product_tag?post=7801"}],"curies":[{"name":"wp","href":"https:\/\/api.w.org\/{rel}","templated":true}]}}