{"id":8114,"date":"2026-01-15T18:02:46","date_gmt":"2026-01-15T18:02:46","guid":{"rendered":"https:\/\/www.keysdash.com\/?post_type=product&#038;p=8114"},"modified":"2026-01-15T18:08:42","modified_gmt":"2026-01-15T18:08:42","slug":"microsoft-office-standard-2024-for-macos","status":"publish","type":"product","link":"https:\/\/www.keysdash.com\/es\/producto\/microsoft-office-standard-2024-for-macos\/","title":{"rendered":"Microsoft Office Standard 2024 for macOS"},"content":{"rendered":"<div id=\"shopify-section-template--18357191868579__main\" class=\"shopify-section\">\n<section data-section-id=\"template--18357191868579__main\" data-section-type=\"product\" data-section-settings=\"{ &quot;showShippingEstimator&quot;: false, &quot;galleryTransitionEffect&quot;: &quot;fade&quot;, &quot;enableImageZoom&quot;: true, &quot;zoomEffect&quot;: &quot;outside&quot;, &quot;enableVideoLooping&quot;: false, &quot;productOptions&quot;: [&quot;Title&quot;], &quot;infoOverflowScroll&quot;: true, &quot;isQuickView&quot;: false }\">\n<div class=\"container container--flush\">\n<div class=\"product-block-list product-block-list--small\">\n<div class=\"product-block-list__wrapper\">\n<div class=\"product-block-list__item product-block-list__item--description\">\n<div class=\"card\">\n<div class=\"card__section\">\n<div class=\"rte text--pull\">\n<div id=\"coreui-linknavigation-80z0py3\" data-m=\"{&quot;cN&quot;:&quot;LinkNav 1&quot;,&quot;cT&quot;:&quot;Module_coreui-linknavigation&quot;,&quot;id&quot;:&quot;m4r4a2&quot;,&quot;sN&quot;:4,&quot;aN&quot;:&quot;r4a2&quot;}\" data-module-id=\"PDP-RT-Office-Template|OverviewTab|coreui-region|coreui-linknavigation-80z0py3|coreui-linknavigation\">\n<div class=\"m-link-navigation\">\n<nav class=\"c-link-navigation\">\n<div class=\"f-withoutcta f-image\">\n<div class=\"hyperlinkTextBlue\">\n<div id=\"coreui-banner-hwnfw32\" data-m=\"{&quot;cN&quot;:&quot;Banner 1&quot;,&quot;cT&quot;:&quot;Module_coreui-banner&quot;,&quot;id&quot;:&quot;m1r4a2&quot;,&quot;sN&quot;:1,&quot;aN&quot;:&quot;r4a2&quot;}\" data-module-id=\"PDP-RT-Office-Template|OverviewTab|coreui-region|coreui-banner-hwnfw32|coreui-banner\">\n<div class=\"m-banner paragraph-width\" data-grid=\"col-12\">\n<p>\u00a0<\/p>\n<\/div>\n<\/div>\n<\/div>\n<p><strong>Microsoft Word 2024 for Mac<\/strong><\/p>\n<p>The word processing software you love to use for essays and documents is back, but this time around it\u2019s better than ever. With new features that make writing more cohesive no matter the occasion \u2014 whether school work or home projects \u2014 your favorite app has been extended with cool tricks up its sleeve!<\/p>\n<p>\u00a0<\/p>\n<p><strong>Microsoft Excel 2024 for Mac<\/strong><\/p>\n<p>Microsoft Excel 2024 is the most comprehensive and easy-to-use spreadsheet application in today\u2019s market. Take your data analysis skills up a notch with all of these new features that were made just for people like yourself!<\/p>\n<p>\u00a0<\/p>\n<p><strong>Microsoft PowerPoint 2024 for Mac<\/strong><\/p>\n<p>PowerPoint 2024 is perfect for people who want to create engaging presentations and actually share them in a way that gets more attention than before. With improvements made by Microsoft themselves as well as new features being added \u2014 you can\u2019t go wrong!<\/p>\n<p>\u00a0<\/p>\n<\/div>\n<\/nav>\n<nav class=\"c-link-navigation\">\n<div class=\"f-withoutcta f-image\">\n<p>\u00a0<\/p>\n<\/div>\n<\/nav>\n<\/div>\n<\/div>\n<div id=\"coreui-linknavigation-80z0py3\" data-m=\"{&quot;cN&quot;:&quot;LinkNav 1&quot;,&quot;cT&quot;:&quot;Module_coreui-linknavigation&quot;,&quot;id&quot;:&quot;m4r4a2&quot;,&quot;sN&quot;:4,&quot;aN&quot;:&quot;r4a2&quot;}\" data-module-id=\"PDP-RT-Office-Template|OverviewTab|coreui-region|coreui-linknavigation-80z0py3|coreui-linknavigation\">\n<div class=\"m-link-navigation\">\n<nav class=\"c-link-navigation\">\n<div class=\"f-withoutcta f-image\">\n<div class=\"hyperlinkTextBlue\">\n<div id=\"coreui-contentplacement-b2vafbi\" data-m=\"{&quot;cN&quot;:&quot;ContentPlacement 1&quot;,&quot;cT&quot;:&quot;Module_coreui-contentplacement&quot;,&quot;id&quot;:&quot;m2r4a2&quot;,&quot;sN&quot;:2,&quot;aN&quot;:&quot;r4a2&quot;}\" data-module-id=\"PDP-RT-Office-Template|OverviewTab|coreui-region|coreui-contentplacement-b2vafbi|coreui-contentplacement\">\n<div class=\"m-content-placement f-size-small x-clearfix f-align-center three-item\">\n<p>\u00a0<\/p>\n<div data-grid=\"col-12 stack-2 pad-12x\"><\/div>\n<\/div>\n<\/div>\n<h1><\/h1>\n<div id=\"coreui-contentplacement-b2vafbi\" data-m=\"{&quot;cN&quot;:&quot;ContentPlacement 1&quot;,&quot;cT&quot;:&quot;Module_coreui-contentplacement&quot;,&quot;id&quot;:&quot;m2r4a2&quot;,&quot;sN&quot;:2,&quot;aN&quot;:&quot;r4a2&quot;}\" data-module-id=\"PDP-RT-Office-Template|OverviewTab|coreui-region|coreui-contentplacement-b2vafbi|coreui-contentplacement\">\n<div class=\"m-content-placement f-size-small x-clearfix f-align-center three-item\">\n<div data-grid=\"col-12 stack-2 pad-12x\">\n<h1><\/h1>\n<h1>Requisitos<\/h1>\n<div data-grid=\"col-4\">\n<section class=\"m-content-placement-item\" role=\"presentation\" data-m=\"{&quot;cN&quot;:&quot;PromotionalItem&quot;,&quot;cT&quot;:&quot;Container&quot;,&quot;id&quot;:&quot;c3m2r4a2&quot;,&quot;sN&quot;:3,&quot;aN&quot;:&quot;m2r4a2&quot;}\">\n<table width=\"896\">\n<caption>\u00a0<\/caption>\n<tbody>\n<tr>\n<th scope=\"row\"><strong>Procesador<\/strong><\/th>\n<td>Intel and M1\/M2\/M3\/M4\/M5 processors<\/td>\n<\/tr>\n<tr>\n<th scope=\"row\"><strong>Sistema operativo<\/strong><\/th>\n<td>Office for Mac is supported on the most recent versions of macOS (Tahoe, Ventura, Sonoma, Sequoia).<\/p>\n<p>Do you have an older version of macOS? Check\u00a0Microsoft Office 2021<\/td>\n<\/tr>\n<tr>\n<th scope=\"row\"><strong>Memoria<\/strong><\/th>\n<td>4 GB RAM<\/td>\n<\/tr>\n<tr>\n<th scope=\"row\"><strong>Espacio en el disco duro<\/strong><\/th>\n<td>10 GB available disk space<\/td>\n<\/tr>\n<\/tbody>\n<\/table>\n<\/section>\n<\/div>\n<\/div>\n<\/div>\n<\/div>\n<\/div>\n<\/div>\n<\/nav>\n<\/div>\n<\/div>\n<p>\u00a0<\/p>\n<p>\u00a0<\/p>\n<h2><strong>Common Questions<\/strong><\/h2>\n<p>Q. Will I get a download link to the application?<br \/>\nA. Yes, you will get a download link.<\/p>\n<p>Q. Is this a permanent or subscription-based license?<br \/>\nA. This a one-time payment for the permanent license.<\/p>\n<p>Q. Is this a trial key or will the key ever expire?<br \/>\nA. No, this is not a trial key. The key will never expire.<\/p>\n<p>Q. When will i get my purchased product shipped or get the download info?<br \/>\nA. You will get your download info and key instantly\u00a0after a cleared payment and there\u2019s no disc to worry about. Need to reinstall? No problem, just download it again.<\/p>\n<p>Q: Can I verify the keys through Microsoft\u2019s Window Genuine Advantage (WGA)?<br \/>\nA: Yes, the key will pass WGA as the key is issued directly from Microsoft.<\/p>\n<p>Q: Can I update the products after activating them?<br \/>\nA: Yes, you can update the applications after activating them.<\/p>\n<p>Q: Can I seek Microsoft customer care help if needed in future?<br \/>\nA: Yes, you can get support directly from Microsoft.<\/p>\n<p>Q. Can I use the key after formatting on the same computer?<br \/>\nA. Yes, you can use the key to activate Office on the same computer.<\/p>\n<p>Q. Are these keys region specific?<br \/>\nA. No, these keys works WORLDWIDE.<\/p>\n<\/div>\n<\/div>\n<\/div>\n<\/div>\n<\/div>\n<\/div>\n<\/div>\n<\/section>\n<\/div>","protected":false},"excerpt":{"rendered":"<p><strong>Compatible with MacOS<\/strong><\/p>\n<details >\n<summary>El tiempo de entrega<\/summary>\n<div class=\"cg-accordion-item\">\n<p>El producto se entregar\u00e1 digitalmente; recibir\u00e1 una copia digital en lugar de un producto f\u00edsico. El tiempo de entrega estimado es de 5 minutos, lo que significa que se espera que se entregue en 5 minutos despu\u00e9s de la compra.\n<\/p><\/div>\n<\/details>\n<details >\n<summary>Uso de dispositivos<\/summary>\n<div class=\"cg-accordion-item\">\n<p>El producto tiene licencia para una sola instalaci\u00f3n; solo puede instalarlo en un dispositivo. Es posible que no pueda instalarlo en varios dispositivos ni transferir la licencia a otro.<\/p>\n<\/div>\n<\/details>\n<details >\n<summary>DISPONIBILIDAD REGIONAL<\/summary>\n<div class=\"cg-accordion-item\">\n<p>Activaci\u00f3n mundial, sin restricciones regionales, certificado de nivel 1 compatible con PCI DSS<\/p>\n<\/div>\n<\/details>","protected":false},"featured_media":8115,"comment_status":"open","ping_status":"closed","template":"","meta":[],"product_brand":[],"product_cat":[51],"product_tag":[54],"class_list":{"0":"post-8114","1":"product","2":"type-product","3":"status-publish","4":"has-post-thumbnail","6":"product_cat-office","7":"product_tag-mac-os","9":"first","10":"instock","11":"shipping-taxable","12":"purchasable","13":"product-type-simple"},"_links":{"self":[{"href":"https:\/\/www.keysdash.com\/es\/wp-json\/wp\/v2\/product\/8114","targetHints":{"allow":["GET"]}}],"collection":[{"href":"https:\/\/www.keysdash.com\/es\/wp-json\/wp\/v2\/product"}],"about":[{"href":"https:\/\/www.keysdash.com\/es\/wp-json\/wp\/v2\/types\/product"}],"replies":[{"embeddable":true,"href":"https:\/\/www.keysdash.com\/es\/wp-json\/wp\/v2\/comments?post=8114"}],"version-history":[{"count":3,"href":"https:\/\/www.keysdash.com\/es\/wp-json\/wp\/v2\/product\/8114\/revisions"}],"predecessor-version":[{"id":8119,"href":"https:\/\/www.keysdash.com\/es\/wp-json\/wp\/v2\/product\/8114\/revisions\/8119"}],"wp:featuredmedia":[{"embeddable":true,"href":"https:\/\/www.keysdash.com\/es\/wp-json\/wp\/v2\/media\/8115"}],"wp:attachment":[{"href":"https:\/\/www.keysdash.com\/es\/wp-json\/wp\/v2\/media?parent=8114"}],"wp:term":[{"taxonomy":"product_brand","embeddable":true,"href":"https:\/\/www.keysdash.com\/es\/wp-json\/wp\/v2\/product_brand?post=8114"},{"taxonomy":"product_cat","embeddable":true,"href":"https:\/\/www.keysdash.com\/es\/wp-json\/wp\/v2\/product_cat?post=8114"},{"taxonomy":"product_tag","embeddable":true,"href":"https:\/\/www.keysdash.com\/es\/wp-json\/wp\/v2\/product_tag?post=8114"}],"curies":[{"name":"wp","href":"https:\/\/api.w.org\/{rel}","templated":true}]}}