{"id":8122,"date":"2026-01-17T16:08:38","date_gmt":"2026-01-17T16:08:38","guid":{"rendered":"https:\/\/www.keysdash.com\/?post_type=product&#038;p=8122"},"modified":"2026-01-19T21:01:54","modified_gmt":"2026-01-19T21:01:54","slug":"adobe-creative-cloud-3-month-subscription","status":"publish","type":"product","link":"https:\/\/www.keysdash.com\/es\/producto\/adobe-creative-cloud-3-month-subscription\/","title":{"rendered":"Adobe Creative Cloud (3-Month Subscription)"},"content":{"rendered":"<article class=\"a_plus_content\" style=\"font-family:Open Sans,Helvetica,Arial,sans-serif; color:#4d4d4d; line-height:1.36;\">\n<style>\n.a_plus_content * {\n    box-sizing: border-box;\n    margin: 0;\n    padding: 0;\n}\n.a_plus_content .logovc {\n    max-width: 100%;\n    height: 50px;\n    margin-left: 4%;\n    margin-top: 1em;\n    background: url(.\/images\/logo.png) no-repeat;\n}\n.a_plus_content .a_plus_module {\n    position: relative;\n    margin: 1em 0;\n    overflow: hidden;\n}\n.a_plus_content .section_head {\n    background-color: #efefef;\n    color: black;\n    margin-top: 1em;\n    text-align: center;\n    font-size: 1.5em;\n    font-weight: bold;\n    line-height: 1.5em;\n    padding: 5px;\n}\n.a_plus_content img {\n    display: block;\n    margin: 0 auto;\n    max-width: 100%;\n}\n.a_plus_content img.width_90 {\n    max-width: 92%;\n}\n.a_plus_content .a_plus_info {\n    padding: 0 4%;\n}\n.a_plus_content iframe {\n    width: 100%;\n    height: auto;\n    aspect-ratio: 16\/9;\n    border: none;\n}\n.a_plus_content .a_plus_column {\n    padding: 1em 0.5em;\n}\n.a_plus_content h3 {\n    font-weight: 700;\n    margin: 0 0 10px;\n    line-height: 1.5;\n    font-size: 16px;\n}\n.a_plus_content h3.title_1 {\n    color: black;\n    font-size: 1.5em;\n    font-weight: 700;\n    text-align: center;\n}\n.a_plus_content h3.title_2 {\n    color: black;\n    font-size: 1.1em;\n    font-weight: 500;\n    text-align: center;\n}\n.a_plus_content p {\n    font-size: 13px;\n    line-height: 1.4;\n    margin: 0.5em 0;\n    text-align: center;\n}\n.a_plus_content .three_columns, .a_plus_content .four_columns {\n    display: flex;\n    flex-wrap: wrap;\n    justify-content: center;\n}\n.a_plus_content .three_columns .a_plus_column {\n    flex: 1 1 calc(33.333% - 1em);\n    max-width: calc(33.333% - 1em);\n}\n.a_plus_content .four_columns .a_plus_column {\n    flex: 1 1 calc(25% - 1em);\n    max-width: calc(25% - 1em);\n}\n@media (max-width: 768px) {\n    .a_plus_content .three_columns .a_plus_column,\n    .a_plus_content .four_columns .a_plus_column {\n        flex: 1 1 100%;\n        max-width: 100%;\n    }\n}\n<\/style>\n<p><!-- Keep your full original content here, unchanged --><br \/>\n<!-- PASTE YOUR ORIGINAL HTML DESCRIPTION CONTENT INSIDE THIS ARTICLE --><\/p>\n<div class=\"logovc\"><\/div>\n<div class=\"a_plus_module\">\n        <img decoding=\"async\" class=\"width_90\" src=\"http:\/\/www.keysdash.com\/wp-content\/uploads\/product-description\/adobe\/images\/Creative_Cloud.jpg\" alt=\"Creative Cloud\"><\/p>\n<div class=\"a_plus_info\">\n<h3 class=\"title_1 center\"> Ahorra en grande. Sue\u00f1a en grande. <\/h3>\n<p class=\"center\"> When imagination and innovation come together, anything\u2019s possible. <\/p>\n<p class=\"center\"> Creative Cloud gives you the world\u2019s best apps and services for video, design, photography, and the web. It\u2019s easy to get started with built-in tutorials and templates. Whether you\u2019re a beginner or a pro, you have everything you need to go from dreaming to doing, wherever you\u2019re inspired. <\/p>\n<\/p><\/div>\n<\/p><\/div>\n<div id=\"style-zzYog\" class=\"style-zzYog\">\n        <iframe width=\"100%\" src=\"https:\/\/www.youtube.com\/embed\/VTnDSbzktg0?mute=1&enablejsapi=1&origin=https%3A%2F%2Fwww.newegg.com\" frameborder=\"0\" allow=\"accelerometer; autoplay; encrypted-media; gyroscope; picture-in-picture\" allowfullscreen=\"\" data-gtm-yt-inspected-10635197_26=\"true\" id=\"643010725\" data-gtm-yt-inspected-9=\"true\" title=\"Adobe - Nube creativa\" class=\"style-FkklD\"><br \/>\n        <\/iframe>\n    <\/div>\n<div class=\"section_head\">Lleva tus mejores ideas a las pantallas de todo el mundo.<\/div>\n<div class=\"a_plus_module\">\n<div class=\"a_plus_info\">\n<p class=\"center\"> Whether you\u2019re an aspiring YouTuber or Hollywood filmmaker, you can take your footage further on film, TV, and the web with Adobe video and audio tools. Edit on your phone or your desktop. Add graphics, effects, and pro-quality audio. Animate just about anything. It all works together seamlessly across every app and device. <\/p>\n<\/p><\/div>\n<\/p><\/div>\n<div id=\"style-lpU1e\" class=\"style-lpU1e\">\n        <iframe width=\"100%\" src=\"https:\/\/www.youtube.com\/embed\/qQIl-zDmABI?mute=1&enablejsapi=1&origin=https%3A%2F%2Fwww.newegg.com\" frameborder=\"0\" allow=\"accelerometer; autoplay; encrypted-media; gyroscope; picture-in-picture\" allowfullscreen=\"\" data-gtm-yt-inspected-10635197_26=\"true\" id=\"465358825\" data-gtm-yt-inspected-9=\"true\" class=\"style-PLGsX\"><br \/>\n        <\/iframe>\n    <\/div>\n<div class=\"three_columns\">\n<div class=\"a_plus_column\">\n            <img decoding=\"async\" src=\"http:\/\/www.keysdash.com\/wp-content\/uploads\/product-description\/adobe\/images\/1a.png\" alt=\"image for this item\"><\/p>\n<div class=\"a_plus_info\">\n<h3 class=\"title_2 for_column\"> Premiere Pro <\/h3>\n<p class=\"center\"> Edici\u00f3n de pel\u00edculas y videos profesionales est\u00e1ndar de la industria <\/p>\n<\/p><\/div>\n<\/p><\/div>\n<div class=\"a_plus_column\">\n            <img decoding=\"async\" src=\"http:\/\/www.keysdash.com\/wp-content\/uploads\/product-description\/adobe\/images\/1b.png\" alt=\"image for this item\"><\/p>\n<div class=\"a_plus_info\">\n<h3 class=\"title_2 for_column\"> Premiere Rush <\/h3>\n<p class=\"center\"> Crea y comparte v\u00eddeos en l\u00ednea en cualquier lugar. <\/p>\n<\/p><\/div>\n<\/p><\/div>\n<div class=\"a_plus_column\">\n            <img decoding=\"async\" src=\"http:\/\/www.keysdash.com\/wp-content\/uploads\/product-description\/adobe\/images\/1c.png\" alt=\"image for this item\"><\/p>\n<div class=\"a_plus_info\">\n<h3 class=\"title_2 for_column\"> Efectos posteriores <\/h3>\n<p class=\"center\"> Efectos visuales cinematogr\u00e1ficos y gr\u00e1ficos en movimiento <\/p>\n<\/p><\/div>\n<\/p><\/div>\n<div class=\"clearvc\"><\/div>\n<\/p><\/div>\n<div class=\"three_columns\">\n<div class=\"a_plus_column\">\n            <img decoding=\"async\" src=\"http:\/\/www.keysdash.com\/wp-content\/uploads\/product-description\/adobe\/images\/2a.png\" alt=\"image for this item\"><\/p>\n<div class=\"a_plus_info\">\n<h3 class=\"title_2 for_column\"> Animador de personajes <\/h3>\n<p class=\"center\"> Anima tus personajes 2D en tiempo real. <\/p>\n<\/p><\/div>\n<\/p><\/div>\n<div class=\"a_plus_column\">\n            <img decoding=\"async\" src=\"http:\/\/www.keysdash.com\/wp-content\/uploads\/product-description\/adobe\/images\/2b.png\" alt=\"image for this item\"><\/p>\n<div class=\"a_plus_info\">\n<h3 class=\"title_2 for_column\"> Adobe Audition <\/h3>\n<p class=\"center\"> Grabaci\u00f3n, mezcla y restauraci\u00f3n de audio <\/p>\n<\/p><\/div>\n<\/p><\/div>\n<div class=\"a_plus_column\">\n            <img decoding=\"async\" src=\"http:\/\/www.keysdash.com\/wp-content\/uploads\/product-description\/adobe\/images\/2c.png\" alt=\"image for this item\"><\/p>\n<div class=\"a_plus_info\">\n<h3 class=\"title_2 for_column\"> Adobe Spark <\/h3>\n<p class=\"center\"> Crea historias en v\u00eddeo en minutos. <\/p>\n<\/p><\/div>\n<\/p><\/div>\n<div class=\"clearvc\"><\/div>\n<\/p><\/div>\n<div class=\"section_head\">Pantalla en blanco para un dise\u00f1o brillante.<\/div>\n<div class=\"a_plus_module\">\n<div class=\"a_plus_info\">\n<p class=\"center\"> Creative Cloud cuenta con las herramientas de dise\u00f1o para dar vida a tus ideas, con apps para todo, desde composici\u00f3n de im\u00e1genes y edici\u00f3n de fotos hasta dise\u00f1o web, pintura digital, 3D y realidad aumentada. Crea logotipos, p\u00f3steres, anuncios, empaques y mucho m\u00e1s. Pinta, dibuja y boceta con pinceles digitales que funcionan igual que los de verdad. Con nuestras apps m\u00f3viles conectadas, puedes crear trabajos incre\u00edbles en cualquier lugar. <\/p>\n<\/p><\/div>\n<\/p><\/div>\n<div class=\"three_columns\">\n<div class=\"a_plus_column\">\n            <img decoding=\"async\" src=\"http:\/\/www.keysdash.com\/wp-content\/uploads\/product-description\/adobe\/images\/3a.png\" alt=\"image for this item\"><\/p>\n<div class=\"a_plus_info\">\n<h3 class=\"title_2 for_column\"> Photoshop <\/h3>\n<p class=\"center\"> Edici\u00f3n y composici\u00f3n de im\u00e1genes <\/p>\n<\/p><\/div>\n<\/p><\/div>\n<div class=\"a_plus_column\">\n            <img decoding=\"async\" src=\"http:\/\/www.keysdash.com\/wp-content\/uploads\/product-description\/adobe\/images\/3b.png\" alt=\"image for this item\"><\/p>\n<div class=\"a_plus_info\">\n<h3 class=\"title_2 for_column\"> Ilustrador <\/h3>\n<p class=\"center\"> Gr\u00e1ficos vectoriales e ilustraciones <\/p>\n<\/p><\/div>\n<\/p><\/div>\n<div class=\"a_plus_column\">\n            <img decoding=\"async\" src=\"http:\/\/www.keysdash.com\/wp-content\/uploads\/product-description\/adobe\/images\/3c.png\" alt=\"image for this item\"><\/p>\n<div class=\"a_plus_info\">\n<h3 class=\"title_2 for_column\"> InDesign <\/h3>\n<p class=\"center\"> Dise\u00f1o y maquetaci\u00f3n de p\u00e1ginas para publicaciones impresas y digitales <\/p>\n<\/p><\/div>\n<\/p><\/div>\n<div class=\"clearvc\"><\/div>\n<\/p><\/div>\n<div class=\"three_columns\">\n<div class=\"a_plus_column\">\n            <img decoding=\"async\" src=\"http:\/\/www.keysdash.com\/wp-content\/uploads\/product-description\/adobe\/images\/4a.png\" alt=\"image for this item\"><\/p>\n<div class=\"a_plus_info\">\n<h3 class=\"title_2 for_column\"> Adobe Spark <\/h3>\n<p class=\"center\"> Crea gr\u00e1ficos en minutos. <\/p>\n<\/p><\/div>\n<\/p><\/div>\n<div class=\"a_plus_column\">\n            <img decoding=\"async\" src=\"http:\/\/www.keysdash.com\/wp-content\/uploads\/product-description\/adobe\/images\/4b.png\" alt=\"image for this item\"><\/p>\n<div class=\"a_plus_info\">\n<h3 class=\"title_2 for_column\"> Boceto de Photoshop <\/h3>\n<p class=\"center\"> Crea dibujos y pinturas expresivos utilizando herramientas de dibujo naturales. <\/p>\n<\/p><\/div>\n<\/p><\/div>\n<div class=\"a_plus_column\">\n            <img decoding=\"async\" src=\"http:\/\/www.keysdash.com\/wp-content\/uploads\/product-description\/adobe\/images\/4c.png\" alt=\"image for this item\"><\/p>\n<div class=\"a_plus_info\">\n<h3 class=\"title_2 for_column\"> Captura <\/h3>\n<p class=\"center\"> Convierta im\u00e1genes en temas de color, gr\u00e1ficos vectoriales, patrones y m\u00e1s. <\/p>\n<\/p><\/div>\n<\/p><\/div>\n<div class=\"clearvc\"><\/div>\n<\/p><\/div>\n<div class=\"section_head\">Fotos incre\u00edbles. Sorprendentemente simple.<\/div>\n<div class=\"a_plus_module\">\n<div class=\"a_plus_info\">\n<p class=\"center\"> Create incredible photos with the world\u2019s best photography tools. Easily edit, organize, store, and share your full-resolution photos from anywhere with the Lightroom photo service. And transform your images into anything you can imagine with Photoshop. <\/p>\n<\/p><\/div>\n<\/p><\/div>\n<div class=\"four_columns\">\n<div class=\"a_plus_column\">\n            <img decoding=\"async\" src=\"http:\/\/www.keysdash.com\/wp-content\/uploads\/product-description\/adobe\/images\/5a.png\" alt=\"image for this item\"><\/p>\n<div class=\"a_plus_info\">\n<h3 class=\"title_2 for_column\"> Lightroom <\/h3>\n<p class=\"center\"> El servicio de fotograf\u00eda basado en la nube con 1 TB de almacenamiento en la nube <\/p>\n<\/p><\/div>\n<\/p><\/div>\n<div class=\"a_plus_column\">\n            <img decoding=\"async\" src=\"http:\/\/www.keysdash.com\/wp-content\/uploads\/product-description\/adobe\/images\/5b.png\" alt=\"image for this item\"><\/p>\n<div class=\"a_plus_info\">\n<h3 class=\"title_2 for_column\"> Photoshop <\/h3>\n<p class=\"center\"> Edici\u00f3n y composici\u00f3n de im\u00e1genes <\/p>\n<\/p><\/div>\n<\/p><\/div>\n<div class=\"a_plus_column\">\n            <img decoding=\"async\" src=\"http:\/\/www.keysdash.com\/wp-content\/uploads\/product-description\/adobe\/images\/5c.png\" alt=\"image for this item\"><\/p>\n<div class=\"a_plus_info\">\n<h3 class=\"title_2 for_column\"> Lightroom Classic <\/h3>\n<p class=\"center\"> Edici\u00f3n de fotos solo en el escritorio (no incluye copia de seguridad de fotos con resoluci\u00f3n completa) <\/p>\n<\/p><\/div>\n<\/p><\/div>\n<div class=\"a_plus_column\">\n            <img decoding=\"async\" src=\"http:\/\/www.keysdash.com\/wp-content\/uploads\/product-description\/adobe\/images\/5d.png\" alt=\"image for this item\"><\/p>\n<div class=\"a_plus_info\">\n<h3 class=\"title_2 for_column\"> Plan de fotograf\u00eda de Creative Cloud <\/h3>\n<p class=\"center\"> Obtenga Lightroom, almacenamiento en la nube y Photoshop <\/p>\n<\/p><\/div>\n<\/p><\/div>\n<div class=\"clearvc\"><\/div>\n<\/p><\/div>\n<div class=\"section_head\">El arte de la experiencia.<\/div>\n<div class=\"a_plus_module\">\n<div class=\"a_plus_info\">\n<p class=\"center\"> Convierte tus ideas m\u00e1s brillantes en experiencias fascinantes con nuestra familia de herramientas de dise\u00f1o web y UX. Crea p\u00e1ginas web modernas y responsivas con o sin programaci\u00f3n. Dise\u00f1a y crea prototipos para sitios web, aplicaciones m\u00f3viles y la pr\u00f3xima generaci\u00f3n de experiencias, desde dispositivos con voz hasta wearables. <\/p>\n<\/p><\/div>\n<\/p><\/div>\n<div class=\"three_columns\">\n<div class=\"a_plus_column\">\n            <img decoding=\"async\" src=\"http:\/\/www.keysdash.com\/wp-content\/uploads\/product-description\/adobe\/images\/6a.png\" alt=\"image for this item\"><\/p>\n<div class=\"a_plus_info\">\n<h3 class=\"title_2 for_column\"> Adobe XD <\/h3>\n<p class=\"center\"> Dise\u00f1ar, crear prototipos y compartir experiencias de usuario. <\/p>\n<\/p><\/div>\n<\/p><\/div>\n<div class=\"a_plus_column\">\n            <img decoding=\"async\" src=\"http:\/\/www.keysdash.com\/wp-content\/uploads\/product-description\/adobe\/images\/6b.png\" alt=\"image for this item\"><\/p>\n<div class=\"a_plus_info\">\n<h3 class=\"title_2 for_column\"> Tejedor de sue\u00f1os <\/h3>\n<p class=\"center\"> Dise\u00f1ar y desarrollar sitios web modernos y responsivos. <\/p>\n<\/p><\/div>\n<\/p><\/div>\n<div class=\"a_plus_column\">\n            <img decoding=\"async\" src=\"http:\/\/www.keysdash.com\/wp-content\/uploads\/product-description\/adobe\/images\/6c.png\" alt=\"image for this item\"><\/p>\n<div class=\"a_plus_info\">\n<h3 class=\"title_2 for_column\"> Adobe Spark <\/h3>\n<p class=\"center\"> Crea p\u00e1ginas web e historias en v\u00eddeo en minutos. <\/p>\n<\/p><\/div>\n<\/p><\/div>\n<div class=\"clearvc\"><\/div>\n<\/p><\/div>\n<div class=\"section_head\">There\u2019s more to your membership<\/div>\n<div class=\"a_plus_module\">\n<div class=\"a_plus_info\">\n<p class=\"center\"> Your Creative Cloud membership includes free services to help you get inspired, take your creativity further, and share it with the world. Find the perfect font, image, or template using the power of Adobe Sensei, create a customized web portfolio, and showcase your work in the world\u2019s largest creative community. <\/p>\n<\/p><\/div>\n<\/p><\/div>\n<div class=\"four_columns\">\n<div class=\"a_plus_column\">\n            <img decoding=\"async\" src=\"http:\/\/www.keysdash.com\/wp-content\/uploads\/product-description\/adobe\/images\/7a.png\" alt=\"image for this item\"><\/p>\n<div class=\"a_plus_info\">\n<h3 class=\"title_2 for_column\"> Adobe Stock <\/h3>\n<p class=\"center\"> Busque y licencie millones de activos de alta calidad dentro de sus aplicaciones. <\/p>\n<\/p><\/div>\n<\/p><\/div>\n<div class=\"a_plus_column\">\n            <img decoding=\"async\" src=\"http:\/\/www.keysdash.com\/wp-content\/uploads\/product-description\/adobe\/images\/7b.png\" alt=\"image for this item\"><\/p>\n<div class=\"a_plus_info\">\n<h3 class=\"title_2 for_column\"> Fuentes de Adobe <\/h3>\n<p class=\"center\"> Miles de fuentes a tu alcance <\/p>\n<\/p><\/div>\n<\/p><\/div>\n<div class=\"a_plus_column\">\n            <img decoding=\"async\" src=\"http:\/\/www.keysdash.com\/wp-content\/uploads\/product-description\/adobe\/images\/7c.png\" alt=\"image for this item\"><\/p>\n<div class=\"a_plus_info\">\n<h3 class=\"title_2 for_column\"> Portafolio de Adobe <\/h3>\n<p class=\"center\"> Crea y personaliza tu propio sitio web de portafolio. <\/p>\n<\/p><\/div>\n<\/p><\/div>\n<div class=\"a_plus_column\">\n            <img decoding=\"async\" src=\"http:\/\/www.keysdash.com\/wp-content\/uploads\/product-description\/adobe\/images\/7d.png\" alt=\"image for this item\"><\/p>\n<div class=\"a_plus_info\">\n<h3 class=\"title_2 for_column\"> Behance <\/h3>\n<p class=\"center\"> Muestra y descubre grandes trabajos creativos. <\/p>\n<\/p><\/div>\n<\/p><\/div>\n<div class=\"clearvc\"><\/div>\n<\/p><\/div>\n<div class=\"section_head\">We\u2019re imagining tomorrow and building it today.<\/div>\n<div class=\"a_plus_module\">\n<div class=\"a_plus_info\">\n<p class=\"center\"> Nuevas apps para experiencias de \u00faltima generaci\u00f3n est\u00e1n en camino. Echa un vistazo a nuestras \u00faltimas innovaciones. <\/p>\n<\/p><\/div>\n<\/p><\/div>\n<div class=\"three_columns\">\n<div class=\"a_plus_column\">\n            <img decoding=\"async\" src=\"http:\/\/www.keysdash.com\/wp-content\/uploads\/product-description\/adobe\/images\/8a.jpg\" alt=\"image for this item\"><\/p>\n<div class=\"a_plus_info\">\n<h3 class=\"title_2 for_column\"> No es Photoshop para iPad. <\/h3>\n<h3 class=\"title_2 for_column\"> Photoshop en el iPad. <\/h3>\n<\/p><\/div>\n<\/p><\/div>\n<div class=\"a_plus_column\">\n            <img decoding=\"async\" src=\"http:\/\/www.keysdash.com\/wp-content\/uploads\/product-description\/adobe\/images\/8b.jpg\" alt=\"image for this item\"><\/p>\n<div class=\"a_plus_info\">\n<h3 class=\"title_2 for_column\"> El futuro del dibujo y la pintura. <\/h3>\n<\/p><\/div>\n<\/p><\/div>\n<div class=\"a_plus_column\">\n            <img decoding=\"async\" src=\"http:\/\/www.keysdash.com\/wp-content\/uploads\/product-description\/adobe\/images\/8c.jpg\" alt=\"image for this item\"><\/p>\n<div class=\"a_plus_info\">\n<h3 class=\"title_2 for_column\"> Dise\u00f1o para realidad aumentada. <\/h3>\n<\/p><\/div>\n<\/p><\/div>\n<div class=\"clearvc\"><\/div>\n<\/p><\/div>\n<\/article>","protected":false},"excerpt":{"rendered":"<details >\n<summary>Sistema operativo<\/summary>\n<div class=\"cg-accordion-item\">\n<p>El producto tiene licencia para Mac, Windows, iOS.<\/p>\n<\/div>\n<\/details>\n<details >\n<summary>El tiempo de entrega<\/summary>\n<div class=\"cg-accordion-item\">\nEl producto se entregar\u00e1 digitalmente; recibir\u00e1 una copia digital en lugar de un producto f\u00edsico. El tiempo de entrega estimado es de 5 minutos, lo que significa que se espera que se entregue en 5 minutos despu\u00e9s de la compra.\n<\/div>\n<\/details>\n<details >\n<summary>DISPONIBILIDAD REGIONAL<\/summary>\n<div class=\"cg-accordion-item\">\n<p>Activaci\u00f3n mundial, sin restricciones regionales, certificado de nivel 1 compatible con PCI DSS<\/p>\n<\/div>\n<\/details>","protected":false},"featured_media":8123,"comment_status":"open","ping_status":"closed","template":"","meta":[],"product_brand":[],"product_cat":[64],"product_tag":[54,55],"class_list":{"0":"post-8122","1":"product","2":"type-product","3":"status-publish","4":"has-post-thumbnail","6":"product_cat-adobe","7":"product_tag-mac-os","8":"product_tag-windows","10":"first","11":"instock","12":"shipping-taxable","13":"purchasable","14":"product-type-simple"},"_links":{"self":[{"href":"https:\/\/www.keysdash.com\/es\/wp-json\/wp\/v2\/product\/8122","targetHints":{"allow":["GET"]}}],"collection":[{"href":"https:\/\/www.keysdash.com\/es\/wp-json\/wp\/v2\/product"}],"about":[{"href":"https:\/\/www.keysdash.com\/es\/wp-json\/wp\/v2\/types\/product"}],"replies":[{"embeddable":true,"href":"https:\/\/www.keysdash.com\/es\/wp-json\/wp\/v2\/comments?post=8122"}],"version-history":[{"count":2,"href":"https:\/\/www.keysdash.com\/es\/wp-json\/wp\/v2\/product\/8122\/revisions"}],"predecessor-version":[{"id":8131,"href":"https:\/\/www.keysdash.com\/es\/wp-json\/wp\/v2\/product\/8122\/revisions\/8131"}],"wp:featuredmedia":[{"embeddable":true,"href":"https:\/\/www.keysdash.com\/es\/wp-json\/wp\/v2\/media\/8123"}],"wp:attachment":[{"href":"https:\/\/www.keysdash.com\/es\/wp-json\/wp\/v2\/media?parent=8122"}],"wp:term":[{"taxonomy":"product_brand","embeddable":true,"href":"https:\/\/www.keysdash.com\/es\/wp-json\/wp\/v2\/product_brand?post=8122"},{"taxonomy":"product_cat","embeddable":true,"href":"https:\/\/www.keysdash.com\/es\/wp-json\/wp\/v2\/product_cat?post=8122"},{"taxonomy":"product_tag","embeddable":true,"href":"https:\/\/www.keysdash.com\/es\/wp-json\/wp\/v2\/product_tag?post=8122"}],"curies":[{"name":"wp","href":"https:\/\/api.w.org\/{rel}","templated":true}]}}