{"id":7781,"date":"2025-03-27T01:10:01","date_gmt":"2025-03-27T01:10:01","guid":{"rendered":"https:\/\/www.keysdash.com\/?post_type=product&#038;p=7781"},"modified":"2025-08-19T20:02:12","modified_gmt":"2025-08-19T20:02:12","slug":"microsoft-office-2016-professional-plus","status":"publish","type":"product","link":"https:\/\/www.keysdash.com\/fr\/produit\/microsoft-office-2016-professional-plus\/","title":{"rendered":"Microsoft Office 2016 Professionnel Plus"},"content":{"rendered":"<p>Microsoft Office 2016, la derni\u00e8re version de la suite bureautique de r\u00e9f\u00e9rence, inclut une vari\u00e9t\u00e9 d&#039;outils pour vous aider \u00e0 travailler plus efficacement. Avec Word, Excel, PowerPoint, OneNote, Outlook, Publisher et Access, vous disposez de tout le n\u00e9cessaire pour cr\u00e9er des documents, des pr\u00e9sentations et des feuilles de calcul professionnels, ainsi que pour g\u00e9rer vos e-mails et votre agenda.<\/p>\n<p>Les nouvelles fonctionnalit\u00e9s d&#039;Office 2016 incluent une interface simplifi\u00e9e, des outils de collaboration am\u00e9lior\u00e9s et une visualisation optimis\u00e9e des donn\u00e9es dans Excel. Vous pouvez \u00e9galement acc\u00e9der \u00e0 vos documents o\u00f9 que vous soyez gr\u00e2ce \u00e0 l&#039;int\u00e9gration OneDrive et utiliser Office sur votre appareil mobile avec Office Mobile.<\/p>\n<p>Passez \u00e0 Office 2016 d\u00e8s aujourd\u2019hui et faites passer votre productivit\u00e9 au niveau sup\u00e9rieur.<\/p>\n<p>Outils inclus dans Office 2016\u00a0:<\/p>\n<ul>\n<li>Word\u00a0: un puissant traitement de texte qui facilite la cr\u00e9ation de documents d\u2019aspect professionnel.<\/li>\n<li>Excel\u00a0: une application de tableur qui vous permet d\u2019organiser et d\u2019analyser des donn\u00e9es, de cr\u00e9er des graphiques et des diagrammes et d\u2019effectuer des calculs.<\/li>\n<li>PowerPoint\u00a0: un outil de pr\u00e9sentation qui vous permet de cr\u00e9er des pr\u00e9sentations dynamiques et visuellement \u00e9poustouflantes.<\/li>\n<li>OneNote\u00a0: un bloc-notes num\u00e9rique qui vous permet de prendre des notes, d\u2019organiser des informations et de collaborer avec d\u2019autres.<\/li>\n<li>Outlook\u00a0: une application de messagerie et de calendrier qui vous aide \u00e0 g\u00e9rer vos communications et votre emploi du temps.<\/li>\n<li>\u00c9diteur\u00a0: une application de publication assist\u00e9e par ordinateur qui facilite la cr\u00e9ation de brochures, de d\u00e9pliants et d\u2019autres supports marketing d\u2019aspect professionnel.<\/li>\n<li>Access : une application de base de donn\u00e9es qui vous permet de cr\u00e9er et de g\u00e9rer des bases de donn\u00e9es et des rapports.<\/li>\n<\/ul>\n<p>Nouvelles fonctionnalit\u00e9s d&#039;Office 2016\u00a0:<\/p>\n<ul>\n<li>Interface ruban simplifi\u00e9e\u00a0: l\u2019interface ruban, qui est la barre d\u2019outils en haut des applications Office, a \u00e9t\u00e9 simplifi\u00e9e pour faciliter la recherche et l\u2019utilisation des outils dont vous avez besoin.<\/li>\n<li>Outils de collaboration am\u00e9lior\u00e9s\u00a0: Office 2016 inclut de nouveaux outils qui facilitent le travail sur des documents avec d\u2019autres personnes en temps r\u00e9el, tels que la co-cr\u00e9ation dans Word et Excel, et la possibilit\u00e9 de partager et de travailler sur des blocs-notes OneNote avec d\u2019autres personnes.<\/li>\n<li>Visualisation am\u00e9lior\u00e9e des donn\u00e9es dans Excel\u00a0: Excel 2016 inclut de nouveaux types de graphiques et des outils d\u2019analyse de donn\u00e9es qui facilitent la transformation des donn\u00e9es en informations.<\/li>\n<li>Int\u00e9gration OneDrive\u00a0: Office 2016 vous permet d&#039;enregistrer vos documents sur OneDrive, le service de stockage cloud de Microsoft, afin que vous puissiez y acc\u00e9der de n&#039;importe o\u00f9 et travailler dessus avec d&#039;autres.<\/li>\n<li>Office Mobile\u00a0: Office 2016 vous permet d\u2019utiliser Office sur votre appareil mobile avec Office Mobile, afin que vous puissiez travailler en d\u00e9placement.<\/li>\n<\/ul>\n<p>Pourquoi passer \u00e0 Office 2016\u00a0: Si vous utilisez actuellement une ancienne version d&#039;Office, la mise \u00e0 niveau vers Office 2016 est un choix judicieux. Non seulement vous aurez acc\u00e8s \u00e0 toutes les nouvelles fonctionnalit\u00e9s et \u00e0 tous les nouveaux outils, mais vous pourrez \u00e9galement travailler avec les derniers formats de fichiers, ce qui garantit la compatibilit\u00e9 avec d&#039;autres utilisateurs d&#039;Office 2016. De plus, Office 2016 est enti\u00e8rement compatible avec Windows 10, la derni\u00e8re version du syst\u00e8me d&#039;exploitation Windows. Et si vous utilisez Office sur Mac, Office 2016 est \u00e9galement enti\u00e8rement pris en charge sur la derni\u00e8re version de macOS. Passez \u00e0 Office 2016 d\u00e8s aujourd&#039;hui et boostez votre productivit\u00e9. Gr\u00e2ce aux derniers outils et fonctionnalit\u00e9s, vous travaillerez plus efficacement et serez plus productif en moins de temps.<\/p>","protected":false},"excerpt":{"rendered":"<details >\n<summary>D\u00e9lai de livraison<\/summary>\n<div class=\"cg-accordion-item\">\nLe produit sera livr\u00e9 sous forme num\u00e9rique. Vous recevrez une copie num\u00e9rique plut\u00f4t qu&#039;un produit physique. Le d\u00e9lai de livraison est estim\u00e9 \u00e0 5 minutes, ce qui signifie que la livraison est pr\u00e9vue dans les 5 minutes suivant l&#039;achat.\n<\/div>\n<\/details>\n<details >\n<summary>Utilisation des appareils<\/summary>\n<div class=\"cg-accordion-item\">\n<p>Le produit est conc\u00e9d\u00e9 sous licence pour une installation unique\u00a0; vous ne pouvez l&#039;installer que sur un seul appareil. Il peut \u00eatre impossible de l&#039;installer sur plusieurs appareils ou de transf\u00e9rer la licence vers un autre appareil.<\/p>\n<\/div>\n<\/details>\n<details >\n<summary>DISPONIBILIT\u00c9 R\u00c9GIONALE<\/summary>\n<div class=\"cg-accordion-item\">\n<p>Activation mondiale, aucune restriction r\u00e9gionale, certifi\u00e9 conforme \u00e0 la norme PCI DSS de niveau 1<\/p>\n<\/div>\n<\/details>","protected":false},"featured_media":7410,"comment_status":"open","ping_status":"closed","template":"","meta":[],"product_brand":[],"product_cat":[51],"product_tag":[54,55],"class_list":{"0":"post-7781","1":"product","2":"type-product","3":"status-publish","4":"has-post-thumbnail","6":"product_cat-office","7":"product_tag-mac-os","8":"product_tag-windows","10":"first","11":"instock","12":"sale","13":"shipping-taxable","14":"purchasable","15":"product-type-simple"},"_links":{"self":[{"href":"https:\/\/www.keysdash.com\/fr\/wp-json\/wp\/v2\/product\/7781","targetHints":{"allow":["GET"]}}],"collection":[{"href":"https:\/\/www.keysdash.com\/fr\/wp-json\/wp\/v2\/product"}],"about":[{"href":"https:\/\/www.keysdash.com\/fr\/wp-json\/wp\/v2\/types\/product"}],"replies":[{"embeddable":true,"href":"https:\/\/www.keysdash.com\/fr\/wp-json\/wp\/v2\/comments?post=7781"}],"version-history":[{"count":0,"href":"https:\/\/www.keysdash.com\/fr\/wp-json\/wp\/v2\/product\/7781\/revisions"}],"wp:featuredmedia":[{"embeddable":true,"href":"https:\/\/www.keysdash.com\/fr\/wp-json\/wp\/v2\/media\/7410"}],"wp:attachment":[{"href":"https:\/\/www.keysdash.com\/fr\/wp-json\/wp\/v2\/media?parent=7781"}],"wp:term":[{"taxonomy":"product_brand","embeddable":true,"href":"https:\/\/www.keysdash.com\/fr\/wp-json\/wp\/v2\/product_brand?post=7781"},{"taxonomy":"product_cat","embeddable":true,"href":"https:\/\/www.keysdash.com\/fr\/wp-json\/wp\/v2\/product_cat?post=7781"},{"taxonomy":"product_tag","embeddable":true,"href":"https:\/\/www.keysdash.com\/fr\/wp-json\/wp\/v2\/product_tag?post=7781"}],"curies":[{"name":"wp","href":"https:\/\/api.w.org\/{rel}","templated":true}]}}