{"id":7786,"date":"2025-03-27T01:10:01","date_gmt":"2025-03-27T01:10:01","guid":{"rendered":"https:\/\/www.keysdash.com\/?post_type=product&#038;p=7786"},"modified":"2025-03-27T01:10:03","modified_gmt":"2025-03-27T01:10:03","slug":"microsoft-office-2021-home-student","status":"publish","type":"product","link":"https:\/\/www.keysdash.com\/fr\/produit\/microsoft-office-2021-home-student\/","title":{"rendered":"Microsoft Office 2021 Famille et \u00c9tudiant"},"content":{"rendered":"<link rel=\"stylesheet\" href=\"..\/..\/..\/wp-content\/uploads\/product-description\/o2021\/snipped.css\">\n<section id=\"brxe-rnplvt\" class=\"brxe-section snipcss-QFzq3\">\n<div id=\"brxe-msmpnz\" class=\"brxe-container\">\n<div id=\"brxe-kvyqiw\" class=\"brxe-block brx-grid\">\n<div id=\"brxe-ocwdzy\" class=\"brxe-block\">\n<h2 class=\"brxe-heading\">Votre bureau modernis\u00e9<\/h2>\n<div id=\"brxe-bwlxgz\" class=\"brxe-text-basic\">Cr\u00e9ez du contenu, restez organis\u00e9 et travaillez ensemble avec les versions mises \u00e0 jour de Word, Excel, PowerPoint et d\u2019autres applications dans Office 2021.<\/div>\n<\/p><\/div>\n<p><img loading=\"lazy\" width=\"1475\" height=\"768\" src=\"..\/..\/..\/wp-content\/uploads\/product-description\/o2021\/images\/RWMfGj.jpg.webp\" class=\"brxe-image css-filter size-full\" alt=\"\" decoding=\"async\" id=\"brxe-mcqjaf\" srcset=\"..\/..\/..\/wp-content\/uploads\/product-description\/o2021\/images\/RWMfGj.jpg.webp 1475w,  ..\/..\/..\/wp-content\/uploads\/product-description\/o2021\/images\/RWMfGj.jpg.webp 600w,  ..\/..\/..\/wp-content\/uploads\/product-description\/o2021\/images\/RWMfGj.jpg.webp 300w,  ..\/..\/..\/wp-content\/uploads\/product-description\/o2021\/images\/RWMfGj.jpg.webp 1024w,  ..\/..\/..\/wp-content\/uploads\/product-description\/o2021\/images\/RWMfGj.jpg.webp 768w\" sizes=\"auto, (max-width: 1475px) 100vw, 1475px\">\n        <\/div>\n<h3 class=\"brxe-heading\">D\u00e9couvrez les nouveaut\u00e9s d&#039;Office 2021<\/h3>\n<div id=\"brxe-lziysh\" class=\"brxe-block brx-grid\">\n<div id=\"brxe-lyaqkj\" class=\"brxe-block\">\n<h2 class=\"brxe-heading\">Cr\u00e9ez en toute confiance<\/h2>\n<div id=\"brxe-xkcark\" class=\"brxe-text-basic\">Produisez des documents et des pr\u00e9sentations attrayants avec des visuels nouveaux et modernes et trouvez rapidement ce dont vous avez besoin gr\u00e2ce \u00e0 des fonctionnalit\u00e9s de navigation et de recherche am\u00e9lior\u00e9es.<\/div>\n<\/p><\/div>\n<p><img loading=\"lazy\" width=\"1650\" height=\"1350\" src=\"..\/..\/..\/wp-content\/uploads\/product-description\/o2021\/images\/RWLSkd.jpg.webp\" class=\"brxe-image css-filter size-full\" alt=\"\" decoding=\"async\" id=\"brxe-hzoqim\" srcset=\"..\/..\/..\/wp-content\/uploads\/product-description\/o2021\/images\/RWLSkd.jpg.webp 1650w,  ..\/..\/..\/wp-content\/uploads\/product-description\/o2021\/images\/RWLSkd.jpg.webp 600w,  ..\/..\/..\/wp-content\/uploads\/product-description\/o2021\/images\/RWLSkd.jpg.webp 300w,  ..\/..\/..\/wp-content\/uploads\/product-description\/o2021\/images\/RWLSkd.jpg.webp 1024w,  ..\/..\/..\/wp-content\/uploads\/product-description\/o2021\/images\/RWLSkd.jpg.webp 768w,  ..\/..\/..\/wp-content\/uploads\/product-description\/o2021\/images\/RWLSkd.jpg.webp 1536w\" sizes=\"auto, (max-width: 1650px) 100vw, 1650px\">\n        <\/div>\n<div id=\"brxe-avltiy\" class=\"brxe-block brx-grid\">\n<div id=\"brxe-mrddxy\" class=\"brxe-block\">\n<h2 class=\"brxe-heading\">Organisez votre travail et votre vie<\/h2>\n<div id=\"brxe-yuykyw\" class=\"brxe-text-basic\">Produisez des documents et des pr\u00e9sentations attrayants avec des visuels nouveaux et modernes et trouvez rapidement ce dont vous avez besoin gr\u00e2ce \u00e0 des fonctionnalit\u00e9s de navigation et de recherche am\u00e9lior\u00e9es.<\/div>\n<\/p><\/div>\n<p><img loading=\"lazy\" width=\"1650\" height=\"1350\" src=\"..\/..\/..\/wp-content\/uploads\/product-description\/o2021\/images\/RWLA5H.jpg.webp\" class=\"brxe-image css-filter size-full\" alt=\"\" decoding=\"async\" id=\"brxe-vohsxr\" srcset=\"..\/..\/..\/wp-content\/uploads\/product-description\/o2021\/images\/RWLA5H.jpg.webp 1650w,  ..\/..\/..\/wp-content\/uploads\/product-description\/o2021\/images\/RWLA5H.jpg.webp 600w,  ..\/..\/..\/wp-content\/uploads\/product-description\/o2021\/images\/RWLA5H.jpg.webp 300w,  ..\/..\/..\/wp-content\/uploads\/product-description\/o2021\/images\/RWLA5H.jpg.webp 1024w,  ..\/..\/..\/wp-content\/uploads\/product-description\/o2021\/images\/RWLA5H.jpg.webp 768w,  ..\/..\/..\/wp-content\/uploads\/product-description\/o2021\/images\/RWLA5H.jpg.webp 1536w\" sizes=\"auto, (max-width: 1650px) 100vw, 1650px\">\n        <\/div>\n<div id=\"brxe-zoocnw\" class=\"brxe-block brx-grid\">\n<div id=\"brxe-bdhrpg\" class=\"brxe-block\">\n<h2 class=\"brxe-heading\">Suivez et organisez sans effort<\/h2>\n<div id=\"brxe-zliksx\" class=\"brxe-text-basic\">Utilisez des formules moins nombreuses et plus robustes pour cr\u00e9er rapidement des feuilles de calcul qui s&#039;actualisent au gr\u00e9 des changements d&#039;informations. Trouvez rapidement des donn\u00e9es gr\u00e2ce \u00e0 des fonctionnalit\u00e9s de navigation et de recherche am\u00e9lior\u00e9es.<\/div>\n<\/p><\/div>\n<p><img loading=\"lazy\" width=\"1650\" height=\"1350\" src=\"..\/..\/..\/wp-content\/uploads\/product-description\/o2021\/images\/RWLSkh.jpg.webp\" class=\"brxe-image css-filter size-full\" alt=\"\" decoding=\"async\" id=\"brxe-iqybqb\" srcset=\"..\/..\/..\/wp-content\/uploads\/product-description\/o2021\/images\/RWLSkh.jpg.webp 1650w,  ..\/..\/..\/wp-content\/uploads\/product-description\/o2021\/images\/RWLSkh.jpg.webp 600w,  ..\/..\/..\/wp-content\/uploads\/product-description\/o2021\/images\/RWLSkh.jpg.webp 300w,  ..\/..\/..\/wp-content\/uploads\/product-description\/o2021\/images\/RWLSkh.jpg.webp 1024w,  ..\/..\/..\/wp-content\/uploads\/product-description\/o2021\/images\/RWLSkh.jpg.webp 768w,  ..\/..\/..\/wp-content\/uploads\/product-description\/o2021\/images\/RWLSkh.jpg.webp 1536w\" sizes=\"auto, (max-width: 1650px) 100vw, 1650px\">\n        <\/div>\n<\/p><\/div>\n<\/section>","protected":false},"excerpt":{"rendered":"<details >\n<summary>D\u00e9lai de livraison<\/summary>\n<div class=\"cg-accordion-item\">\nLe produit sera livr\u00e9 sous forme num\u00e9rique. Vous recevrez une copie num\u00e9rique plut\u00f4t qu&#039;un produit physique. Le d\u00e9lai de livraison est estim\u00e9 \u00e0 5 minutes, ce qui signifie que la livraison est pr\u00e9vue dans les 5 minutes suivant l&#039;achat.\n<\/div>\n<\/details>\n<details >\n<summary>Utilisation des appareils<\/summary>\n<div class=\"cg-accordion-item\">\n<p>Le produit est conc\u00e9d\u00e9 sous licence pour une installation unique\u00a0; vous ne pouvez l&#039;installer que sur un seul appareil. Il peut \u00eatre impossible de l&#039;installer sur plusieurs appareils ou de transf\u00e9rer la licence vers un autre appareil.<\/p>\n<\/div>\n<\/details>\n<details >\n<summary>DISPONIBILIT\u00c9 R\u00c9GIONALE<\/summary>\n<div class=\"cg-accordion-item\">\n<p>Activation mondiale, aucune restriction r\u00e9gionale, certifi\u00e9 conforme \u00e0 la norme PCI DSS de niveau 1<\/p>\n<\/div>\n<\/details>","protected":false},"featured_media":7517,"comment_status":"closed","ping_status":"closed","template":"","meta":[],"product_brand":[],"product_cat":[51],"product_tag":[54,55],"class_list":{"0":"post-7786","1":"product","2":"type-product","3":"status-publish","4":"has-post-thumbnail","6":"product_cat-office","7":"product_tag-mac-os","8":"product_tag-windows","10":"first","11":"instock","12":"shipping-taxable","13":"purchasable","14":"product-type-simple"},"_links":{"self":[{"href":"https:\/\/www.keysdash.com\/fr\/wp-json\/wp\/v2\/product\/7786","targetHints":{"allow":["GET"]}}],"collection":[{"href":"https:\/\/www.keysdash.com\/fr\/wp-json\/wp\/v2\/product"}],"about":[{"href":"https:\/\/www.keysdash.com\/fr\/wp-json\/wp\/v2\/types\/product"}],"replies":[{"embeddable":true,"href":"https:\/\/www.keysdash.com\/fr\/wp-json\/wp\/v2\/comments?post=7786"}],"version-history":[{"count":0,"href":"https:\/\/www.keysdash.com\/fr\/wp-json\/wp\/v2\/product\/7786\/revisions"}],"wp:featuredmedia":[{"embeddable":true,"href":"https:\/\/www.keysdash.com\/fr\/wp-json\/wp\/v2\/media\/7517"}],"wp:attachment":[{"href":"https:\/\/www.keysdash.com\/fr\/wp-json\/wp\/v2\/media?parent=7786"}],"wp:term":[{"taxonomy":"product_brand","embeddable":true,"href":"https:\/\/www.keysdash.com\/fr\/wp-json\/wp\/v2\/product_brand?post=7786"},{"taxonomy":"product_cat","embeddable":true,"href":"https:\/\/www.keysdash.com\/fr\/wp-json\/wp\/v2\/product_cat?post=7786"},{"taxonomy":"product_tag","embeddable":true,"href":"https:\/\/www.keysdash.com\/fr\/wp-json\/wp\/v2\/product_tag?post=7786"}],"curies":[{"name":"wp","href":"https:\/\/api.w.org\/{rel}","templated":true}]}}