{"id":7788,"date":"2025-03-27T01:10:01","date_gmt":"2025-03-27T01:10:01","guid":{"rendered":"https:\/\/www.keysdash.com\/?post_type=product&#038;p=7788"},"modified":"2025-03-27T01:10:03","modified_gmt":"2025-03-27T01:10:03","slug":"microsoft-project-standard-2021","status":"publish","type":"product","link":"https:\/\/www.keysdash.com\/fr\/produit\/microsoft-project-standard-2021\/","title":{"rendered":"Microsoft Project Standard 2021"},"content":{"rendered":"<div id=\"brxe-prirlq\" class=\"brxe-container snipcss-lJRcj\">\n<h2 id=\"brxe-xwjmep\" class=\"brxe-heading\">Am\u00e9liorer la s\u00e9lection des projets et leur livraison dans les d\u00e9lais<\/h2>\n<div id=\"brxe-hkobtl\" class=\"brxe-text-basic\">G\u00e9rez vos projets plus efficacement avec les bons d\u00e9lais, les bons budgets et les bonnes ressources.<\/div>\n<div id=\"brxe-btkdem\" class=\"brxe-block brx-grid\">\n<div id=\"brxe-bmrtyo\" class=\"brxe-icon-box\">\n<div class=\"icon\"><i class=\"ti-bar-chart\"><\/i><\/div>\n<div class=\"content\">\n<p id=\"style-5iE3M\" class=\"style-5iE3M\">R\u00e9duisez les inefficacit\u00e9s et le temps de formation gr\u00e2ce \u00e0 des outils de planification automatis\u00e9s<\/p>\n<\/p><\/div>\n<\/p><\/div>\n<div id=\"brxe-htrozx\" class=\"brxe-icon-box\">\n<div class=\"icon\"><i class=\"ti-calendar\"><\/i><\/div>\n<div class=\"content\">\n<p id=\"style-zCKUe\" class=\"style-zCKUe\">G\u00e9rer efficacement les ressources pour constituer des \u00e9quipes de projet<\/p>\n<\/p><\/div>\n<\/p><\/div>\n<div id=\"brxe-hnhpkz\" class=\"brxe-icon-box\">\n<div class=\"icon\"><i class=\"ti-clipboard\"><\/i><\/div>\n<div class=\"content\">\n<p id=\"style-8Eh7m\" class=\"style-8Eh7m\">Prenez des d\u00e9cisions \u00e9clair\u00e9es gr\u00e2ce aux rapports int\u00e9gr\u00e9s<\/p>\n<\/p><\/div>\n<\/p><\/div>\n<\/p><\/div>\n<h2 class=\"brxe-heading\">Gardez vos projets organis\u00e9s et sur la bonne voie<\/h2>\n<div id=\"brxe-hriuou\" data-script-id=\"hriuou\" class=\"brxe-slider\">\n<div class=\"bricks-swiper-container swiper-initialized swiper-horizontal swiper-pointer-events swiper-backface-hidden\" data-script-args=\"{&quot;slidesPerView&quot;:1,&quot;slidesPerGroup&quot;:1,&quot;speed&quot;:300,&quot;effect&quot;:&quot;slide&quot;,&quot;spaceBetween&quot;:0,&quot;initialSlide&quot;:0,&quot;loop&quot;:true,&quot;centeredSlides&quot;:false,&quot;autoplay&quot;:{&quot;delay&quot;:3000,&quot;disableOnInteraction&quot;:false,&quot;pauseOnMouseEnter&quot;:true,&quot;stopOnLastSlide&quot;:false},&quot;navigation&quot;:true,&quot;pagination&quot;:true}\">\n<div class=\"swiper-wrapper style-TnvQU\" id=\"swiper-wrapper-2e1e7e4de8ebdba1\" aria-live=\"off\">\n<div class=\"repeater-item swiper-slide swiper-slide-duplicate swiper-slide-duplicate-next style-b7qrY\" data-swiper-slide-index=\"2\" role=\"group\" aria-label=\"3 \/ 3\" id=\"style-b7qrY\">\n<div class=\"slider-content\">\n<h3 class=\"title\">Cartes famili\u00e8res<\/h3>\n<div class=\"content\">\n<p id=\"style-LLz2d\" class=\"style-LLz2d\">Utilisez des outils que vous connaissez comme les diagrammes de Gantt pour cr\u00e9er des plannings en toute simplicit\u00e9 et r\u00e9duire le temps de formation.<\/p>\n<\/p><\/div>\n<\/p><\/div>\n<div class=\"image css-filter style-5VNlN\" id=\"style-5VNlN\"><\/div>\n<\/p><\/div>\n<div class=\"repeater-item swiper-slide swiper-slide-prev style-kXisS\" data-swiper-slide-index=\"0\" role=\"group\" aria-label=\"1 \/ 3\" id=\"style-kXisS\">\n<div class=\"slider-content\">\n<h3 class=\"title\">Lignes de base intuitives<\/h3>\n<div class=\"content\">\n<p>Permettre aux d\u00e9cideurs de suivre et de comparer les progr\u00e8s r\u00e9els par rapport au plan de projet initial.<\/p>\n<\/p><\/div>\n<\/p><\/div>\n<div class=\"image css-filter style-p6iPx\" id=\"style-p6iPx\"><\/div>\n<\/p><\/div>\n<div class=\"repeater-item swiper-slide swiper-slide-active style-kBHJ1\" data-swiper-slide-index=\"1\" role=\"group\" aria-label=\"2 \/ 3\" id=\"style-kBHJ1\">\n<div class=\"slider-content\">\n<h3 class=\"title\">Mod\u00e8les pr\u00e9d\u00e9finis<\/h3>\n<div class=\"content\">\n<p>Commencez facilement \u00e0 utiliser l\u2019un des nombreux mod\u00e8les pr\u00e9d\u00e9finis disponibles dans Project Professional.<\/p>\n<\/p><\/div>\n<\/p><\/div>\n<div class=\"image css-filter style-3QxCg\" id=\"style-3QxCg\"><\/div>\n<\/p><\/div>\n<div class=\"repeater-item swiper-slide swiper-slide-next style-SsPKJ\" data-swiper-slide-index=\"2\" role=\"group\" aria-label=\"3 \/ 3\" id=\"style-SsPKJ\">\n<div class=\"slider-content\">\n<h3 class=\"title\">Cartes famili\u00e8res<\/h3>\n<div class=\"content\">\n<p id=\"style-VeNor\" class=\"style-VeNor\">Utilisez des outils que vous connaissez comme les diagrammes de Gantt pour cr\u00e9er des plannings en toute simplicit\u00e9 et r\u00e9duire le temps de formation.<\/p>\n<\/p><\/div>\n<\/p><\/div>\n<div class=\"image css-filter style-X5Dsy\" id=\"style-X5Dsy\"><\/div>\n<\/p><\/div>\n<div class=\"repeater-item swiper-slide swiper-slide-duplicate swiper-slide-duplicate-prev style-94dcC\" data-swiper-slide-index=\"0\" role=\"group\" aria-label=\"1 \/ 3\" id=\"style-94dcC\">\n<div class=\"slider-content\">\n<h3 class=\"title\">Lignes de base intuitives<\/h3>\n<div class=\"content\">\n<p>Permettre aux d\u00e9cideurs de suivre et de comparer les progr\u00e8s r\u00e9els par rapport au plan de projet initial.<\/p>\n<\/p><\/div>\n<\/p><\/div>\n<div class=\"image css-filter style-ES65M\" id=\"style-ES65M\"><\/div>\n<\/p><\/div>\n<\/p><\/div>\n<p><span class=\"swiper-notification\" aria-live=\"assertive\" aria-atomic=\"true\"><\/span>\n        <\/div>\n<div class=\"swiper-pagination swiper-pagination-clickable swiper-pagination-bullets swiper-pagination-horizontal\"><span class=\"swiper-pagination-bullet\" tabindex=\"0\" role=\"button\" aria-label=\"Go to slide 1\"><\/span><span class=\"swiper-pagination-bullet swiper-pagination-bullet-active\" tabindex=\"0\" role=\"button\" aria-label=\"Go to slide 2\" aria-current=\"true\"><\/span><span class=\"swiper-pagination-bullet\" tabindex=\"0\" role=\"button\" aria-label=\"Go to slide 3\"><\/span><\/div>\n<div class=\"swiper-button bricks-swiper-button-prev\" tabindex=\"0\" role=\"button\" aria-label=\"Previous slide\" aria-controls=\"swiper-wrapper-2e1e7e4de8ebdba1\"><i class=\"ion-ios-arrow-back\"><\/i><\/div>\n<div class=\"swiper-button bricks-swiper-button-next\" tabindex=\"0\" role=\"button\" aria-label=\"Next slide\" aria-controls=\"swiper-wrapper-2e1e7e4de8ebdba1\"><i class=\"ion-ios-arrow-forward\"><\/i><\/div>\n<\/p><\/div>\n<h2 class=\"brxe-heading\">Additional benefits<\/h2>\n<div id=\"brxe-xlpdiz\" class=\"brxe-block brx-grid\">\n<div id=\"brxe-acihje\" class=\"brxe-block brx-grid\"><i id=\"brxe-poaszo\" class=\"brxe-icon ti-pencil-alt\"><\/i><\/p>\n<div class=\"brxe-block\">\n<h3 id=\"brxe-jhlqwg\" class=\"brxe-heading\">Informative reports<\/h3>\n<div class=\"brxe-text-basic\">Built-in reports like Burndown and Resource Overview provide insights to stakeholders to achieve better results.<\/div>\n<\/p><\/div>\n<\/p><\/div>\n<div id=\"brxe-jbyrsm\" class=\"brxe-block brx-grid\"><i id=\"brxe-syqcwb\" class=\"brxe-icon fas fa-business-time\"><\/i><\/p>\n<div class=\"brxe-block\">\n<h3 id=\"brxe-soppmr\" class=\"brxe-heading\">Timesheets<\/h3>\n<div class=\"brxe-text-basic\">Submit timesheets to capture time spent on project and non-project work for payroll, invoicing, and more.<\/div>\n<\/p><\/div>\n<\/p><\/div>\n<div id=\"brxe-jpjrpd\" class=\"brxe-block brx-grid\"><i id=\"brxe-nrkvbu\" class=\"brxe-icon ti-bar-chart\"><\/i><\/p>\n<div class=\"brxe-block\">\n<h3 id=\"brxe-bdffvv\" class=\"brxe-heading\">Visualize relationships<\/h3>\n<div class=\"brxe-text-basic\">Task path highlighting in Gantt charts gives you visibility to the relationships between tasks.<\/div>\n<\/p><\/div>\n<\/p><\/div>\n<div id=\"brxe-zgubbk\" class=\"brxe-block brx-grid\"><i id=\"brxe-cqqhdy\" class=\"brxe-icon ion-ios-people\"><\/i><\/p>\n<div class=\"brxe-block\">\n<h3 id=\"brxe-vlczkw\" class=\"brxe-heading\">Collaboration<\/h3>\n<div class=\"brxe-text-basic\">Hover over team members\u2019 names in a project plan to see online presence and start chats or calls through Microsoft Teams for Business (licensed separately).<\/div>\n<\/p><\/div>\n<\/p><\/div>\n<\/p><\/div>\n<\/div>","protected":false},"excerpt":{"rendered":"<details >\n<summary>D\u00e9lai de livraison<\/summary>\n<div class=\"cg-accordion-item\">\nLe produit sera livr\u00e9 sous forme num\u00e9rique. Vous recevrez une copie num\u00e9rique plut\u00f4t qu&#039;un produit physique. Le d\u00e9lai de livraison est estim\u00e9 \u00e0 5 minutes, ce qui signifie que la livraison est pr\u00e9vue dans les 5 minutes suivant l&#039;achat.\n<\/div>\n<\/details>\n<details >\n<summary>Utilisation des appareils<\/summary>\n<div class=\"cg-accordion-item\">\n<p>Le produit est conc\u00e9d\u00e9 sous licence pour une installation unique\u00a0; vous ne pouvez l&#039;installer que sur un seul appareil. Il peut \u00eatre impossible de l&#039;installer sur plusieurs appareils ou de transf\u00e9rer la licence vers un autre appareil.<\/p>\n<\/div>\n<\/details>\n<details >\n<summary>DISPONIBILIT\u00c9 R\u00c9GIONALE<\/summary>\n<div class=\"cg-accordion-item\">\n<p>Activation mondiale, aucune restriction r\u00e9gionale, certifi\u00e9 conforme \u00e0 la norme PCI DSS de niveau 1<\/p>\n<\/div>\n<\/details>","protected":false},"featured_media":7524,"comment_status":"open","ping_status":"closed","template":"","meta":[],"product_brand":[],"product_cat":[59],"product_tag":[57,58],"class_list":{"0":"post-7788","1":"product","2":"type-product","3":"status-publish","4":"has-post-thumbnail","6":"product_cat-project","7":"product_tag-apps","8":"product_tag-project","10":"first","11":"instock","12":"shipping-taxable","13":"purchasable","14":"product-type-simple"},"_links":{"self":[{"href":"https:\/\/www.keysdash.com\/fr\/wp-json\/wp\/v2\/product\/7788","targetHints":{"allow":["GET"]}}],"collection":[{"href":"https:\/\/www.keysdash.com\/fr\/wp-json\/wp\/v2\/product"}],"about":[{"href":"https:\/\/www.keysdash.com\/fr\/wp-json\/wp\/v2\/types\/product"}],"replies":[{"embeddable":true,"href":"https:\/\/www.keysdash.com\/fr\/wp-json\/wp\/v2\/comments?post=7788"}],"version-history":[{"count":0,"href":"https:\/\/www.keysdash.com\/fr\/wp-json\/wp\/v2\/product\/7788\/revisions"}],"wp:featuredmedia":[{"embeddable":true,"href":"https:\/\/www.keysdash.com\/fr\/wp-json\/wp\/v2\/media\/7524"}],"wp:attachment":[{"href":"https:\/\/www.keysdash.com\/fr\/wp-json\/wp\/v2\/media?parent=7788"}],"wp:term":[{"taxonomy":"product_brand","embeddable":true,"href":"https:\/\/www.keysdash.com\/fr\/wp-json\/wp\/v2\/product_brand?post=7788"},{"taxonomy":"product_cat","embeddable":true,"href":"https:\/\/www.keysdash.com\/fr\/wp-json\/wp\/v2\/product_cat?post=7788"},{"taxonomy":"product_tag","embeddable":true,"href":"https:\/\/www.keysdash.com\/fr\/wp-json\/wp\/v2\/product_tag?post=7788"}],"curies":[{"name":"wp","href":"https:\/\/api.w.org\/{rel}","templated":true}]}}