{"id":7802,"date":"2025-03-27T01:10:02","date_gmt":"2025-03-27T01:10:02","guid":{"rendered":"https:\/\/www.keysdash.com\/?post_type=product&#038;p=7802"},"modified":"2025-03-27T01:10:04","modified_gmt":"2025-03-27T01:10:04","slug":"auslogics-anti-malware-3-pc","status":"publish","type":"product","link":"https:\/\/www.keysdash.com\/fr\/produit\/auslogics-anti-malware-3-pc\/","title":{"rendered":"Auslogics Anti-Malware \u2013 3 PC"},"content":{"rendered":"<p>D\u00e9tecte les logiciels malveillants, les logiciels espions et les virus, puis les supprime de votre PC en toute s\u00e9curit\u00e9 pour le prot\u00e9ger au maximum. Ce programme est con\u00e7u pour compl\u00e9ter votre antivirus principal.<\/p>","protected":false},"excerpt":{"rendered":"<details >\n<summary>D\u00c9LAI DE LIVRAISON<\/summary>\n<div class=\"cg-accordion-item\">\n<p>Le produit sera livr\u00e9 sous forme num\u00e9rique. Vous recevrez une copie num\u00e9rique plut\u00f4t qu&#039;un produit physique. Le d\u00e9lai de livraison est estim\u00e9 \u00e0 5 minutes, ce qui signifie que la livraison est pr\u00e9vue dans les 5 minutes suivant l&#039;achat.<\/p>\n<\/div>\n<\/details>\n<details >\n<summary>Utilisation des appareils<\/summary>\n<div class=\"cg-accordion-item\">\n<p>Le produit est conc\u00e9d\u00e9 sous licence pour une installation unique\u00a0; vous ne pouvez l&#039;installer que sur un seul appareil. Il peut \u00eatre impossible de l&#039;installer sur plusieurs appareils ou de transf\u00e9rer la licence vers un autre appareil.<\/p>\n<\/div>\n<\/details>\n<details >\n<summary>DISPONIBILIT\u00c9 R\u00c9GIONALE<\/summary>\n<div class=\"cg-accordion-item\">\n<p>Activation mondiale, aucune restriction r\u00e9gionale, certifi\u00e9 conforme \u00e0 la norme PCI DSS de niveau 1<\/p>\n<\/div>\n<\/details>","protected":false},"featured_media":7682,"comment_status":"closed","ping_status":"closed","template":"","meta":[],"product_brand":[],"product_cat":[63],"product_tag":[],"class_list":{"0":"post-7802","1":"product","2":"type-product","3":"status-publish","4":"has-post-thumbnail","6":"product_cat-auslogics","8":"first","9":"instock","10":"shipping-taxable","11":"purchasable","12":"product-type-simple"},"_links":{"self":[{"href":"https:\/\/www.keysdash.com\/fr\/wp-json\/wp\/v2\/product\/7802","targetHints":{"allow":["GET"]}}],"collection":[{"href":"https:\/\/www.keysdash.com\/fr\/wp-json\/wp\/v2\/product"}],"about":[{"href":"https:\/\/www.keysdash.com\/fr\/wp-json\/wp\/v2\/types\/product"}],"replies":[{"embeddable":true,"href":"https:\/\/www.keysdash.com\/fr\/wp-json\/wp\/v2\/comments?post=7802"}],"version-history":[{"count":0,"href":"https:\/\/www.keysdash.com\/fr\/wp-json\/wp\/v2\/product\/7802\/revisions"}],"wp:featuredmedia":[{"embeddable":true,"href":"https:\/\/www.keysdash.com\/fr\/wp-json\/wp\/v2\/media\/7682"}],"wp:attachment":[{"href":"https:\/\/www.keysdash.com\/fr\/wp-json\/wp\/v2\/media?parent=7802"}],"wp:term":[{"taxonomy":"product_brand","embeddable":true,"href":"https:\/\/www.keysdash.com\/fr\/wp-json\/wp\/v2\/product_brand?post=7802"},{"taxonomy":"product_cat","embeddable":true,"href":"https:\/\/www.keysdash.com\/fr\/wp-json\/wp\/v2\/product_cat?post=7802"},{"taxonomy":"product_tag","embeddable":true,"href":"https:\/\/www.keysdash.com\/fr\/wp-json\/wp\/v2\/product_tag?post=7802"}],"curies":[{"name":"wp","href":"https:\/\/api.w.org\/{rel}","templated":true}]}}