{"id":7804,"date":"2025-03-27T01:10:02","date_gmt":"2025-03-27T01:10:02","guid":{"rendered":"https:\/\/www.keysdash.com\/?post_type=product&#038;p=7804"},"modified":"2025-09-09T00:14:59","modified_gmt":"2025-09-09T00:14:59","slug":"adobe-creative-cloud-1-year-subscription","status":"publish","type":"product","link":"https:\/\/www.keysdash.com\/fr\/produit\/adobe-creative-cloud-1-year-subscription\/","title":{"rendered":"Adobe Creative Cloud (abonnement d&#039;un an)"},"content":{"rendered":"<article class=\"a_plus_content\" style=\"font-family:Open Sans,Helvetica,Arial,sans-serif; color:#4d4d4d; line-height:1.36;\">\n<style>\n.a_plus_content * {\n    box-sizing: border-box;\n    margin: 0;\n    padding: 0;\n}\n.a_plus_content .logovc {\n    max-width: 100%;\n    height: 50px;\n    margin-left: 4%;\n    margin-top: 1em;\n    background: url(.\/images\/logo.png) no-repeat;\n}\n.a_plus_content .a_plus_module {\n    position: relative;\n    margin: 1em 0;\n    overflow: hidden;\n}\n.a_plus_content .section_head {\n    background-color: #efefef;\n    color: black;\n    margin-top: 1em;\n    text-align: center;\n    font-size: 1.5em;\n    font-weight: bold;\n    line-height: 1.5em;\n    padding: 5px;\n}\n.a_plus_content img {\n    display: block;\n    margin: 0 auto;\n    max-width: 100%;\n}\n.a_plus_content img.width_90 {\n    max-width: 92%;\n}\n.a_plus_content .a_plus_info {\n    padding: 0 4%;\n}\n.a_plus_content iframe {\n    width: 100%;\n    height: auto;\n    aspect-ratio: 16\/9;\n    border: none;\n}\n.a_plus_content .a_plus_column {\n    padding: 1em 0.5em;\n}\n.a_plus_content h3 {\n    font-weight: 700;\n    margin: 0 0 10px;\n    line-height: 1.5;\n    font-size: 16px;\n}\n.a_plus_content h3.title_1 {\n    color: black;\n    font-size: 1.5em;\n    font-weight: 700;\n    text-align: center;\n}\n.a_plus_content h3.title_2 {\n    color: black;\n    font-size: 1.1em;\n    font-weight: 500;\n    text-align: center;\n}\n.a_plus_content p {\n    font-size: 13px;\n    line-height: 1.4;\n    margin: 0.5em 0;\n    text-align: center;\n}\n.a_plus_content .three_columns, .a_plus_content .four_columns {\n    display: flex;\n    flex-wrap: wrap;\n    justify-content: center;\n}\n.a_plus_content .three_columns .a_plus_column {\n    flex: 1 1 calc(33.333% - 1em);\n    max-width: calc(33.333% - 1em);\n}\n.a_plus_content .four_columns .a_plus_column {\n    flex: 1 1 calc(25% - 1em);\n    max-width: calc(25% - 1em);\n}\n@media (max-width: 768px) {\n    .a_plus_content .three_columns .a_plus_column,\n    .a_plus_content .four_columns .a_plus_column {\n        flex: 1 1 100%;\n        max-width: 100%;\n    }\n}\n<\/style>\n<p><!-- Keep your full original content here, unchanged --><br \/>\n<!-- PASTE YOUR ORIGINAL HTML DESCRIPTION CONTENT INSIDE THIS ARTICLE --><\/p>\n<div class=\"logovc\"><\/div>\n<div class=\"a_plus_module\">\n        <img decoding=\"async\" class=\"width_90\" src=\"http:\/\/www.keysdash.com\/wp-content\/uploads\/product-description\/adobe\/images\/Creative_Cloud.jpg\" alt=\"Creative Cloud\"><\/p>\n<div class=\"a_plus_info\">\n<h3 class=\"title_1 center\"> Faites de grosses \u00e9conomies. R\u00eavez plus grand. <\/h3>\n<p class=\"center\"> Lorsque l\u2019imagination et l\u2019innovation se rencontrent, tout devient possible. <\/p>\n<p class=\"center\"> Creative Cloud vous offre les meilleures applications et services au monde pour la vid\u00e9o, le design, la photographie et le web. La prise en main est facile gr\u00e2ce aux tutoriels et mod\u00e8les int\u00e9gr\u00e9s. D\u00e9butant ou expert, vous avez tout ce qu&#039;il vous faut pour passer de vos r\u00eaves \u00e0 l&#039;action, o\u00f9 que vous soyez. <\/p>\n<\/p><\/div>\n<\/p><\/div>\n<div id=\"style-zzYog\" class=\"style-zzYog\">\n        <iframe width=\"100%\" src=\"https:\/\/www.youtube.com\/embed\/VTnDSbzktg0?mute=1&amp;enablejsapi=1&amp;origin=https%3A%2F%2Fwww.newegg.com\" frameborder=\"0\" allow=\"accelerometer; autoplay; encrypted-media; gyroscope; picture-in-picture\" allowfullscreen=\"\" data-gtm-yt-inspected-10635197_26=\"true\" id=\"643010725\" data-gtm-yt-inspected-9=\"true\" title=\"Adobe - Creative Cloud\" class=\"style-FkklD\"><br \/>\n        <\/iframe>\n    <\/div>\n<div class=\"section_head\">Affichez vos meilleures id\u00e9es sur tous les \u00e9crans.<\/div>\n<div class=\"a_plus_module\">\n<div class=\"a_plus_info\">\n<p class=\"center\"> Que vous soyez un YouTubeur en herbe ou un cin\u00e9aste hollywoodien, vous pouvez optimiser vos s\u00e9quences au cin\u00e9ma, \u00e0 la t\u00e9l\u00e9vision et sur le web gr\u00e2ce aux outils vid\u00e9o et audio d&#039;Adobe. Montez sur votre t\u00e9l\u00e9phone ou votre ordinateur. Ajoutez des graphismes, des effets et un son de qualit\u00e9 professionnelle. Animez presque tout. Tout fonctionne parfaitement sur toutes les applications et tous les appareils. <\/p>\n<\/p><\/div>\n<\/p><\/div>\n<div id=\"style-lpU1e\" class=\"style-lpU1e\">\n        <iframe width=\"100%\" src=\"https:\/\/www.youtube.com\/embed\/qQIl-zDmABI?mute=1&amp;enablejsapi=1&amp;origin=https%3A%2F%2Fwww.newegg.com\" frameborder=\"0\" allow=\"accelerometer; autoplay; encrypted-media; gyroscope; picture-in-picture\" allowfullscreen=\"\" data-gtm-yt-inspected-10635197_26=\"true\" id=\"465358825\" data-gtm-yt-inspected-9=\"true\" class=\"style-PLGsX\"><br \/>\n        <\/iframe>\n    <\/div>\n<div class=\"three_columns\">\n<div class=\"a_plus_column\">\n            <img decoding=\"async\" src=\"http:\/\/www.keysdash.com\/wp-content\/uploads\/product-description\/adobe\/images\/1a.png\" alt=\"image for this item\"><\/p>\n<div class=\"a_plus_info\">\n<h3 class=\"title_2 for_column\"> Premiere Pro <\/h3>\n<p class=\"center\"> Montage vid\u00e9o et film professionnel aux normes de l&#039;industrie <\/p>\n<\/p><\/div>\n<\/p><\/div>\n<div class=\"a_plus_column\">\n            <img decoding=\"async\" src=\"http:\/\/www.keysdash.com\/wp-content\/uploads\/product-description\/adobe\/images\/1b.png\" alt=\"image for this item\"><\/p>\n<div class=\"a_plus_info\">\n<h3 class=\"title_2 for_column\"> Premi\u00e8re Rush <\/h3>\n<p class=\"center\"> Cr\u00e9ez et partagez des vid\u00e9os en ligne o\u00f9 que vous soyez. <\/p>\n<\/p><\/div>\n<\/p><\/div>\n<div class=\"a_plus_column\">\n            <img decoding=\"async\" src=\"http:\/\/www.keysdash.com\/wp-content\/uploads\/product-description\/adobe\/images\/1c.png\" alt=\"image for this item\"><\/p>\n<div class=\"a_plus_info\">\n<h3 class=\"title_2 for_column\"> After Effects <\/h3>\n<p class=\"center\"> Effets visuels cin\u00e9matographiques et graphiques anim\u00e9s <\/p>\n<\/p><\/div>\n<\/p><\/div>\n<div class=\"clearvc\"><\/div>\n<\/p><\/div>\n<div class=\"three_columns\">\n<div class=\"a_plus_column\">\n            <img decoding=\"async\" src=\"http:\/\/www.keysdash.com\/wp-content\/uploads\/product-description\/adobe\/images\/2a.png\" alt=\"image for this item\"><\/p>\n<div class=\"a_plus_info\">\n<h3 class=\"title_2 for_column\"> Animateur de personnages <\/h3>\n<p class=\"center\"> Animez vos personnages 2D en temps r\u00e9el. <\/p>\n<\/p><\/div>\n<\/p><\/div>\n<div class=\"a_plus_column\">\n            <img decoding=\"async\" src=\"http:\/\/www.keysdash.com\/wp-content\/uploads\/product-description\/adobe\/images\/2b.png\" alt=\"image for this item\"><\/p>\n<div class=\"a_plus_info\">\n<h3 class=\"title_2 for_column\"> Adobe Audition <\/h3>\n<p class=\"center\"> Enregistrement audio, mixage et restauration <\/p>\n<\/p><\/div>\n<\/p><\/div>\n<div class=\"a_plus_column\">\n            <img decoding=\"async\" src=\"http:\/\/www.keysdash.com\/wp-content\/uploads\/product-description\/adobe\/images\/2c.png\" alt=\"image for this item\"><\/p>\n<div class=\"a_plus_info\">\n<h3 class=\"title_2 for_column\"> Adobe Spark <\/h3>\n<p class=\"center\"> Cr\u00e9ez des histoires vid\u00e9o en quelques minutes. <\/p>\n<\/p><\/div>\n<\/p><\/div>\n<div class=\"clearvc\"><\/div>\n<\/p><\/div>\n<div class=\"section_head\">\u00c9cran vierge pour un design brillant.<\/div>\n<div class=\"a_plus_module\">\n<div class=\"a_plus_info\">\n<p class=\"center\"> Creative Cloud vous offre les outils de conception n\u00e9cessaires pour donner vie \u00e0 vos id\u00e9es, avec des applications pour tous types de projets, de la composition d&#039;images \u00e0 la retouche photo, en passant par la conception de sites web, la peinture num\u00e9rique, la 3D et la r\u00e9alit\u00e9 augment\u00e9e. Cr\u00e9ez des logos, des affiches, des publicit\u00e9s, des emballages et bien plus encore. Peignez, dessinez et esquissez avec des pinceaux num\u00e9riques aussi r\u00e9alistes que des objets r\u00e9els. Gr\u00e2ce \u00e0 nos applications mobiles connect\u00e9es, r\u00e9alisez des \u0153uvres exceptionnelles o\u00f9 que vous soyez. <\/p>\n<\/p><\/div>\n<\/p><\/div>\n<div class=\"three_columns\">\n<div class=\"a_plus_column\">\n            <img decoding=\"async\" src=\"http:\/\/www.keysdash.com\/wp-content\/uploads\/product-description\/adobe\/images\/3a.png\" alt=\"image for this item\"><\/p>\n<div class=\"a_plus_info\">\n<h3 class=\"title_2 for_column\"> Photoshop <\/h3>\n<p class=\"center\"> Retouche et composition d&#039;images <\/p>\n<\/p><\/div>\n<\/p><\/div>\n<div class=\"a_plus_column\">\n            <img decoding=\"async\" src=\"http:\/\/www.keysdash.com\/wp-content\/uploads\/product-description\/adobe\/images\/3b.png\" alt=\"image for this item\"><\/p>\n<div class=\"a_plus_info\">\n<h3 class=\"title_2 for_column\"> Illustrateur <\/h3>\n<p class=\"center\"> Graphiques vectoriels et illustrations <\/p>\n<\/p><\/div>\n<\/p><\/div>\n<div class=\"a_plus_column\">\n            <img decoding=\"async\" src=\"http:\/\/www.keysdash.com\/wp-content\/uploads\/product-description\/adobe\/images\/3c.png\" alt=\"image for this item\"><\/p>\n<div class=\"a_plus_info\">\n<h3 class=\"title_2 for_column\"> InDesign <\/h3>\n<p class=\"center\"> Conception et mise en page de pages pour l&#039;\u00e9dition imprim\u00e9e et num\u00e9rique <\/p>\n<\/p><\/div>\n<\/p><\/div>\n<div class=\"clearvc\"><\/div>\n<\/p><\/div>\n<div class=\"three_columns\">\n<div class=\"a_plus_column\">\n            <img decoding=\"async\" src=\"http:\/\/www.keysdash.com\/wp-content\/uploads\/product-description\/adobe\/images\/4a.png\" alt=\"image for this item\"><\/p>\n<div class=\"a_plus_info\">\n<h3 class=\"title_2 for_column\"> Adobe Spark <\/h3>\n<p class=\"center\"> Cr\u00e9ez des graphiques en quelques minutes. <\/p>\n<\/p><\/div>\n<\/p><\/div>\n<div class=\"a_plus_column\">\n            <img decoding=\"async\" src=\"http:\/\/www.keysdash.com\/wp-content\/uploads\/product-description\/adobe\/images\/4b.png\" alt=\"image for this item\"><\/p>\n<div class=\"a_plus_info\">\n<h3 class=\"title_2 for_column\"> Croquis Photoshop <\/h3>\n<p class=\"center\"> Cr\u00e9ez des dessins et des peintures expressifs \u00e0 l\u2019aide d\u2019outils de dessin naturels. <\/p>\n<\/p><\/div>\n<\/p><\/div>\n<div class=\"a_plus_column\">\n            <img decoding=\"async\" src=\"http:\/\/www.keysdash.com\/wp-content\/uploads\/product-description\/adobe\/images\/4c.png\" alt=\"image for this item\"><\/p>\n<div class=\"a_plus_info\">\n<h3 class=\"title_2 for_column\"> Capturer <\/h3>\n<p class=\"center\"> Transformez les images en th\u00e8mes de couleurs, graphiques vectoriels, motifs et bien plus encore. <\/p>\n<\/p><\/div>\n<\/p><\/div>\n<div class=\"clearvc\"><\/div>\n<\/p><\/div>\n<div class=\"section_head\">Des photos incroyables. \u00c9tonnamment simples.<\/div>\n<div class=\"a_plus_module\">\n<div class=\"a_plus_info\">\n<p class=\"center\"> Cr\u00e9ez des photos incroyables avec les meilleurs outils photo au monde. Retouchez, organisez, stockez et partagez facilement vos photos haute r\u00e9solution o\u00f9 que vous soyez gr\u00e2ce au service photo Lightroom. Et transformez vos images en toutes vos cr\u00e9ations avec Photoshop. <\/p>\n<\/p><\/div>\n<\/p><\/div>\n<div class=\"four_columns\">\n<div class=\"a_plus_column\">\n            <img decoding=\"async\" src=\"http:\/\/www.keysdash.com\/wp-content\/uploads\/product-description\/adobe\/images\/5a.png\" alt=\"image for this item\"><\/p>\n<div class=\"a_plus_info\">\n<h3 class=\"title_2 for_column\"> Lightroom <\/h3>\n<p class=\"center\"> Le service photo bas\u00e9 sur le cloud avec 1 To de stockage cloud <\/p>\n<\/p><\/div>\n<\/p><\/div>\n<div class=\"a_plus_column\">\n            <img decoding=\"async\" src=\"http:\/\/www.keysdash.com\/wp-content\/uploads\/product-description\/adobe\/images\/5b.png\" alt=\"image for this item\"><\/p>\n<div class=\"a_plus_info\">\n<h3 class=\"title_2 for_column\"> Photoshop <\/h3>\n<p class=\"center\"> Retouche et composition d&#039;images <\/p>\n<\/p><\/div>\n<\/p><\/div>\n<div class=\"a_plus_column\">\n            <img decoding=\"async\" src=\"http:\/\/www.keysdash.com\/wp-content\/uploads\/product-description\/adobe\/images\/5c.png\" alt=\"image for this item\"><\/p>\n<div class=\"a_plus_info\">\n<h3 class=\"title_2 for_column\"> Lightroom Classic <\/h3>\n<p class=\"center\"> Retouche photo sur ordinateur uniquement (n&#039;inclut pas la sauvegarde des photos en pleine r\u00e9solution) <\/p>\n<\/p><\/div>\n<\/p><\/div>\n<div class=\"a_plus_column\">\n            <img decoding=\"async\" src=\"http:\/\/www.keysdash.com\/wp-content\/uploads\/product-description\/adobe\/images\/5d.png\" alt=\"image for this item\"><\/p>\n<div class=\"a_plus_info\">\n<h3 class=\"title_2 for_column\"> Forfait Photographie Creative Cloud <\/h3>\n<p class=\"center\"> Obtenez Lightroom, le stockage cloud et Photoshop <\/p>\n<\/p><\/div>\n<\/p><\/div>\n<div class=\"clearvc\"><\/div>\n<\/p><\/div>\n<div class=\"section_head\">L&#039;art de l&#039;exp\u00e9rience.<\/div>\n<div class=\"a_plus_module\">\n<div class=\"a_plus_info\">\n<p class=\"center\"> Transformez vos id\u00e9es les plus brillantes en exp\u00e9riences exceptionnelles gr\u00e2ce \u00e0 notre gamme d&#039;outils de conception web et UX. Cr\u00e9ez des pages web modernes et responsives, avec ou sans codage. Concevez et prototypez des sites web, des applications mobiles et des exp\u00e9riences nouvelle g\u00e9n\u00e9ration, des appareils \u00e0 commande vocale aux objets connect\u00e9s. <\/p>\n<\/p><\/div>\n<\/p><\/div>\n<div class=\"three_columns\">\n<div class=\"a_plus_column\">\n            <img decoding=\"async\" src=\"http:\/\/www.keysdash.com\/wp-content\/uploads\/product-description\/adobe\/images\/6a.png\" alt=\"image for this item\"><\/p>\n<div class=\"a_plus_info\">\n<h3 class=\"title_2 for_column\"> Adobe XD <\/h3>\n<p class=\"center\"> Concevez, prototypez et partagez les exp\u00e9riences des utilisateurs. <\/p>\n<\/p><\/div>\n<\/p><\/div>\n<div class=\"a_plus_column\">\n            <img decoding=\"async\" src=\"http:\/\/www.keysdash.com\/wp-content\/uploads\/product-description\/adobe\/images\/6b.png\" alt=\"image for this item\"><\/p>\n<div class=\"a_plus_info\">\n<h3 class=\"title_2 for_column\"> Dreamweaver <\/h3>\n<p class=\"center\"> Concevez et d\u00e9veloppez des sites Web modernes et r\u00e9actifs. <\/p>\n<\/p><\/div>\n<\/p><\/div>\n<div class=\"a_plus_column\">\n            <img decoding=\"async\" src=\"http:\/\/www.keysdash.com\/wp-content\/uploads\/product-description\/adobe\/images\/6c.png\" alt=\"image for this item\"><\/p>\n<div class=\"a_plus_info\">\n<h3 class=\"title_2 for_column\"> Adobe Spark <\/h3>\n<p class=\"center\"> Cr\u00e9ez des pages Web et des histoires vid\u00e9o en quelques minutes. <\/p>\n<\/p><\/div>\n<\/p><\/div>\n<div class=\"clearvc\"><\/div>\n<\/p><\/div>\n<div class=\"section_head\">Votre adh\u00e9sion vous offre bien plus<\/div>\n<div class=\"a_plus_module\">\n<div class=\"a_plus_info\">\n<p class=\"center\"> Votre abonnement Creative Cloud inclut des services gratuits pour vous inspirer, d\u00e9velopper votre cr\u00e9ativit\u00e9 et la partager avec le monde entier. Trouvez la police, l&#039;image ou le mod\u00e8le id\u00e9al gr\u00e2ce \u00e0 la puissance d&#039;Adobe Sensei, cr\u00e9ez un portfolio web personnalis\u00e9 et pr\u00e9sentez votre travail au sein de la plus grande communaut\u00e9 cr\u00e9ative au monde. <\/p>\n<\/p><\/div>\n<\/p><\/div>\n<div class=\"four_columns\">\n<div class=\"a_plus_column\">\n            <img decoding=\"async\" src=\"http:\/\/www.keysdash.com\/wp-content\/uploads\/product-description\/adobe\/images\/7a.png\" alt=\"image for this item\"><\/p>\n<div class=\"a_plus_info\">\n<h3 class=\"title_2 for_column\"> Adobe Stock <\/h3>\n<p class=\"center\"> Recherchez et licenciez des millions d&#039;actifs de haute qualit\u00e9 dans vos applications. <\/p>\n<\/p><\/div>\n<\/p><\/div>\n<div class=\"a_plus_column\">\n            <img decoding=\"async\" src=\"http:\/\/www.keysdash.com\/wp-content\/uploads\/product-description\/adobe\/images\/7b.png\" alt=\"image for this item\"><\/p>\n<div class=\"a_plus_info\">\n<h3 class=\"title_2 for_column\"> Polices Adobe <\/h3>\n<p class=\"center\"> Des milliers de polices \u00e0 port\u00e9e de main <\/p>\n<\/p><\/div>\n<\/p><\/div>\n<div class=\"a_plus_column\">\n            <img decoding=\"async\" src=\"http:\/\/www.keysdash.com\/wp-content\/uploads\/product-description\/adobe\/images\/7c.png\" alt=\"image for this item\"><\/p>\n<div class=\"a_plus_info\">\n<h3 class=\"title_2 for_column\"> Adobe Portfolio <\/h3>\n<p class=\"center\"> Cr\u00e9ez et personnalisez votre propre site Web de portfolio. <\/p>\n<\/p><\/div>\n<\/p><\/div>\n<div class=\"a_plus_column\">\n            <img decoding=\"async\" src=\"http:\/\/www.keysdash.com\/wp-content\/uploads\/product-description\/adobe\/images\/7d.png\" alt=\"image for this item\"><\/p>\n<div class=\"a_plus_info\">\n<h3 class=\"title_2 for_column\"> Behance <\/h3>\n<p class=\"center\"> Pr\u00e9sentez et d\u00e9couvrez de superbes \u0153uvres cr\u00e9atives. <\/p>\n<\/p><\/div>\n<\/p><\/div>\n<div class=\"clearvc\"><\/div>\n<\/p><\/div>\n<div class=\"section_head\">Nous imaginons demain et le construisons aujourd&#039;hui.<\/div>\n<div class=\"a_plus_module\">\n<div class=\"a_plus_info\">\n<p class=\"center\"> De nouvelles applications pour des exp\u00e9riences nouvelle g\u00e9n\u00e9ration arrivent bient\u00f4t. D\u00e9couvrez nos derni\u00e8res innovations. <\/p>\n<\/p><\/div>\n<\/p><\/div>\n<div class=\"three_columns\">\n<div class=\"a_plus_column\">\n            <img decoding=\"async\" src=\"http:\/\/www.keysdash.com\/wp-content\/uploads\/product-description\/adobe\/images\/8a.jpg\" alt=\"image for this item\"><\/p>\n<div class=\"a_plus_info\">\n<h3 class=\"title_2 for_column\"> Pas Photoshop pour l&#039;iPad. <\/h3>\n<h3 class=\"title_2 for_column\"> Photoshop sur iPad. <\/h3>\n<\/p><\/div>\n<\/p><\/div>\n<div class=\"a_plus_column\">\n            <img decoding=\"async\" src=\"http:\/\/www.keysdash.com\/wp-content\/uploads\/product-description\/adobe\/images\/8b.jpg\" alt=\"image for this item\"><\/p>\n<div class=\"a_plus_info\">\n<h3 class=\"title_2 for_column\"> L&#039;avenir du dessin et de la peinture. <\/h3>\n<\/p><\/div>\n<\/p><\/div>\n<div class=\"a_plus_column\">\n            <img decoding=\"async\" src=\"http:\/\/www.keysdash.com\/wp-content\/uploads\/product-description\/adobe\/images\/8c.jpg\" alt=\"image for this item\"><\/p>\n<div class=\"a_plus_info\">\n<h3 class=\"title_2 for_column\"> Conception pour la r\u00e9alit\u00e9 augment\u00e9e. <\/h3>\n<\/p><\/div>\n<\/p><\/div>\n<div class=\"clearvc\"><\/div>\n<\/p><\/div>\n<\/article>","protected":false},"excerpt":{"rendered":"<details >\n<summary>Syst\u00e8me op\u00e9rateur<\/summary>\n<div class=\"cg-accordion-item\">\n<p>Le produit est sous licence pour Mac, Windows, iOS.<\/p>\n<\/div>\n<\/details>\n<details >\n<summary>D\u00e9lai de livraison<\/summary>\n<div class=\"cg-accordion-item\">\nLe produit sera livr\u00e9 sous forme num\u00e9rique. Vous recevrez une copie num\u00e9rique plut\u00f4t qu&#039;un produit physique. Le d\u00e9lai de livraison est estim\u00e9 \u00e0 5 minutes, ce qui signifie que la livraison est pr\u00e9vue dans les 5 minutes suivant l&#039;achat.\n<\/div>\n<\/details>\n<details >\n<summary>DISPONIBILIT\u00c9 R\u00c9GIONALE<\/summary>\n<div class=\"cg-accordion-item\">\n<p>Activation mondiale, aucune restriction r\u00e9gionale, certifi\u00e9 conforme \u00e0 la norme PCI DSS de niveau 1<\/p>\n<\/div>\n<\/details>","protected":false},"featured_media":7830,"comment_status":"open","ping_status":"closed","template":"","meta":[],"product_brand":[],"product_cat":[64],"product_tag":[54,55],"class_list":{"0":"post-7804","1":"product","2":"type-product","3":"status-publish","4":"has-post-thumbnail","6":"product_cat-adobe","7":"product_tag-mac-os","8":"product_tag-windows","10":"first","11":"instock","12":"shipping-taxable","13":"purchasable","14":"product-type-simple"},"_links":{"self":[{"href":"https:\/\/www.keysdash.com\/fr\/wp-json\/wp\/v2\/product\/7804","targetHints":{"allow":["GET"]}}],"collection":[{"href":"https:\/\/www.keysdash.com\/fr\/wp-json\/wp\/v2\/product"}],"about":[{"href":"https:\/\/www.keysdash.com\/fr\/wp-json\/wp\/v2\/types\/product"}],"replies":[{"embeddable":true,"href":"https:\/\/www.keysdash.com\/fr\/wp-json\/wp\/v2\/comments?post=7804"}],"version-history":[{"count":1,"href":"https:\/\/www.keysdash.com\/fr\/wp-json\/wp\/v2\/product\/7804\/revisions"}],"predecessor-version":[{"id":8111,"href":"https:\/\/www.keysdash.com\/fr\/wp-json\/wp\/v2\/product\/7804\/revisions\/8111"}],"wp:featuredmedia":[{"embeddable":true,"href":"https:\/\/www.keysdash.com\/fr\/wp-json\/wp\/v2\/media\/7830"}],"wp:attachment":[{"href":"https:\/\/www.keysdash.com\/fr\/wp-json\/wp\/v2\/media?parent=7804"}],"wp:term":[{"taxonomy":"product_brand","embeddable":true,"href":"https:\/\/www.keysdash.com\/fr\/wp-json\/wp\/v2\/product_brand?post=7804"},{"taxonomy":"product_cat","embeddable":true,"href":"https:\/\/www.keysdash.com\/fr\/wp-json\/wp\/v2\/product_cat?post=7804"},{"taxonomy":"product_tag","embeddable":true,"href":"https:\/\/www.keysdash.com\/fr\/wp-json\/wp\/v2\/product_tag?post=7804"}],"curies":[{"name":"wp","href":"https:\/\/api.w.org\/{rel}","templated":true}]}}