{"id":7788,"date":"2025-03-27T01:10:01","date_gmt":"2025-03-27T01:10:01","guid":{"rendered":"https:\/\/www.keysdash.com\/?post_type=product&#038;p=7788"},"modified":"2025-03-27T01:10:03","modified_gmt":"2025-03-27T01:10:03","slug":"microsoft-project-standard-2021","status":"publish","type":"product","link":"https:\/\/www.keysdash.com\/it\/prodotto\/microsoft-project-standard-2021\/","title":{"rendered":"Microsoft Project Standard 2021"},"content":{"rendered":"<div id=\"brxe-prirlq\" class=\"brxe-container snipcss-lJRcj\">\n<h2 id=\"brxe-xwjmep\" class=\"brxe-heading\">Improve project selection and on-time delivery<\/h2>\n<div id=\"brxe-hkobtl\" class=\"brxe-text-basic\">Manage your projects more efficiently with the right timelines, budgets, and resources.<\/div>\n<div id=\"brxe-btkdem\" class=\"brxe-block brx-grid\">\n<div id=\"brxe-bmrtyo\" class=\"brxe-icon-box\">\n<div class=\"icon\"><i class=\"ti-bar-chart\"><\/i><\/div>\n<div class=\"content\">\n<p id=\"style-5iE3M\" class=\"style-5iE3M\">Reduce inefficiencies and training time with automated scheduling tools<\/p>\n<\/p><\/div>\n<\/p><\/div>\n<div id=\"brxe-htrozx\" class=\"brxe-icon-box\">\n<div class=\"icon\"><i class=\"ti-calendar\"><\/i><\/div>\n<div class=\"content\">\n<p id=\"style-zCKUe\" class=\"style-zCKUe\">Manage resources effectively to build project teams<\/p>\n<\/p><\/div>\n<\/p><\/div>\n<div id=\"brxe-hnhpkz\" class=\"brxe-icon-box\">\n<div class=\"icon\"><i class=\"ti-clipboard\"><\/i><\/div>\n<div class=\"content\">\n<p id=\"style-8Eh7m\" class=\"style-8Eh7m\">Make informed decisions with built-in reports<\/p>\n<\/p><\/div>\n<\/p><\/div>\n<\/p><\/div>\n<h2 class=\"brxe-heading\">Keep your projects organized and on track<\/h2>\n<div id=\"brxe-hriuou\" data-script-id=\"hriuou\" class=\"brxe-slider\">\n<div class=\"bricks-swiper-container swiper-initialized swiper-horizontal swiper-pointer-events swiper-backface-hidden\" data-script-args=\"{&quot;slidesPerView&quot;:1,&quot;slidesPerGroup&quot;:1,&quot;speed&quot;:300,&quot;effect&quot;:&quot;slide&quot;,&quot;spaceBetween&quot;:0,&quot;initialSlide&quot;:0,&quot;loop&quot;:true,&quot;centeredSlides&quot;:false,&quot;autoplay&quot;:{&quot;delay&quot;:3000,&quot;disableOnInteraction&quot;:false,&quot;pauseOnMouseEnter&quot;:true,&quot;stopOnLastSlide&quot;:false},&quot;navigation&quot;:true,&quot;pagination&quot;:true}\">\n<div class=\"swiper-wrapper style-TnvQU\" id=\"swiper-wrapper-2e1e7e4de8ebdba1\" aria-live=\"off\">\n<div class=\"repeater-item swiper-slide swiper-slide-duplicate swiper-slide-duplicate-next style-b7qrY\" data-swiper-slide-index=\"2\" role=\"group\" aria-label=\"3 \/ 3\" id=\"style-b7qrY\">\n<div class=\"slider-content\">\n<h3 class=\"title\">Familiar charts<\/h3>\n<div class=\"content\">\n<p id=\"style-LLz2d\" class=\"style-LLz2d\">Use tools you know like Gantt charts to create schedules with ease and reduce training time.<\/p>\n<\/p><\/div>\n<\/p><\/div>\n<div class=\"image css-filter style-5VNlN\" id=\"style-5VNlN\"><\/div>\n<\/p><\/div>\n<div class=\"repeater-item swiper-slide swiper-slide-prev style-kXisS\" data-swiper-slide-index=\"0\" role=\"group\" aria-label=\"1 \/ 3\" id=\"style-kXisS\">\n<div class=\"slider-content\">\n<h3 class=\"title\">Intuitive baselines<\/h3>\n<div class=\"content\">\n<p>Enable decisionmakers to track and compare actual progress to the original project plan.<\/p>\n<\/p><\/div>\n<\/p><\/div>\n<div class=\"image css-filter style-p6iPx\" id=\"style-p6iPx\"><\/div>\n<\/p><\/div>\n<div class=\"repeater-item swiper-slide swiper-slide-active style-kBHJ1\" data-swiper-slide-index=\"1\" role=\"group\" aria-label=\"2 \/ 3\" id=\"style-kBHJ1\">\n<div class=\"slider-content\">\n<h3 class=\"title\">Pre-built templates<\/h3>\n<div class=\"content\">\n<p>Easily get started using one of the many pre-built templates available in Project Professional.<\/p>\n<\/p><\/div>\n<\/p><\/div>\n<div class=\"image css-filter style-3QxCg\" id=\"style-3QxCg\"><\/div>\n<\/p><\/div>\n<div class=\"repeater-item swiper-slide swiper-slide-next style-SsPKJ\" data-swiper-slide-index=\"2\" role=\"group\" aria-label=\"3 \/ 3\" id=\"style-SsPKJ\">\n<div class=\"slider-content\">\n<h3 class=\"title\">Familiar charts<\/h3>\n<div class=\"content\">\n<p id=\"style-VeNor\" class=\"style-VeNor\">Use tools you know like Gantt charts to create schedules with ease and reduce training time.<\/p>\n<\/p><\/div>\n<\/p><\/div>\n<div class=\"image css-filter style-X5Dsy\" id=\"style-X5Dsy\"><\/div>\n<\/p><\/div>\n<div class=\"repeater-item swiper-slide swiper-slide-duplicate swiper-slide-duplicate-prev style-94dcC\" data-swiper-slide-index=\"0\" role=\"group\" aria-label=\"1 \/ 3\" id=\"style-94dcC\">\n<div class=\"slider-content\">\n<h3 class=\"title\">Intuitive baselines<\/h3>\n<div class=\"content\">\n<p>Enable decisionmakers to track and compare actual progress to the original project plan.<\/p>\n<\/p><\/div>\n<\/p><\/div>\n<div class=\"image css-filter style-ES65M\" id=\"style-ES65M\"><\/div>\n<\/p><\/div>\n<\/p><\/div>\n<p><span class=\"swiper-notification\" aria-live=\"assertive\" aria-atomic=\"true\"><\/span>\n        <\/div>\n<div class=\"swiper-pagination swiper-pagination-clickable swiper-pagination-bullets swiper-pagination-horizontal\"><span class=\"swiper-pagination-bullet\" tabindex=\"0\" role=\"button\" aria-label=\"Go to slide 1\"><\/span><span class=\"swiper-pagination-bullet swiper-pagination-bullet-active\" tabindex=\"0\" role=\"button\" aria-label=\"Go to slide 2\" aria-current=\"true\"><\/span><span class=\"swiper-pagination-bullet\" tabindex=\"0\" role=\"button\" aria-label=\"Go to slide 3\"><\/span><\/div>\n<div class=\"swiper-button bricks-swiper-button-prev\" tabindex=\"0\" role=\"button\" aria-label=\"Previous slide\" aria-controls=\"swiper-wrapper-2e1e7e4de8ebdba1\"><i class=\"ion-ios-arrow-back\"><\/i><\/div>\n<div class=\"swiper-button bricks-swiper-button-next\" tabindex=\"0\" role=\"button\" aria-label=\"Next slide\" aria-controls=\"swiper-wrapper-2e1e7e4de8ebdba1\"><i class=\"ion-ios-arrow-forward\"><\/i><\/div>\n<\/p><\/div>\n<h2 class=\"brxe-heading\">Additional benefits<\/h2>\n<div id=\"brxe-xlpdiz\" class=\"brxe-block brx-grid\">\n<div id=\"brxe-acihje\" class=\"brxe-block brx-grid\"><i id=\"brxe-poaszo\" class=\"brxe-icon ti-pencil-alt\"><\/i><\/p>\n<div class=\"brxe-block\">\n<h3 id=\"brxe-jhlqwg\" class=\"brxe-heading\">Informative reports<\/h3>\n<div class=\"brxe-text-basic\">Built-in reports like Burndown and Resource Overview provide insights to stakeholders to achieve better results.<\/div>\n<\/p><\/div>\n<\/p><\/div>\n<div id=\"brxe-jbyrsm\" class=\"brxe-block brx-grid\"><i id=\"brxe-syqcwb\" class=\"brxe-icon fas fa-business-time\"><\/i><\/p>\n<div class=\"brxe-block\">\n<h3 id=\"brxe-soppmr\" class=\"brxe-heading\">Timesheets<\/h3>\n<div class=\"brxe-text-basic\">Submit timesheets to capture time spent on project and non-project work for payroll, invoicing, and more.<\/div>\n<\/p><\/div>\n<\/p><\/div>\n<div id=\"brxe-jpjrpd\" class=\"brxe-block brx-grid\"><i id=\"brxe-nrkvbu\" class=\"brxe-icon ti-bar-chart\"><\/i><\/p>\n<div class=\"brxe-block\">\n<h3 id=\"brxe-bdffvv\" class=\"brxe-heading\">Visualize relationships<\/h3>\n<div class=\"brxe-text-basic\">Task path highlighting in Gantt charts gives you visibility to the relationships between tasks.<\/div>\n<\/p><\/div>\n<\/p><\/div>\n<div id=\"brxe-zgubbk\" class=\"brxe-block brx-grid\"><i id=\"brxe-cqqhdy\" class=\"brxe-icon ion-ios-people\"><\/i><\/p>\n<div class=\"brxe-block\">\n<h3 id=\"brxe-vlczkw\" class=\"brxe-heading\">Collaboration<\/h3>\n<div class=\"brxe-text-basic\">Hover over team members\u2019 names in a project plan to see online presence and start chats or calls through Microsoft Teams for Business (licensed separately).<\/div>\n<\/p><\/div>\n<\/p><\/div>\n<\/p><\/div>\n<\/div>","protected":false},"excerpt":{"rendered":"<details >\n<summary>Tempi di consegna<\/summary>\n<div class=\"cg-accordion-item\">\nIl prodotto verr\u00e0 consegnato in formato digitale, quindi riceverai una copia digitale anzich\u00e9 un prodotto fisico. Il tempo di consegna stimato \u00e8 di 5 minuti, il che significa che la consegna \u00e8 prevista entro 5 minuti dall&#039;acquisto.\n<\/div>\n<\/details>\n<details >\n<summary>Utilizzo dei dispositivi<\/summary>\n<div class=\"cg-accordion-item\">\n<p>Il prodotto \u00e8 concesso in licenza per una singola installazione, quindi \u00e8 possibile installarlo su un solo dispositivo. Potrebbe non essere possibile installarlo su pi\u00f9 dispositivi o trasferire la licenza a un altro dispositivo.<\/p>\n<\/div>\n<\/details>\n<details >\n<summary>DISPONIBILIT\u00c0 REGIONALE<\/summary>\n<div class=\"cg-accordion-item\">\n<p>Attivazione mondiale, nessuna restrizione regionale, conformit\u00e0 PCI DSS di livello 1 certificata<\/p>\n<\/div>\n<\/details>","protected":false},"featured_media":7524,"comment_status":"open","ping_status":"closed","template":"","meta":[],"product_brand":[],"product_cat":[59],"product_tag":[57,58],"class_list":{"0":"post-7788","1":"product","2":"type-product","3":"status-publish","4":"has-post-thumbnail","6":"product_cat-project","7":"product_tag-apps","8":"product_tag-project","10":"first","11":"instock","12":"shipping-taxable","13":"purchasable","14":"product-type-simple"},"_links":{"self":[{"href":"https:\/\/www.keysdash.com\/it\/wp-json\/wp\/v2\/product\/7788","targetHints":{"allow":["GET"]}}],"collection":[{"href":"https:\/\/www.keysdash.com\/it\/wp-json\/wp\/v2\/product"}],"about":[{"href":"https:\/\/www.keysdash.com\/it\/wp-json\/wp\/v2\/types\/product"}],"replies":[{"embeddable":true,"href":"https:\/\/www.keysdash.com\/it\/wp-json\/wp\/v2\/comments?post=7788"}],"version-history":[{"count":0,"href":"https:\/\/www.keysdash.com\/it\/wp-json\/wp\/v2\/product\/7788\/revisions"}],"wp:featuredmedia":[{"embeddable":true,"href":"https:\/\/www.keysdash.com\/it\/wp-json\/wp\/v2\/media\/7524"}],"wp:attachment":[{"href":"https:\/\/www.keysdash.com\/it\/wp-json\/wp\/v2\/media?parent=7788"}],"wp:term":[{"taxonomy":"product_brand","embeddable":true,"href":"https:\/\/www.keysdash.com\/it\/wp-json\/wp\/v2\/product_brand?post=7788"},{"taxonomy":"product_cat","embeddable":true,"href":"https:\/\/www.keysdash.com\/it\/wp-json\/wp\/v2\/product_cat?post=7788"},{"taxonomy":"product_tag","embeddable":true,"href":"https:\/\/www.keysdash.com\/it\/wp-json\/wp\/v2\/product_tag?post=7788"}],"curies":[{"name":"wp","href":"https:\/\/api.w.org\/{rel}","templated":true}]}}