{"id":7795,"date":"2025-03-27T01:10:01","date_gmt":"2025-03-27T01:10:01","guid":{"rendered":"https:\/\/www.keysdash.com\/?post_type=product&#038;p=7795"},"modified":"2025-03-27T01:10:03","modified_gmt":"2025-03-27T01:10:03","slug":"microsoft-visio-standard-2021","status":"publish","type":"product","link":"https:\/\/www.keysdash.com\/it\/prodotto\/microsoft-visio-standard-2021\/","title":{"rendered":"Microsoft Visio Standard 2021"},"content":{"rendered":"<h2 id=\"brxe-ioppzk\" class=\"brxe-heading\">Turn complex ideas into clear visuals<\/h2>\n<div id=\"brxe-owuukb\" class=\"brxe-text-basic\">Work as a team to easily create and share data-linked diagrams to bring your ideas to life.<\/div>\n<div id=\"brxe-prflyy\" class=\"brxe-block brx-grid\">\n<div id=\"brxe-jhsmwq\" class=\"brxe-block\"><i id=\"brxe-aupjuy\" class=\"brxe-icon fas fa-shapes\"><br \/>\n<\/i><\/p>\n<h3 id=\"brxe-nyzixs\" class=\"brxe-heading\">Get started quickly with ready-made templates and thousands of customizable shapes<\/h3>\n<\/div>\n<div id=\"brxe-sqottr\" class=\"brxe-block\"><i id=\"brxe-vhmnjh\" class=\"brxe-icon fas fa-people-arrows-left-right\">\u00a0<\/i><\/div>\n<div id=\"brxe-szlyri\" class=\"brxe-block\"><i id=\"brxe-xigphh\" class=\"brxe-icon fas fa-business-time\">\u00a0<\/i><\/div>\n<\/div>\n<h3 class=\"brxe-heading\">Create and share professional diagrams<\/h3>\n<div id=\"brxe-ekxkrf\" class=\"brxe-slider\" data-script-id=\"ekxkrf\">\n<div class=\"bricks-swiper-container swiper-initialized swiper-horizontal swiper-pointer-events swiper-backface-hidden\" data-script-args=\"{&quot;slidesPerView&quot;:1,&quot;slidesPerGroup&quot;:1,&quot;speed&quot;:300,&quot;effect&quot;:&quot;slide&quot;,&quot;spaceBetween&quot;:0,&quot;initialSlide&quot;:0,&quot;loop&quot;:true,&quot;centeredSlides&quot;:false,&quot;autoplay&quot;:{&quot;delay&quot;:3000,&quot;disableOnInteraction&quot;:false,&quot;pauseOnMouseEnter&quot;:true,&quot;stopOnLastSlide&quot;:false},&quot;navigation&quot;:true,&quot;pagination&quot;:true}\">\n<div id=\"swiper-wrapper-a0f710cac3d98b407\" class=\"swiper-wrapper style-2SJsn\" aria-live=\"off\">\n<div id=\"style-JmbFE\" class=\"repeater-item swiper-slide swiper-slide-duplicate swiper-slide-prev style-JmbFE\" role=\"group\" data-swiper-slide-index=\"2\" aria-label=\"3 \/ 3\">\n<div class=\"slider-content\">\n<h3 class=\"title\">Simple, secure sharing<\/h3>\n<div class=\"content\">\n<div class=\"jet-image-accordion__item active-accordion\">\n<div class=\"jet-image-accordion__content\">\n<div class=\"jet-image-accordion__desc\">\n<div class=\"elementor-element elementor-element-69e9ad3 elementor-widget__width-inherit elementor-widget elementor-widget-jet-image-accordion\" data-id=\"69e9ad3\" data-element_type=\"widget\" data-widget_type=\"jet-image-accordion.default\">\n<div class=\"elementor-widget-container\">\n<div class=\"elementor-jet-image-accordion jet-tabs-addons\">\n<div class=\"jet-image-accordion jet-image-accordion-vertical-orientation jet-image-accordion-sine-ease\" data-settings=\"{&quot;orientation&quot;:&quot;vertical&quot;,&quot;activeSize&quot;:{&quot;unit&quot;:&quot;%&quot;,&quot;size&quot;:80,&quot;sizes&quot;:[]},&quot;duration&quot;:500,&quot;activeItem&quot;:-1}\">\n<div class=\"jet-image-accordion__list\">\n<div class=\"jet-image-accordion__item active-accordion\">\n<div class=\"jet-image-accordion__content\">\n<div class=\"jet-image-accordion__desc\">Share your diagrams from secure online repositories, like OneDrive for Business and SharePoint (sold separately).<\/div>\n<\/div>\n<\/div>\n<\/div>\n<\/div>\n<\/div>\n<\/div>\n<\/div>\n<\/div>\n<\/div>\n<\/div>\n<div class=\"jet-image-accordion__item\"><\/div>\n<\/div>\n<\/div>\n<div id=\"style-1vO6z\" class=\"image css-filter style-1vO6z\"><\/div>\n<\/div>\n<div id=\"style-y7Ajh\" class=\"repeater-item swiper-slide swiper-slide-active style-y7Ajh\" role=\"group\" data-swiper-slide-index=\"0\" aria-label=\"1 \/ 3\">\n<div class=\"slider-content\">\n<h3 class=\"title\">Supports industry standards<\/h3>\n<div class=\"content\">\n<div class=\"jet-image-accordion__item active-accordion\">\n<div class=\"jet-image-accordion__content\">\n<div class=\"jet-image-accordion__desc\">Visio\u2019s huge shape library supports Unified Modeling Language (UML) 2.5, Business Process Model and Notation (BPMN) 2.0, and Specification and Description Language (SDL).<\/div>\n<\/div>\n<\/div>\n<div class=\"jet-image-accordion__item\"><\/div>\n<\/div>\n<\/div>\n<div id=\"style-SDQoC\" class=\"image css-filter style-SDQoC\"><\/div>\n<\/div>\n<div id=\"style-pnnRe\" class=\"repeater-item swiper-slide swiper-slide-next style-pnnRe\" role=\"group\" data-swiper-slide-index=\"1\" aria-label=\"2 \/ 3\">\n<div class=\"slider-content\">\n<h3 class=\"title\">Easy data linking<\/h3>\n<div class=\"content\">\n<div class=\"jet-image-accordion__item active-accordion\">\n<div class=\"jet-image-accordion__content\">\n<div class=\"jet-image-accordion__desc\">Connect your Visio shapes and diagrams to data from common internal and external sources. Insert data graphics or use formatting to reflect changes in the underlying data in your diagram.<\/div>\n<\/div>\n<\/div>\n<div class=\"jet-image-accordion__item\"><\/div>\n<\/div>\n<\/div>\n<div id=\"style-AhB3M\" class=\"image css-filter style-AhB3M\"><\/div>\n<\/div>\n<div id=\"style-h2Vx7\" class=\"repeater-item swiper-slide swiper-slide-duplicate-prev style-h2Vx7\" role=\"group\" data-swiper-slide-index=\"2\" aria-label=\"3 \/ 3\">\n<div class=\"slider-content\">\n<div class=\"content\">\n<div class=\"jet-image-accordion__item active-accordion\">\n<div class=\"jet-image-accordion__content\">\n<div class=\"jet-image-accordion__desc\">\n<div class=\"elementor-element elementor-element-69e9ad3 elementor-widget__width-inherit elementor-widget elementor-widget-jet-image-accordion\" data-id=\"69e9ad3\" data-element_type=\"widget\" data-widget_type=\"jet-image-accordion.default\">\n<div class=\"elementor-widget-container\">\n<div class=\"elementor-jet-image-accordion jet-tabs-addons\">\n<div class=\"jet-image-accordion jet-image-accordion-vertical-orientation jet-image-accordion-sine-ease\" data-settings=\"{&quot;orientation&quot;:&quot;vertical&quot;,&quot;activeSize&quot;:{&quot;unit&quot;:&quot;%&quot;,&quot;size&quot;:80,&quot;sizes&quot;:[]},&quot;duration&quot;:500,&quot;activeItem&quot;:-1}\">\n<div class=\"jet-image-accordion__list\">\n<div class=\"jet-image-accordion__item active-accordion\">\n<div class=\"jet-image-accordion__content\"><\/div>\n<\/div>\n<\/div>\n<\/div>\n<\/div>\n<\/div>\n<\/div>\n<\/div>\n<\/div>\n<\/div>\n<div class=\"jet-image-accordion__item\"><\/div>\n<\/div>\n<\/div>\n<div id=\"style-iFGTJ\" class=\"image css-filter style-iFGTJ\"><\/div>\n<\/div>\n<div id=\"style-RtC3p\" class=\"repeater-item swiper-slide swiper-slide-duplicate style-RtC3p\" role=\"group\" data-swiper-slide-index=\"0\" aria-label=\"1 \/ 3\">\n<div class=\"slider-content\">\n<h3 class=\"title\">Supports industry standards<\/h3>\n<div class=\"content\">\n<div class=\"jet-image-accordion__item active-accordion\">\n<div class=\"jet-image-accordion__content\">\n<div class=\"jet-image-accordion__desc\">Visio\u2019s huge shape library supports Unified Modeling Language (UML) 2.5, Business Process Model and Notation (BPMN) 2.0, and Specification and Description Language (SDL).<\/div>\n<\/div>\n<\/div>\n<div class=\"jet-image-accordion__item\"><\/div>\n<\/div>\n<\/div>\n<div id=\"style-ewSsi\" class=\"image css-filter style-ewSsi\"><\/div>\n<\/div>\n<\/div>\n<p><span class=\"swiper-notification\" aria-live=\"assertive\" aria-atomic=\"true\">\u00a0<\/span><\/p>\n<\/div>\n<div class=\"swiper-pagination swiper-pagination-clickable swiper-pagination-bullets swiper-pagination-horizontal\"><span class=\"swiper-pagination-bullet swiper-pagination-bullet-active\" tabindex=\"0\" role=\"button\" aria-label=\"Go to slide 1\" aria-current=\"true\"><br \/>\n<\/span><br \/>\n<span class=\"swiper-pagination-bullet\" tabindex=\"0\" role=\"button\" aria-label=\"Go to slide 2\"><br \/>\n<\/span><br \/>\n<span class=\"swiper-pagination-bullet\" tabindex=\"0\" role=\"button\" aria-label=\"Go to slide 3\"><br \/>\n<\/span><\/div>\n<div class=\"swiper-button bricks-swiper-button-prev\" tabindex=\"0\" role=\"button\" aria-label=\"Previous slide\" aria-controls=\"swiper-wrapper-a0f710cac3d98b407\"><i class=\"ion-ios-arrow-back\">\u00a0<\/i><\/div>\n<div class=\"swiper-button bricks-swiper-button-next\" tabindex=\"0\" role=\"button\" aria-label=\"Next slide\" aria-controls=\"swiper-wrapper-a0f710cac3d98b407\"><i class=\"ion-ios-arrow-forward\">\u00a0<\/i><\/div>\n<\/div>\n<h2 class=\"brxe-heading\">Additional benefits<\/h2>\n<div id=\"brxe-evznet\" class=\"brxe-block brx-grid\">\n<div id=\"brxe-ovsmnu\" class=\"brxe-block brx-grid\"><i id=\"brxe-ocshqs\" class=\"brxe-icon fab fa-firstdraft\"><br \/>\n<\/i><\/p>\n<div class=\"brxe-block\">\n<h3 id=\"brxe-rvcfte\" class=\"brxe-heading\">Flexible editing<\/h3>\n<div class=\"brxe-text-basic\">Change shapes in existing diagrams without losing your layout and shape connections, making it simple to adjust the look of your diagram without losing the work you\u2019ve already done.<\/div>\n<\/div>\n<\/div>\n<div id=\"brxe-jbuqkg\" class=\"brxe-block brx-grid\"><i id=\"brxe-mqvcwx\" class=\"brxe-icon fas fa-database\"><br \/>\n<\/i><\/p>\n<div class=\"brxe-block\">\n<h3 id=\"brxe-sbkrpo\" class=\"brxe-heading\">Supports multiple data sources<\/h3>\n<div class=\"brxe-text-basic\">Visio supports Microsoft Excel workbooks, Microsoft Access databases, Microsoft SharePoint Foundation lists, Microsoft SQL Server databases, Microsoft Exchange Server directories, Azure Active Directory information, and other OLEDB or ODBC data sources.<\/div>\n<\/div>\n<\/div>\n<div id=\"brxe-gufrxe\" class=\"brxe-block brx-grid\"><i id=\"brxe-nckfkd\" class=\"brxe-icon fas fa-floppy-disk\"><br \/>\n<\/i><\/p>\n<div class=\"brxe-block\">\n<h3 id=\"brxe-eddhkt\" class=\"brxe-heading\">Real-time presence indicators<\/h3>\n<div class=\"brxe-text-basic\">See where co-authors are working in the canvas with a simple presence indicator for files saved in the cloud.<\/div>\n<\/div>\n<\/div>\n<div id=\"brxe-xhyunm\" class=\"brxe-block brx-grid\"><i id=\"brxe-qyhsmy\" class=\"brxe-icon fas fa-chart-line\"><br \/>\n<\/i><\/p>\n<div class=\"brxe-block\">\n<h3 id=\"brxe-tebjue\" class=\"brxe-heading\">Data-driven diagramming<\/h3>\n<div class=\"brxe-text-basic\">Automatically generate org charts from data sources like Excel, Exchange, or Azure Active Directory.<\/div>\n<\/div>\n<\/div>\n<div id=\"brxe-kwbjkl\" class=\"brxe-block brx-grid\"><i id=\"brxe-ybgxkw\" class=\"brxe-icon fas fa-people-arrows-left-right\"><br \/>\n<\/i><\/p>\n<div class=\"brxe-block\">\n<h3 id=\"brxe-oyqhuv\" class=\"brxe-heading\">Simultaneous teamwork<\/h3>\n<div class=\"brxe-text-basic\">See who\u2019s working on which part of the diagram, get notifications about changes, and choose when to merge those changes into the master file.<\/div>\n<\/div>\n<\/div>\n<div id=\"brxe-xlfyru\" class=\"brxe-block brx-grid\"><i id=\"brxe-uxjozz\" class=\"brxe-icon fab fa-autoprefixer\"><br \/>\n<\/i><\/p>\n<div class=\"brxe-block\">\n<h3 id=\"brxe-xaenrm\" class=\"brxe-heading\">AutoCAD support<\/h3>\n<div class=\"brxe-text-basic\">Ability to import DWG files, including enhanced file format support.<\/div>\n<\/div>\n<\/div>\n<\/div>","protected":false},"excerpt":{"rendered":"<details >\n<summary>Tempi di consegna<\/summary>\n<div class=\"cg-accordion-item\">\nIl prodotto verr\u00e0 consegnato in formato digitale, quindi riceverai una copia digitale anzich\u00e9 un prodotto fisico. Il tempo di consegna stimato \u00e8 di 5 minuti, il che significa che la consegna \u00e8 prevista entro 5 minuti dall&#039;acquisto.\n<\/div>\n<\/details>\n<details >\n<summary>Utilizzo dei dispositivi<\/summary>\n<div class=\"cg-accordion-item\">\n<p>Il prodotto \u00e8 concesso in licenza per una singola installazione, quindi \u00e8 possibile installarlo su un solo dispositivo. Potrebbe non essere possibile installarlo su pi\u00f9 dispositivi o trasferire la licenza a un altro dispositivo.<\/p>\n<\/div>\n<\/details>\n<details >\n<summary>DISPONIBILIT\u00c0 REGIONALE<\/summary>\n<div class=\"cg-accordion-item\">\n<p>Attivazione mondiale, nessuna restrizione regionale, conformit\u00e0 PCI DSS di livello 1 certificata<\/p>\n<\/div>\n<\/details>","protected":false},"featured_media":7562,"comment_status":"open","ping_status":"closed","template":"","meta":[],"product_brand":[],"product_cat":[60],"product_tag":[57,61],"class_list":{"0":"post-7795","1":"product","2":"type-product","3":"status-publish","4":"has-post-thumbnail","6":"product_cat-visio","7":"product_tag-apps","8":"product_tag-visio","10":"first","11":"instock","12":"shipping-taxable","13":"purchasable","14":"product-type-simple"},"_links":{"self":[{"href":"https:\/\/www.keysdash.com\/it\/wp-json\/wp\/v2\/product\/7795","targetHints":{"allow":["GET"]}}],"collection":[{"href":"https:\/\/www.keysdash.com\/it\/wp-json\/wp\/v2\/product"}],"about":[{"href":"https:\/\/www.keysdash.com\/it\/wp-json\/wp\/v2\/types\/product"}],"replies":[{"embeddable":true,"href":"https:\/\/www.keysdash.com\/it\/wp-json\/wp\/v2\/comments?post=7795"}],"version-history":[{"count":0,"href":"https:\/\/www.keysdash.com\/it\/wp-json\/wp\/v2\/product\/7795\/revisions"}],"wp:featuredmedia":[{"embeddable":true,"href":"https:\/\/www.keysdash.com\/it\/wp-json\/wp\/v2\/media\/7562"}],"wp:attachment":[{"href":"https:\/\/www.keysdash.com\/it\/wp-json\/wp\/v2\/media?parent=7795"}],"wp:term":[{"taxonomy":"product_brand","embeddable":true,"href":"https:\/\/www.keysdash.com\/it\/wp-json\/wp\/v2\/product_brand?post=7795"},{"taxonomy":"product_cat","embeddable":true,"href":"https:\/\/www.keysdash.com\/it\/wp-json\/wp\/v2\/product_cat?post=7795"},{"taxonomy":"product_tag","embeddable":true,"href":"https:\/\/www.keysdash.com\/it\/wp-json\/wp\/v2\/product_tag?post=7795"}],"curies":[{"name":"wp","href":"https:\/\/api.w.org\/{rel}","templated":true}]}}