{"id":7801,"date":"2025-03-27T01:10:02","date_gmt":"2025-03-27T01:10:02","guid":{"rendered":"https:\/\/www.keysdash.com\/?post_type=product&#038;p=7801"},"modified":"2025-03-27T01:10:04","modified_gmt":"2025-03-27T01:10:04","slug":"auslogics-disk-defrag-ultimate-4-3-pc","status":"publish","type":"product","link":"https:\/\/www.keysdash.com\/it\/prodotto\/auslogics-disk-defrag-ultimate-4-3-pc\/","title":{"rendered":"Auslogics Disk Defrag Ultimate 4 \u2013 3 PC"},"content":{"rendered":"<div class=\"b-works__text b-works__text-long b-works__text-right\">\n<div class=\"b-woks__description b-woks__description_solution\">Disk Defrag Ultimate consente di deframmentare i file inaccessibili durante il funzionamento del sistema e di ottimizzarne il posizionamento sul disco rigido per garantire un accesso pi\u00f9 rapido e un funzionamento pi\u00f9 efficiente. Le diverse opzioni di pianificazione consentono di mantenere facilmente una velocit\u00e0 dell&#039;HDD costantemente elevata.<\/div>\n<\/div>","protected":false},"excerpt":{"rendered":"<details >\n<summary>TEMPI DI CONSEGNA<\/summary>\n<div class=\"cg-accordion-item\"> Il prodotto verr\u00e0 consegnato in formato digitale, quindi riceverai una copia digitale anzich\u00e9 un prodotto fisico. Il tempo di consegna stimato \u00e8 di 5 minuti, il che significa che la consegna \u00e8 prevista entro 5 minuti dall&#039;acquisto. <\/div>\n<\/details>\n<details >\n<summary>Utilizzo dei dispositivi<\/summary>\n<div class=\"cg-accordion-item\"> Il prodotto \u00e8 concesso in licenza per una singola installazione, quindi \u00e8 possibile installarlo su un solo dispositivo. Potrebbe non essere possibile installarlo su pi\u00f9 dispositivi o trasferire la licenza a un altro dispositivo. <\/div>\n<\/details>\n<details >\n<summary>DISPONIBILIT\u00c0 REGIONALE<\/summary>\n<div class=\"cg-accordion-item\"> Attivazione mondiale, nessuna restrizione regionale, conformit\u00e0 PCI DSS di livello 1 certificata <\/div>\n<\/details>","protected":false},"featured_media":7675,"comment_status":"closed","ping_status":"closed","template":"","meta":[],"product_brand":[],"product_cat":[63],"product_tag":[],"class_list":{"0":"post-7801","1":"product","2":"type-product","3":"status-publish","4":"has-post-thumbnail","6":"product_cat-auslogics","8":"first","9":"instock","10":"shipping-taxable","11":"purchasable","12":"product-type-simple"},"_links":{"self":[{"href":"https:\/\/www.keysdash.com\/it\/wp-json\/wp\/v2\/product\/7801","targetHints":{"allow":["GET"]}}],"collection":[{"href":"https:\/\/www.keysdash.com\/it\/wp-json\/wp\/v2\/product"}],"about":[{"href":"https:\/\/www.keysdash.com\/it\/wp-json\/wp\/v2\/types\/product"}],"replies":[{"embeddable":true,"href":"https:\/\/www.keysdash.com\/it\/wp-json\/wp\/v2\/comments?post=7801"}],"version-history":[{"count":0,"href":"https:\/\/www.keysdash.com\/it\/wp-json\/wp\/v2\/product\/7801\/revisions"}],"wp:featuredmedia":[{"embeddable":true,"href":"https:\/\/www.keysdash.com\/it\/wp-json\/wp\/v2\/media\/7675"}],"wp:attachment":[{"href":"https:\/\/www.keysdash.com\/it\/wp-json\/wp\/v2\/media?parent=7801"}],"wp:term":[{"taxonomy":"product_brand","embeddable":true,"href":"https:\/\/www.keysdash.com\/it\/wp-json\/wp\/v2\/product_brand?post=7801"},{"taxonomy":"product_cat","embeddable":true,"href":"https:\/\/www.keysdash.com\/it\/wp-json\/wp\/v2\/product_cat?post=7801"},{"taxonomy":"product_tag","embeddable":true,"href":"https:\/\/www.keysdash.com\/it\/wp-json\/wp\/v2\/product_tag?post=7801"}],"curies":[{"name":"wp","href":"https:\/\/api.w.org\/{rel}","templated":true}]}}