{"id":7802,"date":"2025-03-27T01:10:02","date_gmt":"2025-03-27T01:10:02","guid":{"rendered":"https:\/\/www.keysdash.com\/?post_type=product&#038;p=7802"},"modified":"2025-03-27T01:10:04","modified_gmt":"2025-03-27T01:10:04","slug":"auslogics-anti-malware-3-pc","status":"publish","type":"product","link":"https:\/\/www.keysdash.com\/it\/prodotto\/auslogics-anti-malware-3-pc\/","title":{"rendered":"Auslogics Anti-Malware \u2013 3 PC"},"content":{"rendered":"<p>Rileva malware, spyware e virus e li rimuove in modo sicuro dal PC per mantenerlo il pi\u00f9 sicuro possibile. Il programma \u00e8 progettato per integrare il tuo antivirus principale.<\/p>","protected":false},"excerpt":{"rendered":"<details >\n<summary>TEMPI DI CONSEGNA<\/summary>\n<div class=\"cg-accordion-item\">\n<p>Il prodotto verr\u00e0 consegnato in formato digitale, quindi riceverai una copia digitale anzich\u00e9 un prodotto fisico. Il tempo di consegna stimato \u00e8 di 5 minuti, il che significa che la consegna \u00e8 prevista entro 5 minuti dall&#039;acquisto.<\/p>\n<\/div>\n<\/details>\n<details >\n<summary>Utilizzo dei dispositivi<\/summary>\n<div class=\"cg-accordion-item\">\n<p>Il prodotto \u00e8 concesso in licenza per una singola installazione, quindi \u00e8 possibile installarlo su un solo dispositivo. Potrebbe non essere possibile installarlo su pi\u00f9 dispositivi o trasferire la licenza a un altro dispositivo.<\/p>\n<\/div>\n<\/details>\n<details >\n<summary>DISPONIBILIT\u00c0 REGIONALE<\/summary>\n<div class=\"cg-accordion-item\">\n<p>Attivazione mondiale, nessuna restrizione regionale, conformit\u00e0 PCI DSS di livello 1 certificata<\/p>\n<\/div>\n<\/details>","protected":false},"featured_media":7682,"comment_status":"closed","ping_status":"closed","template":"","meta":[],"product_brand":[],"product_cat":[63],"product_tag":[],"class_list":{"0":"post-7802","1":"product","2":"type-product","3":"status-publish","4":"has-post-thumbnail","6":"product_cat-auslogics","8":"first","9":"instock","10":"shipping-taxable","11":"purchasable","12":"product-type-simple"},"_links":{"self":[{"href":"https:\/\/www.keysdash.com\/it\/wp-json\/wp\/v2\/product\/7802","targetHints":{"allow":["GET"]}}],"collection":[{"href":"https:\/\/www.keysdash.com\/it\/wp-json\/wp\/v2\/product"}],"about":[{"href":"https:\/\/www.keysdash.com\/it\/wp-json\/wp\/v2\/types\/product"}],"replies":[{"embeddable":true,"href":"https:\/\/www.keysdash.com\/it\/wp-json\/wp\/v2\/comments?post=7802"}],"version-history":[{"count":0,"href":"https:\/\/www.keysdash.com\/it\/wp-json\/wp\/v2\/product\/7802\/revisions"}],"wp:featuredmedia":[{"embeddable":true,"href":"https:\/\/www.keysdash.com\/it\/wp-json\/wp\/v2\/media\/7682"}],"wp:attachment":[{"href":"https:\/\/www.keysdash.com\/it\/wp-json\/wp\/v2\/media?parent=7802"}],"wp:term":[{"taxonomy":"product_brand","embeddable":true,"href":"https:\/\/www.keysdash.com\/it\/wp-json\/wp\/v2\/product_brand?post=7802"},{"taxonomy":"product_cat","embeddable":true,"href":"https:\/\/www.keysdash.com\/it\/wp-json\/wp\/v2\/product_cat?post=7802"},{"taxonomy":"product_tag","embeddable":true,"href":"https:\/\/www.keysdash.com\/it\/wp-json\/wp\/v2\/product_tag?post=7802"}],"curies":[{"name":"wp","href":"https:\/\/api.w.org\/{rel}","templated":true}]}}